{"id":17077,"date":"2023-09-08T14:46:55","date_gmt":"2023-09-08T11:46:55","guid":{"rendered":"https:\/\/gulmangroup.com\/?page_id=17077"},"modified":"2026-04-13T09:51:43","modified_gmt":"2026-04-13T06:51:43","slug":"degerlerimiz","status":"publish","type":"page","link":"https:\/\/gulmangroup.com\/fr\/degerlerimiz\/","title":{"rendered":"Nos Valeurs"},"content":{"rendered":"<div data-elementor-type=\"wp-page\" data-elementor-id=\"17077\" class=\"elementor elementor-17077\" data-elementor-post-type=\"page\">\n\t\t\t\t\t\t<section class=\"elementor-section elementor-top-section elementor-element elementor-element-1d067af elementor-section-boxed elementor-section-height-default elementor-section-height-default\" data-id=\"1d067af\" data-element_type=\"section\" data-e-type=\"section\">\n\t\t\t\t\t\t<div class=\"elementor-container elementor-column-gap-default\">\n\t\t\t\t\t<div class=\"elementor-column elementor-col-100 elementor-top-column elementor-element elementor-element-19a62af7\" data-id=\"19a62af7\" data-element_type=\"column\" data-e-type=\"column\" data-settings=\"{&quot;background_background&quot;:&quot;classic&quot;}\">\n\t\t\t<div class=\"elementor-widget-wrap elementor-element-populated\">\n\t\t\t\t\t\t<div class=\"elementor-element elementor-element-71fb5730 elementor-widget elementor-widget-heading\" data-id=\"71fb5730\" data-element_type=\"widget\" data-e-type=\"widget\" data-widget_type=\"heading.default\">\n\t\t\t\t<div class=\"elementor-widget-container\">\n\t\t\t\t\t<h1 class=\"elementor-heading-title elementor-size-default\">Nos Valeurs<\/h1>\t\t\t\t<\/div>\n\t\t\t\t<\/div>\n\t\t\t\t<div class=\"elementor-element elementor-element-1973007b elementor-widget-divider--view-line elementor-widget elementor-widget-divider\" data-id=\"1973007b\" data-element_type=\"widget\" data-e-type=\"widget\" data-widget_type=\"divider.default\">\n\t\t\t\t<div class=\"elementor-widget-container\">\n\t\t\t\t\t\t\t<div class=\"elementor-divider\">\n\t\t\t<span class=\"elementor-divider-separator\">\n\t\t\t\t\t\t<\/span>\n\t\t<\/div>\n\t\t\t\t\t\t<\/div>\n\t\t\t\t<\/div>\n\t\t\t\t\t<\/div>\n\t\t<\/div>\n\t\t\t\t\t<\/div>\n\t\t<\/section>\n\t\t\t\t<section class=\"elementor-section elementor-top-section elementor-element elementor-element-651000f elementor-section-boxed elementor-section-height-default elementor-section-height-default\" data-id=\"651000f\" data-element_type=\"section\" data-e-type=\"section\">\n\t\t\t\t\t\t<div class=\"elementor-container elementor-column-gap-default\">\n\t\t\t\t\t<div class=\"elementor-column elementor-col-33 elementor-top-column elementor-element elementor-element-5f4bc09d\" data-id=\"5f4bc09d\" data-element_type=\"column\" data-e-type=\"column\" data-settings=\"{&quot;background_background&quot;:&quot;classic&quot;}\">\n\t\t\t<div class=\"elementor-widget-wrap elementor-element-populated\">\n\t\t\t\t\t\t<div class=\"elementor-element elementor-element-29cad3f3 elementor-widget elementor-widget-image\" data-id=\"29cad3f3\" data-element_type=\"widget\" data-e-type=\"widget\" data-widget_type=\"image.default\">\n\t\t\t\t<div class=\"elementor-widget-container\">\n\t\t\t\t\t\t\t\t\t\t\t\t\t\t\t<img decoding=\"async\" width=\"101\" height=\"101\" src=\"https:\/\/gulmangroup.com\/wp-content\/uploads\/2023\/09\/adanmislik-icon.png\" class=\"attachment-full size-full wp-image-16974\" alt=\"G\u00fclman Group, heyecan duydu\u011fu her projeye ayn\u0131 adanm\u0131\u015fl\u0131kla yakla\u015f\u0131r; her i\u015fi ilk g\u00fcnk\u00fc sorumluluk ve titizlikle ele al\u0131r.\" \/>\t\t\t\t\t\t\t\t\t\t\t\t\t\t\t<\/div>\n\t\t\t\t<\/div>\n\t\t\t\t<div class=\"elementor-element elementor-element-5eb8d3bf elementor-widget elementor-widget-heading\" data-id=\"5eb8d3bf\" data-element_type=\"widget\" data-e-type=\"widget\" data-widget_type=\"heading.default\">\n\t\t\t\t<div class=\"elementor-widget-container\">\n\t\t\t\t\t<h2 class=\"elementor-heading-title elementor-size-default\">Notre Vision<\/h2>\t\t\t\t<\/div>\n\t\t\t\t<\/div>\n\t\t\t\t\t<\/div>\n\t\t<\/div>\n\t\t\t\t<div class=\"elementor-column elementor-col-66 elementor-top-column elementor-element elementor-element-510afc64\" data-id=\"510afc64\" data-element_type=\"column\" data-e-type=\"column\" data-settings=\"{&quot;background_background&quot;:&quot;classic&quot;}\">\n\t\t\t<div class=\"elementor-widget-wrap elementor-element-populated\">\n\t\t\t\t\t\t<div class=\"elementor-element elementor-element-a935d5c elementor-widget elementor-widget-text-editor\" data-id=\"a935d5c\" data-element_type=\"widget\" data-e-type=\"widget\" data-widget_type=\"text-editor.default\">\n\t\t\t\t<div class=\"elementor-widget-container\">\n\t\t\t\t\t\t\t\t\t<p>\u00catre la plateforme d'investissement la plus fiable, cr\u00e9ant de la valeur transfrontali\u00e8re en combinant capitaux, technologies innovantes et responsabilit\u00e9 environnementale, et en offrant des solutions r\u00e9pondant non seulement aux besoins d'aujourd'hui, mais aussi \u00e0 ceux de demain.<\/p>\t\t\t\t\t\t\t\t<\/div>\n\t\t\t\t<\/div>\n\t\t\t\t\t<\/div>\n\t\t<\/div>\n\t\t\t\t\t<\/div>\n\t\t<\/section>\n\t\t\t\t<section class=\"elementor-section elementor-top-section elementor-element elementor-element-2c54605c elementor-section-boxed elementor-section-height-default elementor-section-height-default\" data-id=\"2c54605c\" data-element_type=\"section\" data-e-type=\"section\" data-settings=\"{&quot;background_background&quot;:&quot;classic&quot;}\">\n\t\t\t\t\t\t<div class=\"elementor-container elementor-column-gap-default\">\n\t\t\t\t\t<div class=\"elementor-column elementor-col-33 elementor-top-column elementor-element elementor-element-60adb8b1\" data-id=\"60adb8b1\" data-element_type=\"column\" data-e-type=\"column\" data-settings=\"{&quot;background_background&quot;:&quot;classic&quot;}\">\n\t\t\t<div class=\"elementor-widget-wrap elementor-element-populated\">\n\t\t\t\t\t\t<div class=\"elementor-element elementor-element-5dedfb3d elementor-widget elementor-widget-image\" data-id=\"5dedfb3d\" data-element_type=\"widget\" data-e-type=\"widget\" data-widget_type=\"image.default\">\n\t\t\t\t<div class=\"elementor-widget-container\">\n\t\t\t\t\t\t\t\t\t\t\t\t\t\t\t<img decoding=\"async\" width=\"101\" height=\"101\" src=\"https:\/\/gulmangroup.com\/wp-content\/uploads\/2023\/09\/ortakfayda-icon-yeni.png\" class=\"attachment-full size-full wp-image-17606\" alt=\"G\u00fclman Group, i\u015f yap\u0131\u015f bi\u00e7iminin merkezine ortak fayday\u0131 koyar; t\u00fcm payda\u015flar\u0131yla birlikte b\u00fcy\u00fcmeyi ve s\u00fcrd\u00fcr\u00fclebilir de\u011fer yaratmay\u0131 hedefler.\" \/>\t\t\t\t\t\t\t\t\t\t\t\t\t\t\t<\/div>\n\t\t\t\t<\/div>\n\t\t\t\t<div class=\"elementor-element elementor-element-7969c9f9 elementor-widget elementor-widget-heading\" data-id=\"7969c9f9\" data-element_type=\"widget\" data-e-type=\"widget\" data-widget_type=\"heading.default\">\n\t\t\t\t<div class=\"elementor-widget-container\">\n\t\t\t\t\t<h2 class=\"elementor-heading-title elementor-size-default\">Misyonumuz<\/h2>\t\t\t\t<\/div>\n\t\t\t\t<\/div>\n\t\t\t\t\t<\/div>\n\t\t<\/div>\n\t\t\t\t<div class=\"elementor-column elementor-col-66 elementor-top-column elementor-element elementor-element-4a177838\" data-id=\"4a177838\" data-element_type=\"column\" data-e-type=\"column\" data-settings=\"{&quot;background_background&quot;:&quot;classic&quot;}\">\n\t\t\t<div class=\"elementor-widget-wrap elementor-element-populated\">\n\t\t\t\t\t\t<div class=\"elementor-element elementor-element-7024ae4d elementor-widget elementor-widget-text-editor\" data-id=\"7024ae4d\" data-element_type=\"widget\" data-e-type=\"widget\" data-widget_type=\"text-editor.default\">\n\t\t\t\t<div class=\"elementor-widget-container\">\n\t\t\t\t\t\t\t\t\t<p>Dans un environnement concurrentiel mondial en constante \u00e9volution, nous nous effor\u00e7ons de renforcer notre position en Turquie et \u00e0 l'\u00e9tranger gr\u00e2ce \u00e0 des investissements diff\u00e9renci\u00e9s, \u00e0 long terme et \u00e0 haut rendement dans nos principaux secteurs d'activit\u00e9 que sont l'immobilier et le capital-risque.<\/p>\t\t\t\t\t\t\t\t<\/div>\n\t\t\t\t<\/div>\n\t\t\t\t\t<\/div>\n\t\t<\/div>\n\t\t\t\t\t<\/div>\n\t\t<\/section>\n\t\t\t\t<section class=\"elementor-section elementor-top-section elementor-element elementor-element-c1b91a8 elementor-hidden-mobile elementor-section-boxed elementor-section-height-default elementor-section-height-default\" data-id=\"c1b91a8\" data-element_type=\"section\" data-e-type=\"section\">\n\t\t\t\t\t\t<div class=\"elementor-container elementor-column-gap-default\">\n\t\t\t\t\t<div class=\"elementor-column elementor-col-33 elementor-top-column elementor-element elementor-element-5bb1dff\" data-id=\"5bb1dff\" data-element_type=\"column\" data-e-type=\"column\" data-settings=\"{&quot;background_background&quot;:&quot;classic&quot;}\">\n\t\t\t<div class=\"elementor-widget-wrap elementor-element-populated\">\n\t\t\t\t\t\t<div class=\"elementor-element elementor-element-1086771 elementor-widget elementor-widget-image\" data-id=\"1086771\" data-element_type=\"widget\" data-e-type=\"widget\" data-widget_type=\"image.default\">\n\t\t\t\t<div class=\"elementor-widget-container\">\n\t\t\t\t\t\t\t\t\t\t\t\t\t\t\t<img decoding=\"async\" width=\"228\" height=\"62\" src=\"https:\/\/gulmangroup.com\/wp-content\/uploads\/2022\/01\/gulman-logo-beyaz.png\" class=\"attachment-full size-full wp-image-15981\" alt=\"G\u00fclman Group, k\u00f6kl\u00fc yat\u0131r\u0131m tecr\u00fcbesiyle gayrimenkul, enerji ve giri\u015fim sermayesi alanlar\u0131nda yenilik\u00e7i ve s\u00fcrd\u00fcr\u00fclebilir \u00e7\u00f6z\u00fcmler sunan \u00e7ok sekt\u00f6rl\u00fc bir yat\u0131r\u0131m grubudur.\" \/>\t\t\t\t\t\t\t\t\t\t\t\t\t\t\t<\/div>\n\t\t\t\t<\/div>\n\t\t\t\t<div class=\"elementor-element elementor-element-90c133b elementor-widget elementor-widget-heading\" data-id=\"90c133b\" data-element_type=\"widget\" data-e-type=\"widget\" data-widget_type=\"heading.default\">\n\t\t\t\t<div class=\"elementor-widget-container\">\n\t\t\t\t\t<h2 class=\"elementor-heading-title elementor-size-default\">Notre Vision<\/h2>\t\t\t\t<\/div>\n\t\t\t\t<\/div>\n\t\t\t\t\t<\/div>\n\t\t<\/div>\n\t\t\t\t<div class=\"elementor-column elementor-col-66 elementor-top-column elementor-element elementor-element-827802e\" data-id=\"827802e\" data-element_type=\"column\" data-e-type=\"column\" data-settings=\"{&quot;background_background&quot;:&quot;classic&quot;}\">\n\t\t\t<div class=\"elementor-widget-wrap elementor-element-populated\">\n\t\t\t\t\t\t<div class=\"elementor-element elementor-element-f488fce elementor-widget elementor-widget-text-editor\" data-id=\"f488fce\" data-element_type=\"widget\" data-e-type=\"widget\" data-widget_type=\"text-editor.default\">\n\t\t\t\t<div class=\"elementor-widget-container\">\n\t\t\t\t\t\t\t\t\t<p><span style=\"color: #ffffff;\">Nous visons \u00e0 accro\u00eetre notre pouvoir tant en Turquie qu'\u00e0 l'\u00e9tranger avec des projets qui font la diff\u00e9rence dans le secteur immobilier, qui est notre domaine d'expertise. De plus, nous avons la vision de d\u00e9velopper notre \u00e9pargne avec des investissements \u00e0 long terme de nouvelle g\u00e9n\u00e9ration tels que les \u00e9nergies renouvelables et le capital-risque.<\/span><\/p>\t\t\t\t\t\t\t\t<\/div>\n\t\t\t\t<\/div>\n\t\t\t\t\t<\/div>\n\t\t<\/div>\n\t\t\t\t\t<\/div>\n\t\t<\/section>\n\t\t\t\t<section class=\"elementor-section elementor-top-section elementor-element elementor-element-aa715f9 elementor-hidden-desktop elementor-hidden-tablet elementor-section-boxed elementor-section-height-default elementor-section-height-default\" data-id=\"aa715f9\" data-element_type=\"section\" data-e-type=\"section\">\n\t\t\t\t\t\t<div class=\"elementor-container elementor-column-gap-default\">\n\t\t\t\t\t<div class=\"elementor-column elementor-col-33 elementor-top-column elementor-element elementor-element-ef6d6b7\" data-id=\"ef6d6b7\" data-element_type=\"column\" data-e-type=\"column\" data-settings=\"{&quot;background_background&quot;:&quot;classic&quot;}\">\n\t\t\t<div class=\"elementor-widget-wrap elementor-element-populated\">\n\t\t\t\t\t\t<div class=\"elementor-element elementor-element-b09f2be elementor-widget elementor-widget-image\" data-id=\"b09f2be\" data-element_type=\"widget\" data-e-type=\"widget\" data-widget_type=\"image.default\">\n\t\t\t\t<div class=\"elementor-widget-container\">\n\t\t\t\t\t\t\t\t\t\t\t\t\t\t\t<img decoding=\"async\" width=\"228\" height=\"62\" src=\"https:\/\/gulmangroup.com\/wp-content\/uploads\/2022\/01\/gulman-logo-beyaz.png\" class=\"attachment-full size-full wp-image-15981\" alt=\"G\u00fclman Group, k\u00f6kl\u00fc yat\u0131r\u0131m tecr\u00fcbesiyle gayrimenkul, enerji ve giri\u015fim sermayesi alanlar\u0131nda yenilik\u00e7i ve s\u00fcrd\u00fcr\u00fclebilir \u00e7\u00f6z\u00fcmler sunan \u00e7ok sekt\u00f6rl\u00fc bir yat\u0131r\u0131m grubudur.\" \/>\t\t\t\t\t\t\t\t\t\t\t\t\t\t\t<\/div>\n\t\t\t\t<\/div>\n\t\t\t\t<div class=\"elementor-element elementor-element-54a4721 elementor-widget elementor-widget-heading\" data-id=\"54a4721\" data-element_type=\"widget\" data-e-type=\"widget\" data-widget_type=\"heading.default\">\n\t\t\t\t<div class=\"elementor-widget-container\">\n\t\t\t\t\t<h2 class=\"elementor-heading-title elementor-size-default\">Notre Vision<\/h2>\t\t\t\t<\/div>\n\t\t\t\t<\/div>\n\t\t\t\t\t<\/div>\n\t\t<\/div>\n\t\t\t\t<div class=\"elementor-column elementor-col-66 elementor-top-column elementor-element elementor-element-e992381\" data-id=\"e992381\" data-element_type=\"column\" data-e-type=\"column\" data-settings=\"{&quot;background_background&quot;:&quot;classic&quot;}\">\n\t\t\t<div class=\"elementor-widget-wrap elementor-element-populated\">\n\t\t\t\t\t\t<div class=\"elementor-element elementor-element-a1edf63 elementor-widget elementor-widget-text-editor\" data-id=\"a1edf63\" data-element_type=\"widget\" data-e-type=\"widget\" data-widget_type=\"text-editor.default\">\n\t\t\t\t<div class=\"elementor-widget-container\">\n\t\t\t\t\t\t\t\t\t<p><span style=\"color: #ffffff;\">Nous visons \u00e0 accro\u00eetre notre pouvoir tant en Turquie qu'\u00e0 l'\u00e9tranger avec des projets qui font la diff\u00e9rence dans le secteur immobilier, qui est notre domaine d'expertise. De plus, nous avons la vision de d\u00e9velopper notre \u00e9pargne avec des investissements \u00e0 long terme de nouvelle g\u00e9n\u00e9ration tels que les \u00e9nergies renouvelables et le capital-risque.<\/span><\/p>\t\t\t\t\t\t\t\t<\/div>\n\t\t\t\t<\/div>\n\t\t\t\t\t<\/div>\n\t\t<\/div>\n\t\t\t\t\t<\/div>\n\t\t<\/section>\n\t\t\t\t<\/div>","protected":false},"excerpt":{"rendered":"<p>DE\u011eERLER\u0130M\u0130Z Vizyonumuz Sermayeyi yenilik\u00e7i teknolojiler ve \u00e7evresel sorumlulukla harmanlayarak, sadece bug\u00fcn\u00fcn de\u011fil yar\u0131n\u0131n ihtiya\u00e7lar\u0131na da \u00e7\u00f6z\u00fcm sunan, s\u0131n\u0131r \u00f6tesi de\u011fer yaratan en g\u00fcvenilir yat\u0131r\u0131m platformu olmak. Misyonumuz H\u0131zla d\u00f6n\u00fc\u015fen k\u00fcresel rekabet ortam\u0131nda ana faaliyet alanlar\u0131m\u0131z olan gayrimenkul ve giri\u015fim sermayesinde fark yaratan, uzun vadede getirisi y\u00fcksek yat\u0131r\u0131mlarla T\u00fcrkiye\u2019nin yan\u0131 s\u0131ra yurtd\u0131\u015f\u0131nda da g\u00fcc\u00fcm\u00fcz\u00fc art\u0131rmak i\u00e7in [&hellip;]<\/p>\n","protected":false},"author":38,"featured_media":0,"parent":0,"menu_order":0,"comment_status":"closed","ping_status":"closed","template":"","meta":{"footnotes":""},"class_list":["post-17077","page","type-page","status-publish","hentry"],"yoast_head":"<!-- This site is optimized with the Yoast SEO plugin v27.5 - https:\/\/yoast.com\/product\/yoast-seo-wordpress\/ -->\n<title>G\u00fclman Group | De\u011ferlerimiz<\/title>\n<meta name=\"description\" content=\"G\u00fclman Group\u2019un adanm\u0131\u015fl\u0131k, ortak fayda ve g\u00fcvene dayal\u0131 kurumsal de\u011ferleri ile gayrimenkul ve giri\u015fim sermayesindeki vizyonu.\" \/>\n<meta name=\"robots\" content=\"index, follow, max-snippet:-1, max-image-preview:large, max-video-preview:-1\" \/>\n<link rel=\"canonical\" href=\"https:\/\/gulmangroup.com\/fr\/degerlerimiz\/\" \/>\n<meta property=\"og:locale\" content=\"fr_FR\" \/>\n<meta property=\"og:type\" content=\"article\" \/>\n<meta property=\"og:title\" content=\"G\u00fclman Group | De\u011ferlerimiz\" \/>\n<meta property=\"og:description\" content=\"G\u00fclman Group\u2019un adanm\u0131\u015fl\u0131k, ortak fayda ve g\u00fcvene dayal\u0131 kurumsal de\u011ferleri ile gayrimenkul ve giri\u015fim sermayesindeki vizyonu.\" \/>\n<meta property=\"og:url\" content=\"https:\/\/gulmangroup.com\/fr\/degerlerimiz\/\" \/>\n<meta property=\"og:site_name\" content=\"G\u00fclman Group\" \/>\n<meta property=\"article:modified_time\" content=\"2026-04-13T06:51:43+00:00\" \/>\n<meta property=\"og:image\" content=\"https:\/\/gulmangroup.com\/wp-content\/uploads\/2023\/09\/adanmislik-icon.png\" \/>\n\t<meta property=\"og:image:width\" content=\"101\" \/>\n\t<meta property=\"og:image:height\" content=\"101\" \/>\n\t<meta property=\"og:image:type\" content=\"image\/png\" \/>\n<meta name=\"twitter:card\" content=\"summary_large_image\" \/>\n<meta name=\"twitter:label1\" content=\"Dur\u00e9e de lecture estim\u00e9e\" \/>\n\t<meta name=\"twitter:data1\" content=\"2 minutes\" \/>\n<script type=\"application\/ld+json\" class=\"yoast-schema-graph\">{\"@context\":\"https:\\\/\\\/schema.org\",\"@graph\":[{\"@type\":\"WebPage\",\"@id\":\"https:\\\/\\\/gulmangroup.com\\\/degerlerimiz\\\/\",\"url\":\"https:\\\/\\\/gulmangroup.com\\\/degerlerimiz\\\/\",\"name\":\"G\u00fclman Group | De\u011ferlerimiz\",\"isPartOf\":{\"@id\":\"https:\\\/\\\/gulmangroup.com\\\/#website\"},\"primaryImageOfPage\":{\"@id\":\"https:\\\/\\\/gulmangroup.com\\\/degerlerimiz\\\/#primaryimage\"},\"image\":{\"@id\":\"https:\\\/\\\/gulmangroup.com\\\/degerlerimiz\\\/#primaryimage\"},\"thumbnailUrl\":\"https:\\\/\\\/gulmangroup.com\\\/wp-content\\\/uploads\\\/2023\\\/09\\\/adanmislik-icon.png\",\"datePublished\":\"2023-09-08T11:46:55+00:00\",\"dateModified\":\"2026-04-13T06:51:43+00:00\",\"description\":\"G\u00fclman Group\u2019un adanm\u0131\u015fl\u0131k, ortak fayda ve g\u00fcvene dayal\u0131 kurumsal de\u011ferleri ile gayrimenkul ve giri\u015fim sermayesindeki vizyonu.\",\"breadcrumb\":{\"@id\":\"https:\\\/\\\/gulmangroup.com\\\/degerlerimiz\\\/#breadcrumb\"},\"inLanguage\":\"fr-FR\",\"potentialAction\":[{\"@type\":\"ReadAction\",\"target\":[\"https:\\\/\\\/gulmangroup.com\\\/degerlerimiz\\\/\"]}]},{\"@type\":\"ImageObject\",\"inLanguage\":\"fr-FR\",\"@id\":\"https:\\\/\\\/gulmangroup.com\\\/degerlerimiz\\\/#primaryimage\",\"url\":\"https:\\\/\\\/gulmangroup.com\\\/wp-content\\\/uploads\\\/2023\\\/09\\\/adanmislik-icon.png\",\"contentUrl\":\"https:\\\/\\\/gulmangroup.com\\\/wp-content\\\/uploads\\\/2023\\\/09\\\/adanmislik-icon.png\"},{\"@type\":\"BreadcrumbList\",\"@id\":\"https:\\\/\\\/gulmangroup.com\\\/degerlerimiz\\\/#breadcrumb\",\"itemListElement\":[{\"@type\":\"ListItem\",\"position\":1,\"name\":\"Ana sayfa\",\"item\":\"https:\\\/\\\/gulmangroup.com\\\/\"},{\"@type\":\"ListItem\",\"position\":2,\"name\":\"De\u011ferlerimiz\"}]},{\"@type\":\"WebSite\",\"@id\":\"https:\\\/\\\/gulmangroup.com\\\/#website\",\"url\":\"https:\\\/\\\/gulmangroup.com\\\/\",\"name\":\"G\u00fclman Group\",\"description\":\"Yar\u0131n i\u00e7in bug\u00fcnden\",\"publisher\":{\"@id\":\"https:\\\/\\\/gulmangroup.com\\\/#organization\"},\"potentialAction\":[{\"@type\":\"SearchAction\",\"target\":{\"@type\":\"EntryPoint\",\"urlTemplate\":\"https:\\\/\\\/gulmangroup.com\\\/?s={search_term_string}\"},\"query-input\":{\"@type\":\"PropertyValueSpecification\",\"valueRequired\":true,\"valueName\":\"search_term_string\"}}],\"inLanguage\":\"fr-FR\"},{\"@type\":\"Organization\",\"@id\":\"https:\\\/\\\/gulmangroup.com\\\/#organization\",\"name\":\"G\u00fclman Group\",\"url\":\"https:\\\/\\\/gulmangroup.com\\\/\",\"logo\":{\"@type\":\"ImageObject\",\"inLanguage\":\"fr-FR\",\"@id\":\"https:\\\/\\\/gulmangroup.com\\\/#\\\/schema\\\/logo\\\/image\\\/\",\"url\":\"https:\\\/\\\/gulmangroup.com\\\/wp-content\\\/uploads\\\/2022\\\/01\\\/gulmangroup-logo-70.yil_.svg\",\"contentUrl\":\"https:\\\/\\\/gulmangroup.com\\\/wp-content\\\/uploads\\\/2022\\\/01\\\/gulmangroup-logo-70.yil_.svg\",\"width\":259,\"height\":67,\"caption\":\"G\u00fclman Group\"},\"image\":{\"@id\":\"https:\\\/\\\/gulmangroup.com\\\/#\\\/schema\\\/logo\\\/image\\\/\"}}]}<\/script>\n<!-- \/ Yoast SEO plugin. -->","yoast_head_json":{"title":"G\u00fclman Group | De\u011ferlerimiz","description":"Le groupe G\u00fclman s'est lanc\u00e9 dans une mission de coop\u00e9ration et a d\u00e9cid\u00e9 de s'occuper quotidiennement des gayrimenkul et des services de l'entreprise.","robots":{"index":"index","follow":"follow","max-snippet":"max-snippet:-1","max-image-preview":"max-image-preview:large","max-video-preview":"max-video-preview:-1"},"canonical":"https:\/\/gulmangroup.com\/fr\/degerlerimiz\/","og_locale":"fr_FR","og_type":"article","og_title":"G\u00fclman Group | De\u011ferlerimiz","og_description":"G\u00fclman Group\u2019un adanm\u0131\u015fl\u0131k, ortak fayda ve g\u00fcvene dayal\u0131 kurumsal de\u011ferleri ile gayrimenkul ve giri\u015fim sermayesindeki vizyonu.","og_url":"https:\/\/gulmangroup.com\/fr\/degerlerimiz\/","og_site_name":"G\u00fclman Group","article_modified_time":"2026-04-13T06:51:43+00:00","og_image":[{"width":101,"height":101,"url":"https:\/\/gulmangroup.com\/wp-content\/uploads\/2023\/09\/adanmislik-icon.png","type":"image\/png"}],"twitter_card":"summary_large_image","twitter_misc":{"Dur\u00e9e de lecture estim\u00e9e":"2 minutes"},"schema":{"@context":"https:\/\/schema.org","@graph":[{"@type":"WebPage","@id":"https:\/\/gulmangroup.com\/degerlerimiz\/","url":"https:\/\/gulmangroup.com\/degerlerimiz\/","name":"G\u00fclman Group | De\u011ferlerimiz","isPartOf":{"@id":"https:\/\/gulmangroup.com\/#website"},"primaryImageOfPage":{"@id":"https:\/\/gulmangroup.com\/degerlerimiz\/#primaryimage"},"image":{"@id":"https:\/\/gulmangroup.com\/degerlerimiz\/#primaryimage"},"thumbnailUrl":"https:\/\/gulmangroup.com\/wp-content\/uploads\/2023\/09\/adanmislik-icon.png","datePublished":"2023-09-08T11:46:55+00:00","dateModified":"2026-04-13T06:51:43+00:00","description":"Le groupe G\u00fclman s'est lanc\u00e9 dans une mission de coop\u00e9ration et a d\u00e9cid\u00e9 de s'occuper quotidiennement des gayrimenkul et des services de l'entreprise.","breadcrumb":{"@id":"https:\/\/gulmangroup.com\/degerlerimiz\/#breadcrumb"},"inLanguage":"fr-FR","potentialAction":[{"@type":"ReadAction","target":["https:\/\/gulmangroup.com\/degerlerimiz\/"]}]},{"@type":"ImageObject","inLanguage":"fr-FR","@id":"https:\/\/gulmangroup.com\/degerlerimiz\/#primaryimage","url":"https:\/\/gulmangroup.com\/wp-content\/uploads\/2023\/09\/adanmislik-icon.png","contentUrl":"https:\/\/gulmangroup.com\/wp-content\/uploads\/2023\/09\/adanmislik-icon.png"},{"@type":"BreadcrumbList","@id":"https:\/\/gulmangroup.com\/degerlerimiz\/#breadcrumb","itemListElement":[{"@type":"ListItem","position":1,"name":"Ana sayfa","item":"https:\/\/gulmangroup.com\/"},{"@type":"ListItem","position":2,"name":"De\u011ferlerimiz"}]},{"@type":"WebSite","@id":"https:\/\/gulmangroup.com\/#website","url":"https:\/\/gulmangroup.com\/","name":"Groupe G\u00fclman","description":"Yar\u0131n i\u00e7in bug\u00fcnden","publisher":{"@id":"https:\/\/gulmangroup.com\/#organization"},"potentialAction":[{"@type":"SearchAction","target":{"@type":"EntryPoint","urlTemplate":"https:\/\/gulmangroup.com\/?s={search_term_string}"},"query-input":{"@type":"PropertyValueSpecification","valueRequired":true,"valueName":"search_term_string"}}],"inLanguage":"fr-FR"},{"@type":"Organization","@id":"https:\/\/gulmangroup.com\/#organization","name":"Groupe G\u00fclman","url":"https:\/\/gulmangroup.com\/","logo":{"@type":"ImageObject","inLanguage":"fr-FR","@id":"https:\/\/gulmangroup.com\/#\/schema\/logo\/image\/","url":"https:\/\/gulmangroup.com\/wp-content\/uploads\/2022\/01\/gulmangroup-logo-70.yil_.svg","contentUrl":"https:\/\/gulmangroup.com\/wp-content\/uploads\/2022\/01\/gulmangroup-logo-70.yil_.svg","width":259,"height":67,"caption":"G\u00fclman Group"},"image":{"@id":"https:\/\/gulmangroup.com\/#\/schema\/logo\/image\/"}}]}},"_links":{"self":[{"href":"https:\/\/gulmangroup.com\/fr\/wp-json\/wp\/v2\/pages\/17077","targetHints":{"allow":["GET"]}}],"collection":[{"href":"https:\/\/gulmangroup.com\/fr\/wp-json\/wp\/v2\/pages"}],"about":[{"href":"https:\/\/gulmangroup.com\/fr\/wp-json\/wp\/v2\/types\/page"}],"author":[{"embeddable":true,"href":"https:\/\/gulmangroup.com\/fr\/wp-json\/wp\/v2\/users\/38"}],"replies":[{"embeddable":true,"href":"https:\/\/gulmangroup.com\/fr\/wp-json\/wp\/v2\/comments?post=17077"}],"version-history":[{"count":124,"href":"https:\/\/gulmangroup.com\/fr\/wp-json\/wp\/v2\/pages\/17077\/revisions"}],"predecessor-version":[{"id":20976,"href":"https:\/\/gulmangroup.com\/fr\/wp-json\/wp\/v2\/pages\/17077\/revisions\/20976"}],"wp:attachment":[{"href":"https:\/\/gulmangroup.com\/fr\/wp-json\/wp\/v2\/media?parent=17077"}],"curies":[{"name":"wp","href":"https:\/\/api.w.org\/{rel}","templated":true}]}}