{"id":16136,"date":"2023-08-21T20:09:34","date_gmt":"2023-08-21T17:09:34","guid":{"rendered":"https:\/\/gulmangroup.com\/?page_id=16136"},"modified":"2026-01-08T16:19:21","modified_gmt":"2026-01-08T13:19:21","slug":"notre-vision","status":"publish","type":"page","link":"https:\/\/gulmangroup.com\/fr\/notre-vision\/","title":{"rendered":"Notre Vision"},"content":{"rendered":"<div data-elementor-type=\"wp-page\" data-elementor-id=\"16136\" class=\"elementor elementor-16136\" data-elementor-post-type=\"page\">\n\t\t\t\t\t\t<section class=\"elementor-section elementor-top-section elementor-element elementor-element-7f3b29d elementor-section-boxed elementor-section-height-default elementor-section-height-default\" data-id=\"7f3b29d\" data-element_type=\"section\" data-e-type=\"section\">\n\t\t\t\t\t\t<div class=\"elementor-container elementor-column-gap-default\">\n\t\t\t\t\t<div class=\"elementor-column elementor-col-100 elementor-top-column elementor-element elementor-element-33b9e6c\" data-id=\"33b9e6c\" data-element_type=\"column\" data-e-type=\"column\">\n\t\t\t<div class=\"elementor-widget-wrap elementor-element-populated\">\n\t\t\t\t\t\t<div class=\"elementor-element elementor-element-61dece9 elementor-widget elementor-widget-heading\" data-id=\"61dece9\" data-element_type=\"widget\" data-e-type=\"widget\" data-widget_type=\"heading.default\">\n\t\t\t\t<div class=\"elementor-widget-container\">\n\t\t\t\t\t<h2 class=\"elementor-heading-title elementor-size-default\">NOTRE VISION<\/h2>\t\t\t\t<\/div>\n\t\t\t\t<\/div>\n\t\t\t\t<div class=\"elementor-element elementor-element-0415410 elementor-widget-divider--view-line elementor-widget elementor-widget-divider\" data-id=\"0415410\" data-element_type=\"widget\" data-e-type=\"widget\" data-widget_type=\"divider.default\">\n\t\t\t\t<div class=\"elementor-widget-container\">\n\t\t\t\t\t\t\t<div class=\"elementor-divider\">\n\t\t\t<span class=\"elementor-divider-separator\">\n\t\t\t\t\t\t<\/span>\n\t\t<\/div>\n\t\t\t\t\t\t<\/div>\n\t\t\t\t<\/div>\n\t\t\t\t\t<\/div>\n\t\t<\/div>\n\t\t\t\t\t<\/div>\n\t\t<\/section>\n\t\t\t\t<section class=\"elementor-section elementor-top-section elementor-element elementor-element-910dda2 elementor-section-boxed elementor-section-height-default elementor-section-height-default\" data-id=\"910dda2\" data-element_type=\"section\" data-e-type=\"section\">\n\t\t\t\t\t\t<div class=\"elementor-container elementor-column-gap-default\">\n\t\t\t\t\t<div class=\"elementor-column elementor-col-100 elementor-top-column elementor-element elementor-element-31fa42a\" data-id=\"31fa42a\" data-element_type=\"column\" data-e-type=\"column\">\n\t\t\t<div class=\"elementor-widget-wrap elementor-element-populated\">\n\t\t\t\t\t\t<div class=\"elementor-element elementor-element-ed2607f elementor-widget elementor-widget-image\" data-id=\"ed2607f\" data-element_type=\"widget\" data-e-type=\"widget\" data-widget_type=\"image.default\">\n\t\t\t\t<div class=\"elementor-widget-container\">\n\t\t\t\t\t\t\t\t\t\t\t\t\t\t\t<img fetchpriority=\"high\" decoding=\"async\" width=\"1600\" height=\"790\" src=\"https:\/\/gulmangroup.com\/wp-content\/uploads\/2023\/09\/vizyonumuz-fotograf.jpg\" class=\"attachment-full size-full wp-image-16986\" alt=\"\" srcset=\"https:\/\/gulmangroup.com\/wp-content\/uploads\/2023\/09\/vizyonumuz-fotograf.jpg 1600w, https:\/\/gulmangroup.com\/wp-content\/uploads\/2023\/09\/vizyonumuz-fotograf-300x148.jpg 300w, https:\/\/gulmangroup.com\/wp-content\/uploads\/2023\/09\/vizyonumuz-fotograf-1024x506.jpg 1024w, https:\/\/gulmangroup.com\/wp-content\/uploads\/2023\/09\/vizyonumuz-fotograf-768x379.jpg 768w, https:\/\/gulmangroup.com\/wp-content\/uploads\/2023\/09\/vizyonumuz-fotograf-1536x758.jpg 1536w\" sizes=\"(max-width: 1600px) 100vw, 1600px\" \/>\t\t\t\t\t\t\t\t\t\t\t\t\t\t\t<\/div>\n\t\t\t\t<\/div>\n\t\t\t\t\t<\/div>\n\t\t<\/div>\n\t\t\t\t\t<\/div>\n\t\t<\/section>\n\t\t\t\t<section class=\"elementor-section elementor-top-section elementor-element elementor-element-679056a elementor-section-boxed elementor-section-height-default elementor-section-height-default\" data-id=\"679056a\" data-element_type=\"section\" data-e-type=\"section\">\n\t\t\t\t\t\t<div class=\"elementor-container elementor-column-gap-default\">\n\t\t\t\t\t<div class=\"elementor-column elementor-col-100 elementor-top-column elementor-element elementor-element-1e711f7\" data-id=\"1e711f7\" data-element_type=\"column\" data-e-type=\"column\">\n\t\t\t<div class=\"elementor-widget-wrap elementor-element-populated\">\n\t\t\t\t\t\t<div class=\"elementor-element elementor-element-43610bc elementor-widget elementor-widget-text-editor\" data-id=\"43610bc\" data-element_type=\"widget\" data-e-type=\"widget\" data-widget_type=\"text-editor.default\">\n\t\t\t\t<div class=\"elementor-widget-container\">\n\t\t\t\t\t\t\t\t\tNotre objectif est de renforcer notre position en Turquie et \u00e0 l'international gr\u00e2ce \u00e0 des projets novateurs dans le secteur immobilier, notre domaine d'expertise. Par ailleurs, nous avons pour ambition de valoriser nos ressources accumul\u00e9es par des investissements de longue dur\u00e9e et novateurs, notamment dans les \u00e9nergies renouvelables et le capital-risque.\t\t\t\t\t\t\t\t<\/div>\n\t\t\t\t<\/div>\n\t\t\t\t\t<\/div>\n\t\t<\/div>\n\t\t\t\t\t<\/div>\n\t\t<\/section>\n\t\t\t\t<section class=\"elementor-section elementor-top-section elementor-element elementor-element-23070a3 elementor-section-boxed elementor-section-height-default elementor-section-height-default\" data-id=\"23070a3\" data-element_type=\"section\" data-e-type=\"section\">\n\t\t\t\t\t\t<div class=\"elementor-container elementor-column-gap-default\">\n\t\t\t\t\t<div class=\"elementor-column elementor-col-100 elementor-top-column elementor-element elementor-element-50c39d1\" data-id=\"50c39d1\" data-element_type=\"column\" data-e-type=\"column\">\n\t\t\t<div class=\"elementor-widget-wrap elementor-element-populated\">\n\t\t\t\t\t\t<div class=\"elementor-element elementor-element-9d9131d elementor-widget elementor-widget-image\" data-id=\"9d9131d\" data-element_type=\"widget\" data-e-type=\"widget\" data-widget_type=\"image.default\">\n\t\t\t\t<div class=\"elementor-widget-container\">\n\t\t\t\t\t\t\t\t\t\t\t\t\t\t\t<img decoding=\"async\" width=\"1920\" height=\"182\" src=\"https:\/\/gulmangroup.com\/wp-content\/uploads\/2023\/09\/Section.png\" class=\"attachment-full size-full wp-image-16987\" alt=\"\" srcset=\"https:\/\/gulmangroup.com\/wp-content\/uploads\/2023\/09\/Section.png 1920w, https:\/\/gulmangroup.com\/wp-content\/uploads\/2023\/09\/Section-300x28.png 300w, https:\/\/gulmangroup.com\/wp-content\/uploads\/2023\/09\/Section-1024x97.png 1024w, https:\/\/gulmangroup.com\/wp-content\/uploads\/2023\/09\/Section-768x73.png 768w, https:\/\/gulmangroup.com\/wp-content\/uploads\/2023\/09\/Section-1536x146.png 1536w\" sizes=\"(max-width: 1920px) 100vw, 1920px\" \/>\t\t\t\t\t\t\t\t\t\t\t\t\t\t\t<\/div>\n\t\t\t\t<\/div>\n\t\t\t\t\t<\/div>\n\t\t<\/div>\n\t\t\t\t\t<\/div>\n\t\t<\/section>\n\t\t\t\t<\/div>","protected":false},"excerpt":{"rendered":"<p>V\u0130ZYONUMUZ Uzmanl\u0131k alanlar\u0131m\u0131z olan gayrimenkul sekt\u00f6r\u00fcnde fark yaratan projelerle T\u00fcrkiye&#8217;nin yan\u0131 s\u0131ra yurtd\u0131\u015f\u0131nda da g\u00fcc\u00fcm\u00fcz\u00fc art\u0131rmay\u0131 hedeflemekteyiz. Bunun yan\u0131 s\u0131ra birikimlerimizi yenilenebilir enerji ve giri\u015fim sermayesi gibi uzun vadeli yeni nesil yat\u0131r\u0131mlarla geli\u015ftirme vizyonu ta\u015f\u0131yoruz.<\/p>","protected":false},"author":38,"featured_media":0,"parent":0,"menu_order":0,"comment_status":"closed","ping_status":"closed","template":"","meta":{"footnotes":""},"class_list":["post-16136","page","type-page","status-publish","hentry"],"yoast_head":"<!-- This site is optimized with the Yoast SEO plugin v27.3 - https:\/\/yoast.com\/product\/yoast-seo-wordpress\/ -->\n<title>G\u00fclman Group | Vizyonumuz<\/title>\n<meta name=\"description\" content=\"Vizyonumuz, gayrimenkulde g\u00fc\u00e7l\u00fc projeler \u00fcretmek ve yenilenebilir enerji ile giri\u015fim sermayesi yat\u0131r\u0131mlar\u0131yla b\u00fcy\u00fcme sa\u011flamakt\u0131r.\" \/>\n<meta name=\"robots\" content=\"index, follow, max-snippet:-1, max-image-preview:large, max-video-preview:-1\" \/>\n<link rel=\"canonical\" href=\"https:\/\/gulmangroup.com\/fr\/notre-vision\/\" \/>\n<meta property=\"og:locale\" content=\"fr_FR\" \/>\n<meta property=\"og:type\" content=\"article\" \/>\n<meta property=\"og:title\" content=\"G\u00fclman Group | Vizyonumuz\" \/>\n<meta property=\"og:description\" content=\"Vizyonumuz, gayrimenkulde g\u00fc\u00e7l\u00fc projeler \u00fcretmek ve yenilenebilir enerji ile giri\u015fim sermayesi yat\u0131r\u0131mlar\u0131yla b\u00fcy\u00fcme sa\u011flamakt\u0131r.\" \/>\n<meta property=\"og:url\" content=\"https:\/\/gulmangroup.com\/fr\/notre-vision\/\" \/>\n<meta property=\"og:site_name\" content=\"G\u00fclman Group\" \/>\n<meta property=\"article:modified_time\" content=\"2026-01-08T13:19:21+00:00\" \/>\n<meta property=\"og:image\" content=\"https:\/\/gulmangroup.com\/wp-content\/uploads\/2023\/09\/vizyonumuz-fotograf.jpg\" \/>\n<meta name=\"twitter:card\" content=\"summary_large_image\" \/>\n<meta name=\"twitter:label1\" content=\"Dur\u00e9e de lecture estim\u00e9e\" \/>\n\t<meta name=\"twitter:data1\" content=\"1 minute\" \/>\n<script type=\"application\/ld+json\" class=\"yoast-schema-graph\">{\"@context\":\"https:\\\/\\\/schema.org\",\"@graph\":[{\"@type\":\"WebPage\",\"@id\":\"https:\\\/\\\/gulmangroup.com\\\/vizyonumuz\\\/\",\"url\":\"https:\\\/\\\/gulmangroup.com\\\/vizyonumuz\\\/\",\"name\":\"G\u00fclman Group | Vizyonumuz\",\"isPartOf\":{\"@id\":\"https:\\\/\\\/gulmangroup.com\\\/#website\"},\"primaryImageOfPage\":{\"@id\":\"https:\\\/\\\/gulmangroup.com\\\/vizyonumuz\\\/#primaryimage\"},\"image\":{\"@id\":\"https:\\\/\\\/gulmangroup.com\\\/vizyonumuz\\\/#primaryimage\"},\"thumbnailUrl\":\"https:\\\/\\\/gulmangroup.com\\\/wp-content\\\/uploads\\\/2023\\\/09\\\/vizyonumuz-fotograf.jpg\",\"datePublished\":\"2023-08-21T17:09:34+00:00\",\"dateModified\":\"2026-01-08T13:19:21+00:00\",\"description\":\"Vizyonumuz, gayrimenkulde g\u00fc\u00e7l\u00fc projeler \u00fcretmek ve yenilenebilir enerji ile giri\u015fim sermayesi yat\u0131r\u0131mlar\u0131yla b\u00fcy\u00fcme sa\u011flamakt\u0131r.\",\"breadcrumb\":{\"@id\":\"https:\\\/\\\/gulmangroup.com\\\/vizyonumuz\\\/#breadcrumb\"},\"inLanguage\":\"fr-FR\",\"potentialAction\":[{\"@type\":\"ReadAction\",\"target\":[\"https:\\\/\\\/gulmangroup.com\\\/vizyonumuz\\\/\"]}]},{\"@type\":\"ImageObject\",\"inLanguage\":\"fr-FR\",\"@id\":\"https:\\\/\\\/gulmangroup.com\\\/vizyonumuz\\\/#primaryimage\",\"url\":\"https:\\\/\\\/gulmangroup.com\\\/wp-content\\\/uploads\\\/2023\\\/09\\\/vizyonumuz-fotograf.jpg\",\"contentUrl\":\"https:\\\/\\\/gulmangroup.com\\\/wp-content\\\/uploads\\\/2023\\\/09\\\/vizyonumuz-fotograf.jpg\"},{\"@type\":\"BreadcrumbList\",\"@id\":\"https:\\\/\\\/gulmangroup.com\\\/vizyonumuz\\\/#breadcrumb\",\"itemListElement\":[{\"@type\":\"ListItem\",\"position\":1,\"name\":\"Ana sayfa\",\"item\":\"https:\\\/\\\/gulmangroup.com\\\/\"},{\"@type\":\"ListItem\",\"position\":2,\"name\":\"Vizyonumuz\"}]},{\"@type\":\"WebSite\",\"@id\":\"https:\\\/\\\/gulmangroup.com\\\/#website\",\"url\":\"https:\\\/\\\/gulmangroup.com\\\/\",\"name\":\"G\u00fclman Group\",\"description\":\"Yar\u0131n i\u00e7in bug\u00fcnden\",\"publisher\":{\"@id\":\"https:\\\/\\\/gulmangroup.com\\\/#organization\"},\"potentialAction\":[{\"@type\":\"SearchAction\",\"target\":{\"@type\":\"EntryPoint\",\"urlTemplate\":\"https:\\\/\\\/gulmangroup.com\\\/?s={search_term_string}\"},\"query-input\":{\"@type\":\"PropertyValueSpecification\",\"valueRequired\":true,\"valueName\":\"search_term_string\"}}],\"inLanguage\":\"fr-FR\"},{\"@type\":\"Organization\",\"@id\":\"https:\\\/\\\/gulmangroup.com\\\/#organization\",\"name\":\"G\u00fclman Group\",\"url\":\"https:\\\/\\\/gulmangroup.com\\\/\",\"logo\":{\"@type\":\"ImageObject\",\"inLanguage\":\"fr-FR\",\"@id\":\"https:\\\/\\\/gulmangroup.com\\\/#\\\/schema\\\/logo\\\/image\\\/\",\"url\":\"https:\\\/\\\/gulmangroup.com\\\/wp-content\\\/uploads\\\/2022\\\/01\\\/gulmangroup-logo-70.yil_.svg\",\"contentUrl\":\"https:\\\/\\\/gulmangroup.com\\\/wp-content\\\/uploads\\\/2022\\\/01\\\/gulmangroup-logo-70.yil_.svg\",\"width\":259,\"height\":67,\"caption\":\"G\u00fclman Group\"},\"image\":{\"@id\":\"https:\\\/\\\/gulmangroup.com\\\/#\\\/schema\\\/logo\\\/image\\\/\"}}]}<\/script>\n<!-- \/ Yoast SEO plugin. -->","yoast_head_json":{"title":"Groupe G\u00fclman | Notre vision","description":"Vizyonumuz, gayrimenkulde g\u00fc\u00e7l\u00fc projeler \u00fcretmek ve yenilenebilir enerji ile giri\u015fim sermayesi yat\u0131r\u0131mlar\u0131yla b\u00fcy\u00fcme sa\u011flamakt\u0131r.","robots":{"index":"index","follow":"follow","max-snippet":"max-snippet:-1","max-image-preview":"max-image-preview:large","max-video-preview":"max-video-preview:-1"},"canonical":"https:\/\/gulmangroup.com\/fr\/notre-vision\/","og_locale":"fr_FR","og_type":"article","og_title":"G\u00fclman Group | Vizyonumuz","og_description":"Vizyonumuz, gayrimenkulde g\u00fc\u00e7l\u00fc projeler \u00fcretmek ve yenilenebilir enerji ile giri\u015fim sermayesi yat\u0131r\u0131mlar\u0131yla b\u00fcy\u00fcme sa\u011flamakt\u0131r.","og_url":"https:\/\/gulmangroup.com\/fr\/notre-vision\/","og_site_name":"G\u00fclman Group","article_modified_time":"2026-01-08T13:19:21+00:00","og_image":[{"url":"https:\/\/gulmangroup.com\/wp-content\/uploads\/2023\/09\/vizyonumuz-fotograf.jpg","type":"","width":"","height":""}],"twitter_card":"summary_large_image","twitter_misc":{"Dur\u00e9e de lecture estim\u00e9e":"1 minute"},"schema":{"@context":"https:\/\/schema.org","@graph":[{"@type":"WebPage","@id":"https:\/\/gulmangroup.com\/vizyonumuz\/","url":"https:\/\/gulmangroup.com\/vizyonumuz\/","name":"Groupe G\u00fclman | Notre vision","isPartOf":{"@id":"https:\/\/gulmangroup.com\/#website"},"primaryImageOfPage":{"@id":"https:\/\/gulmangroup.com\/vizyonumuz\/#primaryimage"},"image":{"@id":"https:\/\/gulmangroup.com\/vizyonumuz\/#primaryimage"},"thumbnailUrl":"https:\/\/gulmangroup.com\/wp-content\/uploads\/2023\/09\/vizyonumuz-fotograf.jpg","datePublished":"2023-08-21T17:09:34+00:00","dateModified":"2026-01-08T13:19:21+00:00","description":"Vizyonumuz, gayrimenkulde g\u00fc\u00e7l\u00fc projeler \u00fcretmek ve yenilenebilir enerji ile giri\u015fim sermayesi yat\u0131r\u0131mlar\u0131yla b\u00fcy\u00fcme sa\u011flamakt\u0131r.","breadcrumb":{"@id":"https:\/\/gulmangroup.com\/vizyonumuz\/#breadcrumb"},"inLanguage":"fr-FR","potentialAction":[{"@type":"ReadAction","target":["https:\/\/gulmangroup.com\/vizyonumuz\/"]}]},{"@type":"ImageObject","inLanguage":"fr-FR","@id":"https:\/\/gulmangroup.com\/vizyonumuz\/#primaryimage","url":"https:\/\/gulmangroup.com\/wp-content\/uploads\/2023\/09\/vizyonumuz-fotograf.jpg","contentUrl":"https:\/\/gulmangroup.com\/wp-content\/uploads\/2023\/09\/vizyonumuz-fotograf.jpg"},{"@type":"BreadcrumbList","@id":"https:\/\/gulmangroup.com\/vizyonumuz\/#breadcrumb","itemListElement":[{"@type":"ListItem","position":1,"name":"Ana sayfa","item":"https:\/\/gulmangroup.com\/"},{"@type":"ListItem","position":2,"name":"Vizyonumuz"}]},{"@type":"WebSite","@id":"https:\/\/gulmangroup.com\/#website","url":"https:\/\/gulmangroup.com\/","name":"Groupe G\u00fclman","description":"Yar\u0131n i\u00e7in bug\u00fcnden","publisher":{"@id":"https:\/\/gulmangroup.com\/#organization"},"potentialAction":[{"@type":"SearchAction","target":{"@type":"EntryPoint","urlTemplate":"https:\/\/gulmangroup.com\/?s={search_term_string}"},"query-input":{"@type":"PropertyValueSpecification","valueRequired":true,"valueName":"search_term_string"}}],"inLanguage":"fr-FR"},{"@type":"Organization","@id":"https:\/\/gulmangroup.com\/#organization","name":"Groupe G\u00fclman","url":"https:\/\/gulmangroup.com\/","logo":{"@type":"ImageObject","inLanguage":"fr-FR","@id":"https:\/\/gulmangroup.com\/#\/schema\/logo\/image\/","url":"https:\/\/gulmangroup.com\/wp-content\/uploads\/2022\/01\/gulmangroup-logo-70.yil_.svg","contentUrl":"https:\/\/gulmangroup.com\/wp-content\/uploads\/2022\/01\/gulmangroup-logo-70.yil_.svg","width":259,"height":67,"caption":"G\u00fclman Group"},"image":{"@id":"https:\/\/gulmangroup.com\/#\/schema\/logo\/image\/"}}]}},"_links":{"self":[{"href":"https:\/\/gulmangroup.com\/fr\/wp-json\/wp\/v2\/pages\/16136","targetHints":{"allow":["GET"]}}],"collection":[{"href":"https:\/\/gulmangroup.com\/fr\/wp-json\/wp\/v2\/pages"}],"about":[{"href":"https:\/\/gulmangroup.com\/fr\/wp-json\/wp\/v2\/types\/page"}],"author":[{"embeddable":true,"href":"https:\/\/gulmangroup.com\/fr\/wp-json\/wp\/v2\/users\/38"}],"replies":[{"embeddable":true,"href":"https:\/\/gulmangroup.com\/fr\/wp-json\/wp\/v2\/comments?post=16136"}],"version-history":[{"count":1,"href":"https:\/\/gulmangroup.com\/fr\/wp-json\/wp\/v2\/pages\/16136\/revisions"}],"predecessor-version":[{"id":19571,"href":"https:\/\/gulmangroup.com\/fr\/wp-json\/wp\/v2\/pages\/16136\/revisions\/19571"}],"wp:attachment":[{"href":"https:\/\/gulmangroup.com\/fr\/wp-json\/wp\/v2\/media?parent=16136"}],"curies":[{"name":"wp","href":"https:\/\/api.w.org\/{rel}","templated":true}]}}