{"id":16096,"date":"2023-08-21T16:17:33","date_gmt":"2023-08-21T13:17:33","guid":{"rendered":"https:\/\/gulmangroup.com\/?page_id=16096"},"modified":"2026-01-08T16:45:38","modified_gmt":"2026-01-08T13:45:38","slug":"a-propos-de-nous","status":"publish","type":"page","link":"https:\/\/gulmangroup.com\/fr\/a-propos-de-nous\/","title":{"rendered":"A propos de nous"},"content":{"rendered":"<div data-elementor-type=\"wp-page\" data-elementor-id=\"16096\" class=\"elementor elementor-16096\" data-elementor-post-type=\"page\">\n\t\t\t\t\t\t<section class=\"elementor-section elementor-top-section elementor-element elementor-element-1dd9c83 elementor-section-boxed elementor-section-height-default elementor-section-height-default\" data-id=\"1dd9c83\" data-element_type=\"section\" data-e-type=\"section\">\n\t\t\t\t\t\t<div class=\"elementor-container elementor-column-gap-default\">\n\t\t\t\t\t<div class=\"elementor-column elementor-col-100 elementor-top-column elementor-element elementor-element-99d22c1\" data-id=\"99d22c1\" data-element_type=\"column\" data-e-type=\"column\">\n\t\t\t<div class=\"elementor-widget-wrap elementor-element-populated\">\n\t\t\t\t\t\t<div class=\"elementor-element elementor-element-fd025f8 elementor-widget elementor-widget-heading\" data-id=\"fd025f8\" data-element_type=\"widget\" data-e-type=\"widget\" data-widget_type=\"heading.default\">\n\t\t\t\t<div class=\"elementor-widget-container\">\n\t\t\t\t\t<h1 class=\"elementor-heading-title elementor-size-default\">\u00c0 Propos De Nous<\/h1>\t\t\t\t<\/div>\n\t\t\t\t<\/div>\n\t\t\t\t<div class=\"elementor-element elementor-element-4449e1d6 elementor-widget-divider--view-line_text elementor-widget-divider--element-align-left elementor-widget elementor-widget-divider\" data-id=\"4449e1d6\" data-element_type=\"widget\" data-e-type=\"widget\" data-widget_type=\"divider.default\">\n\t\t\t\t<div class=\"elementor-widget-container\">\n\t\t\t\t\t\t\t<div class=\"elementor-divider\">\n\t\t\t<span class=\"elementor-divider-separator\">\n\t\t\t\t\t\t<\/span>\n\t\t<\/div>\n\t\t\t\t\t\t<\/div>\n\t\t\t\t<\/div>\n\t\t\t\t\t<\/div>\n\t\t<\/div>\n\t\t\t\t\t<\/div>\n\t\t<\/section>\n\t\t\t\t<section class=\"elementor-section elementor-top-section elementor-element elementor-element-155765da elementor-hidden-mobile elementor-section-boxed elementor-section-height-default elementor-section-height-default\" data-id=\"155765da\" data-element_type=\"section\" data-e-type=\"section\" data-settings=\"{&quot;background_background&quot;:&quot;gradient&quot;}\">\n\t\t\t\t\t\t\t<div class=\"elementor-background-overlay\"><\/div>\n\t\t\t\t\t\t\t<div class=\"elementor-container elementor-column-gap-narrow\">\n\t\t\t\t\t<div class=\"elementor-column elementor-col-50 elementor-top-column elementor-element elementor-element-5cd2a77\" data-id=\"5cd2a77\" data-element_type=\"column\" data-e-type=\"column\" data-settings=\"{&quot;background_background&quot;:&quot;classic&quot;}\">\n\t\t\t<div class=\"elementor-widget-wrap elementor-element-populated\">\n\t\t\t\t\t\t<div class=\"elementor-element elementor-element-25a8c9a7 elementor-widget elementor-widget-image\" data-id=\"25a8c9a7\" data-element_type=\"widget\" data-e-type=\"widget\" data-widget_type=\"image.default\">\n\t\t\t\t<div class=\"elementor-widget-container\">\n\t\t\t\t\t\t\t\t\t\t\t\t\t\t\t<img fetchpriority=\"high\" decoding=\"async\" width=\"800\" height=\"937\" src=\"https:\/\/gulmangroup.com\/wp-content\/uploads\/2023\/09\/gulman-parkplaza.jpg\" class=\"attachment-large size-large wp-image-16764\" alt=\"G\u00fclman Group, 1952\u2019de uluslararas\u0131 ticaretle ba\u015flad\u0131\u011f\u0131 yolculu\u011funu gayrimenkul, lojistik ve yenilenebilir enerji alanlar\u0131ndaki yat\u0131r\u0131mlar\u0131yla s\u00fcrd\u00fcr\u00fcyor.\" srcset=\"https:\/\/gulmangroup.com\/wp-content\/uploads\/2023\/09\/gulman-parkplaza.jpg 854w, https:\/\/gulmangroup.com\/wp-content\/uploads\/2023\/09\/gulman-parkplaza-256x300.jpg 256w, https:\/\/gulmangroup.com\/wp-content\/uploads\/2023\/09\/gulman-parkplaza-768x899.jpg 768w\" sizes=\"(max-width: 800px) 100vw, 800px\" \/>\t\t\t\t\t\t\t\t\t\t\t\t\t\t\t<\/div>\n\t\t\t\t<\/div>\n\t\t\t\t\t<\/div>\n\t\t<\/div>\n\t\t\t\t<div class=\"elementor-column elementor-col-50 elementor-top-column elementor-element elementor-element-49459493\" data-id=\"49459493\" data-element_type=\"column\" data-e-type=\"column\">\n\t\t\t<div class=\"elementor-widget-wrap elementor-element-populated\">\n\t\t\t\t\t\t<div class=\"elementor-element elementor-element-38b659c elementor-widget__width-initial elementor-widget elementor-widget-text-editor\" data-id=\"38b659c\" data-element_type=\"widget\" data-e-type=\"widget\" data-widget_type=\"text-editor.default\">\n\t\t\t\t<div class=\"elementor-widget-container\">\n\t\t\t\t\t\t\t\t\t<p style=\"text-align: left;\"><span style=\"color: #000000;\">Fond\u00e9 en 1952 pour op\u00e9rer dans le domaine du commerce international, le Groupe G\u00fclman a diversifi\u00e9 son champ d'activit\u00e9 au fil des ann\u00e9es et se concentre sur le secteur immobilier depuis 1977. Depuis cette date, elle a entrepris des projets pionniers dans le secteur en investissant dans des logements, des bureaux et des entrep\u00f4ts dans le domaine de l'investissement immobilier.<\/span><\/p><p style=\"text-align: left;\"><span style=\"color: #000000;\"><strong>Nous puisons notre force dans notre pass\u00e9 et marchons vers l\u2019avenir avec enthousiasme !<\/strong><\/span><\/p><p style=\"text-align: left;\"><span style=\"color: #000000;\">Parmi les projets immobiliers mis en \u0153uvre par le groupe G\u00fclman \u00e0 ce jour figurent Maslak Park Plaza, les demeures Ulus Tepe, les r\u00e9sidences Nest Ortak\u00f6y, le campus universitaire d'\u00dcsk\u00fcdar, l'entrep\u00f4t de Tuzla, l'installation logistique de \u00c7ay\u0131rova, le site Gebze Yonca, Sunset \u00e0 Bodrum, les maisons Do\u011falkaya et Fiera Vista. \u00c0 cela s\u2019ajoute le projet du centre commercial Hipodrom \u00e0 Bodrum.<\/span><\/p><p style=\"text-align: left;\"><span style=\"color: #000000;\">Le groupe G\u00fclman se concentre sur les projets de logistique et de stockage depuis 2015 et a ajout\u00e9 le secteur des \u00e9nergies renouvelables \u00e0 ses domaines d'investissement en 2020.<\/span><\/p><p style=\"text-align: left;\"><span style=\"color: #000000;\">Le groupe G\u00fclman, qui investit dans des centrales solaires pour un approvisionnement \u00e9nerg\u00e9tique plus durable et un avenir plus vivable, comprend actuellement le SPP Kayalar \u00e0 Mu\u011fla Milas, le SPP Yaz\u0131r \u00e0 Antalya Finike, le SPP G\u00fclkent \u00e0 Isparta Kule\u00f6n\u00fc et le SPP Kazan op\u00e9rant \u00e0 Ankara Kahramankazan.<\/span><\/p><p style=\"text-align: left;\"><span style=\"color: #000000;\">La soci\u00e9t\u00e9 d'investissement du groupe, G\u00fclman Ventures, investit \u00e9galement dans l'avenir via des fonds de capital-risque<\/span><\/p>\t\t\t\t\t\t\t\t<\/div>\n\t\t\t\t<\/div>\n\t\t\t\t\t<\/div>\n\t\t<\/div>\n\t\t\t\t\t<\/div>\n\t\t<\/section>\n\t\t\t\t<section class=\"elementor-section elementor-top-section elementor-element elementor-element-61e7283 elementor-hidden-desktop elementor-hidden-tablet elementor-section-boxed elementor-section-height-default elementor-section-height-default\" data-id=\"61e7283\" data-element_type=\"section\" data-e-type=\"section\" data-settings=\"{&quot;background_background&quot;:&quot;gradient&quot;}\">\n\t\t\t\t\t\t\t<div class=\"elementor-background-overlay\"><\/div>\n\t\t\t\t\t\t\t<div class=\"elementor-container elementor-column-gap-narrow\">\n\t\t\t\t\t<div class=\"elementor-column elementor-col-50 elementor-top-column elementor-element elementor-element-be55ef2\" data-id=\"be55ef2\" data-element_type=\"column\" data-e-type=\"column\" data-settings=\"{&quot;background_background&quot;:&quot;classic&quot;}\">\n\t\t\t<div class=\"elementor-widget-wrap elementor-element-populated\">\n\t\t\t\t\t\t<div class=\"elementor-element elementor-element-2e0cd7e elementor-widget elementor-widget-image\" data-id=\"2e0cd7e\" data-element_type=\"widget\" data-e-type=\"widget\" data-widget_type=\"image.default\">\n\t\t\t\t<div class=\"elementor-widget-container\">\n\t\t\t\t\t\t\t\t\t\t\t\t\t\t\t<img decoding=\"async\" width=\"854\" height=\"1000\" src=\"https:\/\/gulmangroup.com\/wp-content\/uploads\/2023\/09\/gulman-parkplaza.jpg\" class=\"attachment-full size-full wp-image-16764\" alt=\"G\u00fclman Group, 1952\u2019de uluslararas\u0131 ticaretle ba\u015flad\u0131\u011f\u0131 yolculu\u011funu gayrimenkul, lojistik ve yenilenebilir enerji alanlar\u0131ndaki yat\u0131r\u0131mlar\u0131yla s\u00fcrd\u00fcr\u00fcyor.\" srcset=\"https:\/\/gulmangroup.com\/wp-content\/uploads\/2023\/09\/gulman-parkplaza.jpg 854w, https:\/\/gulmangroup.com\/wp-content\/uploads\/2023\/09\/gulman-parkplaza-256x300.jpg 256w, https:\/\/gulmangroup.com\/wp-content\/uploads\/2023\/09\/gulman-parkplaza-768x899.jpg 768w\" sizes=\"(max-width: 854px) 100vw, 854px\" \/>\t\t\t\t\t\t\t\t\t\t\t\t\t\t\t<\/div>\n\t\t\t\t<\/div>\n\t\t\t\t\t<\/div>\n\t\t<\/div>\n\t\t\t\t<div class=\"elementor-column elementor-col-50 elementor-top-column elementor-element elementor-element-ee378ef\" data-id=\"ee378ef\" data-element_type=\"column\" data-e-type=\"column\">\n\t\t\t<div class=\"elementor-widget-wrap elementor-element-populated\">\n\t\t\t\t\t\t<div class=\"elementor-element elementor-element-0aafc79 elementor-widget elementor-widget-text-editor\" data-id=\"0aafc79\" data-element_type=\"widget\" data-e-type=\"widget\" data-widget_type=\"text-editor.default\">\n\t\t\t\t<div class=\"elementor-widget-container\">\n\t\t\t\t\t\t\t\t\t<p><span style=\"color: #000000;\">Fond\u00e9 en 1952 pour op\u00e9rer dans le domaine du commerce international, le Groupe G\u00fclman a diversifi\u00e9 son champ d'activit\u00e9 au fil des ann\u00e9es et se concentre sur le secteur immobilier depuis 1977. Depuis cette date, elle a entrepris des projets pionniers dans le secteur en investissant dans des logements, des bureaux et des entrep\u00f4ts dans le domaine de l'investissement immobilier.<\/span><\/p><p><strong><span style=\"color: #000000;\">Nous puisons notre force dans notre pass\u00e9 et marchons vers l\u2019avenir avec enthousiasme !<\/span><\/strong><\/p><p><span style=\"color: #000000;\">Parmi les projets immobiliers mis en \u0153uvre par le groupe G\u00fclman \u00e0 ce jour figurent Maslak Park Plaza, les demeures Ulus Tepe, les r\u00e9sidences Nest Ortak\u00f6y, le campus universitaire d'\u00dcsk\u00fcdar, l'entrep\u00f4t de Tuzla, l'installation logistique de \u00c7ay\u0131rova, le site Gebze Yonca, Sunset \u00e0 Bodrum, les maisons Do\u011falkaya et Fiera Vista. \u00c0 cela s\u2019ajoute le projet du centre commercial Hipodrom \u00e0 Bodrum.<\/span><\/p><p><span style=\"color: #000000;\">Le groupe G\u00fclman se concentre sur les projets de logistique et de stockage depuis 2015 et a ajout\u00e9 le secteur des \u00e9nergies renouvelables \u00e0 ses domaines d'investissement en 2020.<\/span><\/p><p><span style=\"color: #000000;\">Le groupe G\u00fclman, qui investit dans des centrales solaires pour un approvisionnement \u00e9nerg\u00e9tique plus durable et un avenir plus vivable, comprend actuellement le SPP Kayalar \u00e0 Mu\u011fla Milas, le SPP Yaz\u0131r \u00e0 Antalya Finike, le SPP G\u00fclkent \u00e0 Isparta Kule\u00f6n\u00fc et le SPP Kazan op\u00e9rant \u00e0 Ankara Kahramankazan.<\/span><\/p><p><span style=\"color: #000000;\">La soci\u00e9t\u00e9 d'investissement du groupe, G\u00fclman Ventures, investit \u00e9galement dans l'avenir via des fonds de capital-risque<\/span><\/p>\t\t\t\t\t\t\t\t<\/div>\n\t\t\t\t<\/div>\n\t\t\t\t\t<\/div>\n\t\t<\/div>\n\t\t\t\t\t<\/div>\n\t\t<\/section>\n\t\t\t\t<\/div>","protected":false},"excerpt":{"rendered":"<p>HAKKIMIZDA Uluslararas\u0131 ticaret alan\u0131nda faaliyet g\u00f6stermek \u00fczere 1952 y\u0131l\u0131nda kurulan G\u00fclman Group y\u0131llar i\u00e7inde faaliyet alan\u0131n\u0131 \u00e7e\u015fitlendirmi\u015f ve 1977 y\u0131l\u0131ndan itibaren gayrimenkul sekt\u00f6r\u00fcne odaklanm\u0131\u015ft\u0131r. Bu tarihten itibaren de gayrimenkul yat\u0131r\u0131mc\u0131l\u0131\u011f\u0131 alan\u0131nda konut, ofis ve depo yat\u0131r\u0131mlar\u0131 ger\u00e7ekle\u015ftirerek sekt\u00f6rde \u00f6nc\u00fc projelere imza atm\u0131\u015ft\u0131r. Ge\u00e7mi\u015fimizden g\u00fc\u00e7 al\u0131yor, gelece\u011fe heyecanla y\u00fcr\u00fcyoruz! G\u00fclman Group\u2019un bug\u00fcne kadar hayata ge\u00e7irdi\u011fi gayrimenkul [&hellip;]<\/p>\n","protected":false},"author":38,"featured_media":0,"parent":0,"menu_order":0,"comment_status":"closed","ping_status":"closed","template":"","meta":{"footnotes":""},"class_list":["post-16096","page","type-page","status-publish","hentry"],"yoast_head":"<!-- This site is optimized with the Yoast SEO plugin v27.3 - https:\/\/yoast.com\/product\/yoast-seo-wordpress\/ -->\n<title>G\u00fclman Group | Hakk\u0131m\u0131zda<\/title>\n<meta name=\"description\" content=\"K\u00f6kl\u00fc ge\u00e7mi\u015fi ve g\u00fc\u00e7l\u00fc vizyonuyla gayrimenkul, lojistik ve yenilenebilir enerji alanlar\u0131nda de\u011fer yaratan G\u00fclman Group ile tan\u0131\u015f\u0131n.\" \/>\n<meta name=\"robots\" content=\"index, follow, max-snippet:-1, max-image-preview:large, max-video-preview:-1\" \/>\n<link rel=\"canonical\" href=\"https:\/\/gulmangroup.com\/fr\/a-propos-de-nous\/\" \/>\n<meta property=\"og:locale\" content=\"fr_FR\" \/>\n<meta property=\"og:type\" content=\"article\" \/>\n<meta property=\"og:title\" content=\"G\u00fclman Group | Hakk\u0131m\u0131zda\" \/>\n<meta property=\"og:description\" content=\"K\u00f6kl\u00fc ge\u00e7mi\u015fi ve g\u00fc\u00e7l\u00fc vizyonuyla gayrimenkul, lojistik ve yenilenebilir enerji alanlar\u0131nda de\u011fer yaratan G\u00fclman Group ile tan\u0131\u015f\u0131n.\" \/>\n<meta property=\"og:url\" content=\"https:\/\/gulmangroup.com\/fr\/a-propos-de-nous\/\" \/>\n<meta property=\"og:site_name\" content=\"G\u00fclman Group\" \/>\n<meta property=\"article:modified_time\" content=\"2026-01-08T13:45:38+00:00\" \/>\n<meta property=\"og:image\" content=\"https:\/\/gulmangroup.com\/wp-content\/uploads\/2023\/09\/gulman-parkplaza.jpg\" \/>\n<meta name=\"twitter:card\" content=\"summary_large_image\" \/>\n<meta name=\"twitter:label1\" content=\"Dur\u00e9e de lecture estim\u00e9e\" \/>\n\t<meta name=\"twitter:data1\" content=\"3 minutes\" \/>\n<script type=\"application\/ld+json\" class=\"yoast-schema-graph\">{\"@context\":\"https:\\\/\\\/schema.org\",\"@graph\":[{\"@type\":\"WebPage\",\"@id\":\"https:\\\/\\\/gulmangroup.com\\\/hakkimizda\\\/\",\"url\":\"https:\\\/\\\/gulmangroup.com\\\/hakkimizda\\\/\",\"name\":\"G\u00fclman Group | Hakk\u0131m\u0131zda\",\"isPartOf\":{\"@id\":\"https:\\\/\\\/gulmangroup.com\\\/#website\"},\"primaryImageOfPage\":{\"@id\":\"https:\\\/\\\/gulmangroup.com\\\/hakkimizda\\\/#primaryimage\"},\"image\":{\"@id\":\"https:\\\/\\\/gulmangroup.com\\\/hakkimizda\\\/#primaryimage\"},\"thumbnailUrl\":\"https:\\\/\\\/gulmangroup.com\\\/wp-content\\\/uploads\\\/2023\\\/09\\\/gulman-parkplaza.jpg\",\"datePublished\":\"2023-08-21T13:17:33+00:00\",\"dateModified\":\"2026-01-08T13:45:38+00:00\",\"description\":\"K\u00f6kl\u00fc ge\u00e7mi\u015fi ve g\u00fc\u00e7l\u00fc vizyonuyla gayrimenkul, lojistik ve yenilenebilir enerji alanlar\u0131nda de\u011fer yaratan G\u00fclman Group ile tan\u0131\u015f\u0131n.\",\"breadcrumb\":{\"@id\":\"https:\\\/\\\/gulmangroup.com\\\/hakkimizda\\\/#breadcrumb\"},\"inLanguage\":\"fr-FR\",\"potentialAction\":[{\"@type\":\"ReadAction\",\"target\":[\"https:\\\/\\\/gulmangroup.com\\\/hakkimizda\\\/\"]}]},{\"@type\":\"ImageObject\",\"inLanguage\":\"fr-FR\",\"@id\":\"https:\\\/\\\/gulmangroup.com\\\/hakkimizda\\\/#primaryimage\",\"url\":\"https:\\\/\\\/gulmangroup.com\\\/wp-content\\\/uploads\\\/2023\\\/09\\\/gulman-parkplaza.jpg\",\"contentUrl\":\"https:\\\/\\\/gulmangroup.com\\\/wp-content\\\/uploads\\\/2023\\\/09\\\/gulman-parkplaza.jpg\"},{\"@type\":\"BreadcrumbList\",\"@id\":\"https:\\\/\\\/gulmangroup.com\\\/hakkimizda\\\/#breadcrumb\",\"itemListElement\":[{\"@type\":\"ListItem\",\"position\":1,\"name\":\"Ana sayfa\",\"item\":\"https:\\\/\\\/gulmangroup.com\\\/\"},{\"@type\":\"ListItem\",\"position\":2,\"name\":\"Hakk\u0131m\u0131zda\"}]},{\"@type\":\"WebSite\",\"@id\":\"https:\\\/\\\/gulmangroup.com\\\/#website\",\"url\":\"https:\\\/\\\/gulmangroup.com\\\/\",\"name\":\"G\u00fclman Group\",\"description\":\"Yar\u0131n i\u00e7in bug\u00fcnden\",\"publisher\":{\"@id\":\"https:\\\/\\\/gulmangroup.com\\\/#organization\"},\"potentialAction\":[{\"@type\":\"SearchAction\",\"target\":{\"@type\":\"EntryPoint\",\"urlTemplate\":\"https:\\\/\\\/gulmangroup.com\\\/?s={search_term_string}\"},\"query-input\":{\"@type\":\"PropertyValueSpecification\",\"valueRequired\":true,\"valueName\":\"search_term_string\"}}],\"inLanguage\":\"fr-FR\"},{\"@type\":\"Organization\",\"@id\":\"https:\\\/\\\/gulmangroup.com\\\/#organization\",\"name\":\"G\u00fclman Group\",\"url\":\"https:\\\/\\\/gulmangroup.com\\\/\",\"logo\":{\"@type\":\"ImageObject\",\"inLanguage\":\"fr-FR\",\"@id\":\"https:\\\/\\\/gulmangroup.com\\\/#\\\/schema\\\/logo\\\/image\\\/\",\"url\":\"https:\\\/\\\/gulmangroup.com\\\/wp-content\\\/uploads\\\/2022\\\/01\\\/gulmangroup-logo-70.yil_.svg\",\"contentUrl\":\"https:\\\/\\\/gulmangroup.com\\\/wp-content\\\/uploads\\\/2022\\\/01\\\/gulmangroup-logo-70.yil_.svg\",\"width\":259,\"height\":67,\"caption\":\"G\u00fclman Group\"},\"image\":{\"@id\":\"https:\\\/\\\/gulmangroup.com\\\/#\\\/schema\\\/logo\\\/image\\\/\"}}]}<\/script>\n<!-- \/ Yoast SEO plugin. -->","yoast_head_json":{"title":"Groupe G\u00fclman | \u00c0 propos de nous","description":"K\u00f6kl\u00fc ge\u00e7mi\u015fi ve g\u00fc\u00e7l\u00fc vizyonuyla gayrimenkul, lojistik ve yenilenebilir enerji alanlar\u0131nda de\u011fer yaratan G\u00fclman Group ile tan\u0131\u015f\u0131n.","robots":{"index":"index","follow":"follow","max-snippet":"max-snippet:-1","max-image-preview":"max-image-preview:large","max-video-preview":"max-video-preview:-1"},"canonical":"https:\/\/gulmangroup.com\/fr\/a-propos-de-nous\/","og_locale":"fr_FR","og_type":"article","og_title":"G\u00fclman Group | Hakk\u0131m\u0131zda","og_description":"K\u00f6kl\u00fc ge\u00e7mi\u015fi ve g\u00fc\u00e7l\u00fc vizyonuyla gayrimenkul, lojistik ve yenilenebilir enerji alanlar\u0131nda de\u011fer yaratan G\u00fclman Group ile tan\u0131\u015f\u0131n.","og_url":"https:\/\/gulmangroup.com\/fr\/a-propos-de-nous\/","og_site_name":"G\u00fclman Group","article_modified_time":"2026-01-08T13:45:38+00:00","og_image":[{"url":"https:\/\/gulmangroup.com\/wp-content\/uploads\/2023\/09\/gulman-parkplaza.jpg","type":"","width":"","height":""}],"twitter_card":"summary_large_image","twitter_misc":{"Dur\u00e9e de lecture estim\u00e9e":"3 minutes"},"schema":{"@context":"https:\/\/schema.org","@graph":[{"@type":"WebPage","@id":"https:\/\/gulmangroup.com\/hakkimizda\/","url":"https:\/\/gulmangroup.com\/hakkimizda\/","name":"Groupe G\u00fclman | \u00c0 propos de nous","isPartOf":{"@id":"https:\/\/gulmangroup.com\/#website"},"primaryImageOfPage":{"@id":"https:\/\/gulmangroup.com\/hakkimizda\/#primaryimage"},"image":{"@id":"https:\/\/gulmangroup.com\/hakkimizda\/#primaryimage"},"thumbnailUrl":"https:\/\/gulmangroup.com\/wp-content\/uploads\/2023\/09\/gulman-parkplaza.jpg","datePublished":"2023-08-21T13:17:33+00:00","dateModified":"2026-01-08T13:45:38+00:00","description":"K\u00f6kl\u00fc ge\u00e7mi\u015fi ve g\u00fc\u00e7l\u00fc vizyonuyla gayrimenkul, lojistik ve yenilenebilir enerji alanlar\u0131nda de\u011fer yaratan G\u00fclman Group ile tan\u0131\u015f\u0131n.","breadcrumb":{"@id":"https:\/\/gulmangroup.com\/hakkimizda\/#breadcrumb"},"inLanguage":"fr-FR","potentialAction":[{"@type":"ReadAction","target":["https:\/\/gulmangroup.com\/hakkimizda\/"]}]},{"@type":"ImageObject","inLanguage":"fr-FR","@id":"https:\/\/gulmangroup.com\/hakkimizda\/#primaryimage","url":"https:\/\/gulmangroup.com\/wp-content\/uploads\/2023\/09\/gulman-parkplaza.jpg","contentUrl":"https:\/\/gulmangroup.com\/wp-content\/uploads\/2023\/09\/gulman-parkplaza.jpg"},{"@type":"BreadcrumbList","@id":"https:\/\/gulmangroup.com\/hakkimizda\/#breadcrumb","itemListElement":[{"@type":"ListItem","position":1,"name":"Ana sayfa","item":"https:\/\/gulmangroup.com\/"},{"@type":"ListItem","position":2,"name":"Hakk\u0131m\u0131zda"}]},{"@type":"WebSite","@id":"https:\/\/gulmangroup.com\/#website","url":"https:\/\/gulmangroup.com\/","name":"Groupe G\u00fclman","description":"Yar\u0131n i\u00e7in bug\u00fcnden","publisher":{"@id":"https:\/\/gulmangroup.com\/#organization"},"potentialAction":[{"@type":"SearchAction","target":{"@type":"EntryPoint","urlTemplate":"https:\/\/gulmangroup.com\/?s={search_term_string}"},"query-input":{"@type":"PropertyValueSpecification","valueRequired":true,"valueName":"search_term_string"}}],"inLanguage":"fr-FR"},{"@type":"Organization","@id":"https:\/\/gulmangroup.com\/#organization","name":"Groupe G\u00fclman","url":"https:\/\/gulmangroup.com\/","logo":{"@type":"ImageObject","inLanguage":"fr-FR","@id":"https:\/\/gulmangroup.com\/#\/schema\/logo\/image\/","url":"https:\/\/gulmangroup.com\/wp-content\/uploads\/2022\/01\/gulmangroup-logo-70.yil_.svg","contentUrl":"https:\/\/gulmangroup.com\/wp-content\/uploads\/2022\/01\/gulmangroup-logo-70.yil_.svg","width":259,"height":67,"caption":"G\u00fclman Group"},"image":{"@id":"https:\/\/gulmangroup.com\/#\/schema\/logo\/image\/"}}]}},"_links":{"self":[{"href":"https:\/\/gulmangroup.com\/fr\/wp-json\/wp\/v2\/pages\/16096","targetHints":{"allow":["GET"]}}],"collection":[{"href":"https:\/\/gulmangroup.com\/fr\/wp-json\/wp\/v2\/pages"}],"about":[{"href":"https:\/\/gulmangroup.com\/fr\/wp-json\/wp\/v2\/types\/page"}],"author":[{"embeddable":true,"href":"https:\/\/gulmangroup.com\/fr\/wp-json\/wp\/v2\/users\/38"}],"replies":[{"embeddable":true,"href":"https:\/\/gulmangroup.com\/fr\/wp-json\/wp\/v2\/comments?post=16096"}],"version-history":[{"count":9,"href":"https:\/\/gulmangroup.com\/fr\/wp-json\/wp\/v2\/pages\/16096\/revisions"}],"predecessor-version":[{"id":19708,"href":"https:\/\/gulmangroup.com\/fr\/wp-json\/wp\/v2\/pages\/16096\/revisions\/19708"}],"wp:attachment":[{"href":"https:\/\/gulmangroup.com\/fr\/wp-json\/wp\/v2\/media?parent=16096"}],"curies":[{"name":"wp","href":"https:\/\/api.w.org\/{rel}","templated":true}]}}