{"id":9800,"date":"2022-02-21T15:14:19","date_gmt":"2022-02-21T12:14:19","guid":{"rendered":"https:\/\/www.dijifabrik.com\/?page_id=9800"},"modified":"2026-01-08T17:14:51","modified_gmt":"2026-01-08T14:14:51","slug":"privacy-policy","status":"publish","type":"page","link":"https:\/\/gulmangroup.com\/en\/privacy-policy\/","title":{"rendered":"Gizlilik Politikas\u0131"},"content":{"rendered":"\t\t<div data-elementor-type=\"wp-page\" data-elementor-id=\"9800\" class=\"elementor elementor-9800\" data-elementor-post-type=\"page\">\n\t\t\t\t\t\t<section class=\"elementor-section elementor-top-section elementor-element elementor-element-44c9a820 elementor-section-boxed elementor-section-height-default elementor-section-height-default\" data-id=\"44c9a820\" data-element_type=\"section\" data-e-type=\"section\">\n\t\t\t\t\t\t<div class=\"elementor-container elementor-column-gap-default\">\n\t\t\t\t\t<div class=\"elementor-column elementor-col-100 elementor-top-column elementor-element elementor-element-29eb8d07\" data-id=\"29eb8d07\" data-element_type=\"column\" data-e-type=\"column\">\n\t\t\t<div class=\"elementor-widget-wrap elementor-element-populated\">\n\t\t\t\t\t\t<div class=\"elementor-element elementor-element-2fe7d007 elementor-widget elementor-widget-text-editor\" data-id=\"2fe7d007\" data-element_type=\"widget\" data-e-type=\"widget\" data-widget_type=\"text-editor.default\">\n\t\t\t\t<div class=\"elementor-widget-container\">\n\t\t\t\t\t\t\t\t\t<div class=\"wp-container-62128c332366c wp-block-group\"><div class=\"wp-block-group__inner-container\"><div class=\"wp-container-62128c33230e7 wp-block-group has-background\"><div class=\"wp-block-group__inner-container\"><p class=\"has-large-font-size\">Gizlilik Politikas\u0131:<\/p><p class=\"has-medium-font-size\"><span style=\"font-size: 24pt;\">1.\u00a0Giri\u015f<\/span><\/p><ul><li><p>Web sitesi ziyaret\u00e7ilerimizin ve hizmet kullan\u0131c\u0131lar\u0131m\u0131z\u0131n gizlili\u011fini korumay\u0131 taahh\u00fct ediyoruz.<\/p><\/li><li><p>Bu politika, bu t\u00fcr ki\u015filerin ki\u015fisel verileriyle ilgili olarak bir veri denetleyicisi olarak hareket etti\u011fimiz durumlarda ge\u00e7erlidir; ba\u015fka bir deyi\u015fle, bu ki\u015fisel verilerin i\u015flenme ama\u00e7lar\u0131n\u0131 ve ara\u00e7lar\u0131n\u0131 belirledi\u011fimiz durumlarda.<\/p><\/li><li><p>Web sitemiz, ki\u015fisel verilerinizi nas\u0131l i\u015fleyece\u011fimizi etkileyen gizlilik kontrolleri i\u00e7ermektedir. Gizlilik kontrollerini kullanarak ki\u015fisel verilerinizin toplanmas\u0131n\u0131, payla\u015f\u0131lmas\u0131n\u0131 ve yay\u0131nlanmas\u0131n\u0131 s\u0131n\u0131rlayabilirsiniz.<\/p><\/li><li><p>Web sitemizde tan\u0131mlama bilgileri kullan\u0131yoruz. Web sitemizi ilk ziyaret etti\u011finizde sizden \u00e7erez kullan\u0131m\u0131m\u0131za izin vermenizi isteyece\u011fiz.<\/p><\/li><\/ul><p>2. Toplad\u0131\u011f\u0131m\u0131z ki\u015fisel veriler<\/p><ul><li><p>Sizinle ileti\u015fim kurmam\u0131z\u0131 sa\u011flayan verileri i\u015fleyebiliriz (ad\u0131n\u0131z, e-posta adresiniz, telefon numaran\u0131z, posta adresiniz ve \/ veya sosyal medya hesap tan\u0131mlay\u0131c\u0131lar\u0131n\u0131z gibi)<\/p><\/li><li><p>Web sitenizin kullan\u0131c\u0131 hesab\u0131 verilerini i\u015fleyebiliriz (hesap tan\u0131mlay\u0131c\u0131n\u0131z\u0131, ad\u0131n\u0131z\u0131, e-posta adresinizi, i\u015fletme ad\u0131n\u0131z\u0131, hesap olu\u015fturma ve de\u011fi\u015ftirme tarihlerini, web sitesi ayarlar\u0131n\u0131 ve pazarlama tercihlerini i\u00e7erebilir).<\/p><\/li><li><p>Web sitemiz arac\u0131l\u0131\u011f\u0131yla girdi\u011finiz mal ve \/ veya hizmet sat\u0131n al\u0131mlar\u0131 dahil i\u015flemlerle ilgili bilgileri i\u015fleyebiliriz (ad\u0131n\u0131z, ileti\u015fim bilgileriniz, \u00f6deme kart\u0131 bilgileriniz veya di\u011fer \u00f6deme ayr\u0131nt\u0131lar\u0131n\u0131z ve i\u015flem ayr\u0131nt\u0131lar\u0131).<\/p><\/li><li><p>Web sitemizi ve hizmetlerimizi kullan\u0131m\u0131n\u0131zla ilgili verileri i\u015fleyebiliriz.<\/p><ul><li><p>Kullan\u0131m verileri \u015funlar\u0131 i\u00e7erebilir:<\/p><\/li><li><p>IP adresiniz, co\u011frafi konumunuz, taray\u0131c\u0131 t\u00fcr\u00fcn\u00fcz ve s\u00fcr\u00fcm\u00fcn\u00fcz, i\u015fletim sisteminiz,<\/p><\/li><li><p>y\u00f6nlendirme kayna\u011f\u0131n\u0131z, ziyaret s\u00fcreniz, sayfa g\u00f6r\u00fcn\u00fcmleriniz ve web sitesi gezinme yollar\u0131n\u0131z\u0131n yan\u0131 s\u0131ra, hizmet kullan\u0131m\u0131n\u0131z\u0131n zamanlamas\u0131, s\u0131kl\u0131\u011f\u0131 ve kal\u0131b\u0131 hakk\u0131ndaki bilgiler,<\/p><\/li><li><p>e-postalar\u0131m\u0131z ve\/veya b\u00fcltenlerimize abone olurken verdi\u011finiz ad ve e-posta adresi gibi bilgiler, kullan\u0131c\u0131 ad\u0131n\u0131z, profil resminiz ve g\u00f6nderinizin i\u00e7eri\u011fi dahil, sitemizi kullanarak internette payla\u015fmak amac\u0131yla sitemize g\u00f6nderdi\u011finiz bilgiler,<\/p><\/li><li><p>ileti\u015fim i\u00e7erikleri ve \u00fcst veriler dahil sitemiz veya e-posta yoluyla g\u00f6nderdi\u011finiz her t\u00fcrl\u00fc ileti\u015fim i\u00e7erikleri, bize g\u00f6nderdi\u011finiz di\u011fer t\u00fcm ki\u015fisel bilgiler.<\/p><\/li><\/ul><\/li><\/ul><p>3. Ki\u015fisel bilgilerinizin kullan\u0131lmas\u0131<\/p><ul><li><p>Ki\u015fisel bilgilerinizi \u015fu ama\u00e7lar i\u00e7in kullanabiliriz: sitemizi ve i\u015fletmemizi y\u00f6netmek; sizin i\u00e7in ki\u015fiselle\u015ftirerek web sitemizdeki hizmetleri kolayl\u0131kla kullanman\u0131z\u0131 sa\u011flamak<\/p><\/li><li><p>Sat\u0131n alma i\u015flemlerinde \u00fcr\u00fcnleri size kolayl\u0131kla ula\u015ft\u0131rabilmek; bildirim, fatura ve \u00f6deme hat\u0131rlat\u0131c\u0131lar\u0131 g\u00f6ndermek ve sizden \u00f6deme almak,<\/p><\/li><li><p>Talep etti\u011finiz e-posta bildirimlerini g\u00f6ndermek (bildirimleri diledi\u011finiz zaman iptal edebilirsiniz)<\/p><\/li><li><p>Size i\u015fletmemiz veya \u00f6zenle se\u00e7ilmi\u015f \u00fc\u00e7\u00fcnc\u00fc taraf i\u015fletmeler taraf\u0131ndan, i\u015finize yarayaca\u011f\u0131n\u0131 d\u00fc\u015f\u00fcnd\u00fc\u011f\u00fcm\u00fcz pazarlama i\u00e7eriklerini \u00f6zellikle kabul etti\u011finiz takdirde posta, e-posta veya benzer teknolojilerle g\u00f6ndermek (pazarlama i\u00e7eriklerini istemiyorsan\u0131z bize her an bildirebilirsiniz)<\/p><\/li><li><p>Sitemizle ilgili sizin taraf\u0131n\u0131zdan veya sizinle ilgili yap\u0131lan \u015fikayetleri ve talepleri \u00e7\u00f6zmek<\/p><\/li><li><p>Sitemizi g\u00fcvenli tutmak ve doland\u0131r\u0131c\u0131l\u0131\u011f\u0131 \u00f6nlemek<\/p><\/li><li><p>\u00dc\u00e7\u00fcnc\u00fc taraflara kullan\u0131c\u0131lar\u0131m\u0131z hakk\u0131nda istatistiksel bilgiler sunmak (ancak bu \u00fc\u00e7\u00fcnc\u00fc taraflar bu bilgileri kullanarak hi\u00e7bir kullan\u0131c\u0131n\u0131n kimli\u011fini belirleyemezler)<\/p><\/li><li><p>Web sitemizin, ilgili \u015fartlar ve ko\u015fullara uygun olarak kullan\u0131ld\u0131\u011f\u0131n\u0131 do\u011frulamak (sitemizdeki \u00f6zel mesaj hizmeti ile g\u00f6nderilen mesajlar\u0131 izlemek dahil).<\/p><\/li><li><p>Ki\u015fisel verilerinizi, tabi oldu\u011fumuz yasal bir y\u00fck\u00fcml\u00fcl\u00fc\u011fe uymak i\u00e7in veya hayati menfaatlerinizi veya ba\u015fka bir ger\u00e7ek ki\u015finin hayati menfaatlerini korumak i\u00e7in gerekli oldu\u011fu durumlarda da kullanabiliriz.<\/p><\/li><\/ul><p>4. Ki\u015fisel verilerin payla\u015f\u0131lmas\u0131<\/p><ul><li><p>Ki\u015fisel verilerinizi sigortac\u0131lar\u0131m\u0131za ve \/ veya profesyonel dan\u0131\u015fmanlar\u0131m\u0131za, sigorta kapsam\u0131n\u0131n al\u0131nmas\u0131 veya s\u00fcrd\u00fcr\u00fclmesi, risklerin y\u00f6netilmesi, profesyonel tavsiye alma ama\u00e7lar\u0131 i\u00e7in makul \u00f6l\u00e7\u00fcde gerekli oldu\u011fu s\u00fcrece if\u015fa edebiliriz.<\/p><\/li><li><p>Ki\u015fisel verilerinizi yasal gereklilik durumlar\u0131nda ilgili mercilerle payla\u015fabiliriz (mahkeme i\u015flemlerinde veya idari veya mahkeme d\u0131\u015f\u0131 bir prosed\u00fcrde yasal iddialar\u0131n olu\u015fturulmas\u0131, uygulanmas\u0131 veya savunulmas\u0131 i\u00e7in bu t\u00fcr bir if\u015fan\u0131n gerekli oldu\u011fu durumlarda ki\u015fisel verilerinizi payla\u015fabiliriz.<\/p><\/li><\/ul><p>Bu ilkeler d\u0131\u015f\u0131nda, a\u00e7\u0131k\u00e7a izin vermedi\u011finiz m\u00fcddet\u00e7e ki\u015fisel bilgilerinizi \u00fc\u00e7\u00fcnc\u00fc taraflara iletmeyece\u011fiz.<\/p><p>5. Ki\u015fisel verilerin saklanmas\u0131 ve silinmesi<\/p><ul><li><p>Herhangi bir ama\u00e7la i\u015fledi\u011fimiz ki\u015fisel veriler, bu ama\u00e7lar i\u00e7in gerekli olandan daha uzun s\u00fcre saklanmayacakt\u0131r. Bu ilkeyi etkilememek \u00fczere, a\u015fa\u011f\u0131da belirtilen kategorilere dahil olan verileri genellikle a\u015fa\u011f\u0131da belirtilen tarih\/saatte sileriz:<\/p><ul><li><p>Ki\u015fisel veri t\u00fcr\u00fc site ziyaretinizden 60 g\u00fcn sonra silinecektir.<\/p><\/li><\/ul><\/li><li><p>Di\u011fer h\u00fck\u00fcmlerine bak\u0131lmaks\u0131z\u0131n, tabi oldu\u011fumuz yasal bir y\u00fck\u00fcml\u00fcl\u00fc\u011fe uymak i\u00e7in veya hayati \u00e7\u0131karlar\u0131n\u0131z\u0131 veya hayati \u00e7\u0131karlar\u0131n\u0131z\u0131 korumak i\u00e7in, bu t\u00fcr bir saklaman\u0131n gerekli oldu\u011fu durumlarda ki\u015fisel verilerinizi saklayabiliriz.<\/p><\/li><\/ul><p>6. Haklar\u0131n\u0131z<\/p><p>Veri koruma yasas\u0131 kapsam\u0131ndaki temel haklar\u0131n\u0131z \u015funlard\u0131r:<\/p><ul><li><p>Eri\u015fim hakk\u0131 \u2013\u00a0ki\u015fisel verilerinizin kopyalar\u0131n\u0131 isteyebilirsiniz;<\/p><\/li><li><p>D\u00fczeltme hakk\u0131 \u2013\u00a0bizden yanl\u0131\u015f ki\u015fisel verileri d\u00fczeltmemizi ve eksik ki\u015fisel verileri tamamlamam\u0131z\u0131 isteyebilirsiniz;<\/p><\/li><li><p>Silme hakk\u0131 \u2013\u00a0bizden ki\u015fisel verilerinizi silmemizi isteyebilirsiniz;<\/p><\/li><li><p>\u0130\u015flemeyi k\u0131s\u0131tlama hakk\u0131 \u2013\u00a0bizden ki\u015fisel verilerinizin i\u015flenmesini k\u0131s\u0131tlamam\u0131z\u0131 isteyebilirsiniz;<\/p><\/li><li><p>\u0130\u015flemeye itiraz etme hakk\u0131 \u2013\u00a0ki\u015fisel verilerinizin i\u015flenmesine itiraz edebilirsiniz;<\/p><\/li><li><p>Veri ta\u015f\u0131nabilirli\u011fi hakk\u0131 \u2013\u00a0ki\u015fisel verilerinizi ba\u015fka bir kurulu\u015fa veya size aktarmam\u0131z\u0131 isteyebilirsiniz;<\/p><\/li><li><p>Bir denetim makam\u0131na \u015fikayette bulunma hakk\u0131 \u2013\u00a0ki\u015fisel verilerinizi i\u015flememiz hakk\u0131nda \u015fikayette bulunabilirsiniz;<\/p><\/li><li><p>R\u0131zan\u0131z\u0131 geri \u00e7ekme hakk\u0131 \u2013\u00a0ki\u015fisel verilerinizi i\u015flememizin yasal dayana\u011f\u0131n\u0131n r\u0131za oldu\u011fu \u00f6l\u00e7\u00fcde, bu r\u0131zay\u0131 geri \u00e7ekebilirsiniz.<\/p><\/li><\/ul><p>Ki\u015fisel verilerinizle ilgili haklar\u0131n\u0131zdan herhangi birini [a\u015fa\u011f\u0131da belirtilen ileti\u015fim bilgilerini kullanarak bize yaz\u0131l\u0131 bildirimde bulunarak] kullanabilirsiniz.<\/p><p>7. \u00c7erezler<\/p><p>Web sitemizde \u00e7erezler kullan\u0131l\u0131r. Bu \u00e7erezler, ziyaret\u00e7ilerin tercihlerini ve ziyaret\u00e7inin eri\u015fti\u011fi veya ziyaret etti\u011fi web sitesindeki sayfalar\u0131 i\u00e7eren bilgileri depolamak i\u00e7in kullan\u0131l\u0131r. Bilgiler, web sayfas\u0131 i\u00e7eri\u011fimizi ziyaret\u00e7ilerin taray\u0131c\u0131 t\u00fcr\u00fcne ve \/ veya di\u011fer bilgilere g\u00f6re \u00f6zelle\u015ftirerek kullan\u0131c\u0131lar\u0131n deneyimini optimize etmek i\u00e7in kullan\u0131l\u0131r.<\/p><p>\u00c7erezler \u201ckal\u0131c\u0131\u201d veya \u201coturum\u201d \u00e7erezleri olabilir: Kal\u0131c\u0131 \u00e7erez, kullan\u0131c\u0131 taraf\u0131ndan son kullan\u0131m tarihine kadar silinmedi\u011fi takdirde taray\u0131c\u0131 taraf\u0131ndan saklan\u0131r ve son kullan\u0131m tarihinde silinir; oturum \u00e7erezi ise kullan\u0131c\u0131 oturumunun sonunda taray\u0131c\u0131 kapat\u0131ld\u0131\u011f\u0131nda silinir. \u00c7erezler, bir kullan\u0131c\u0131y\u0131 ki\u015fisel olarak tan\u0131mlayan herhangi bir bilgi i\u00e7eremez, ancak hakk\u0131n\u0131zda saklad\u0131\u011f\u0131m\u0131z ki\u015fisel veriler, \u00e7erezlerde saklanan ve bunlardan elde edilen bilgilerle ba\u011flant\u0131l\u0131 olabilir.<\/p><p>Sitemizdeki baz\u0131 reklamc\u0131lar \u00e7erezler ve web i\u015faret\u00e7ileri kullanabilir.\u00a0Reklam ortaklar\u0131m\u0131z\u0131n her birinin, kullan\u0131c\u0131 verilerine ili\u015fkin politikalar\u0131 i\u00e7in kendi Gizlilik Politikas\u0131 vard\u0131r.\u00a0Web sitemizin \u00fc\u00e7\u00fcnc\u00fc taraf reklamc\u0131lar taraf\u0131ndan kullan\u0131lan tan\u0131mlama bilgilerine eri\u015fimi veya kontrol\u00fc olmad\u0131\u011f\u0131n\u0131 unutmay\u0131n. Bu nedenle, daha ayr\u0131nt\u0131l\u0131 bilgi i\u00e7in bu \u00fc\u00e7\u00fcnc\u00fc taraf reklam sunucular\u0131n\u0131n ilgili Gizlilik Politikalar\u0131na ba\u015fvurman\u0131z\u0131 tavsiye ederiz.<\/p><p>8. \u00c7erezleri y\u00f6netme<\/p><p>\u00c7o\u011fu taray\u0131c\u0131, \u00e7erezleri kabul etmenize, reddetmenize ve silmenize izin verir. \u015eu ba\u011flant\u0131lar arac\u0131l\u0131\u011f\u0131yla \u00e7erezleri engelleme ve silme hakk\u0131nda g\u00fcncel bilgiler edinebilirsiniz:<\/p><ul><li><p>https:\/\/support.google.com\/chrome\/answer\/95647 (Chrome)<\/p><\/li><li><p>https:\/\/support.mozilla.org\/en-US\/kb\/enable-and-disable-cookies-website-preferences (Firefox);<\/p><\/li><li><p>https:\/\/help.opera.com\/en\/latest\/security-and-privacy\/ (Opera);<\/p><\/li><li><p>https:\/\/support.microsoft.com\/en-gb\/help\/17442\/windows-internet-explorer-delete-manage-cookies (Internet Explorer);<\/p><\/li><li><p>https:\/\/support.apple.com\/en-gb\/guide\/safari\/manage-cookies-and-website-data-sfri11471\/mac (Safari); ve<\/p><\/li><li><p>https:\/\/privacy.microsoft.com\/en-us\/windows-10-microsoft-edge-and-privacy (Edge).<\/p><\/li><\/ul><p>T\u00fcm tan\u0131mlama bilgilerinin engellenmesi, bir\u00e7ok web sitesinin kullan\u0131labilirli\u011fi \u00fczerinde olumsuz bir etkiye sahip olacakt\u0131r. \u00c7erezleri engellerseniz, web sitemizdeki t\u00fcm \u00f6zellikleri kullanamazs\u0131n\u0131z.<\/p><p>Web sitemizde yeni bir versiyon yay\u0131nlayarak bu politikay\u0131 zaman zaman g\u00fcncelleyebiliriz. Bu Gizlilik Politikas\u0131 yaln\u0131zca \u00e7evrimi\u00e7i etkinliklerimiz i\u00e7in ve web sitemizi ziyaret edenler i\u00e7in ge\u00e7erlidir. Bu politika, \u00e7evrimd\u0131\u015f\u0131 veya bu web sitesi d\u0131\u015f\u0131ndaki kanallar arac\u0131l\u0131\u011f\u0131yla toplanan hi\u00e7bir bilgi i\u00e7in ge\u00e7erli de\u011fildir.<\/p><p>Web sitemizi kullanarak, Gizlilik Politikam\u0131z\u0131, \u015eartlar ve Ko\u015fullar\u0131 kabul etmi\u015f say\u0131l\u0131rs\u0131n\u0131z.<\/p><\/div><\/div><\/div><\/div>\t\t\t\t\t\t\t\t<\/div>\n\t\t\t\t<\/div>\n\t\t\t\t\t<\/div>\n\t\t<\/div>\n\t\t\t\t\t<\/div>\n\t\t<\/section>\n\t\t\t\t<\/div>\n\t\t","protected":false},"excerpt":{"rendered":"<p>Gizlilik Politikas\u0131: 1.\u00a0Giri\u015f Web sitesi ziyaret\u00e7ilerimizin ve hizmet kullan\u0131c\u0131lar\u0131m\u0131z\u0131n gizlili\u011fini korumay\u0131 taahh\u00fct ediyoruz. Bu politika, bu t\u00fcr ki\u015filerin ki\u015fisel verileriyle ilgili olarak bir veri denetleyicisi olarak hareket etti\u011fimiz durumlarda ge\u00e7erlidir; ba\u015fka bir deyi\u015fle, bu ki\u015fisel verilerin i\u015flenme ama\u00e7lar\u0131n\u0131 ve ara\u00e7lar\u0131n\u0131 belirledi\u011fimiz durumlarda. Web sitemiz, ki\u015fisel verilerinizi nas\u0131l i\u015fleyece\u011fimizi etkileyen gizlilik kontrolleri i\u00e7ermektedir. Gizlilik kontrollerini kullanarak [&hellip;]<\/p>\n","protected":false},"author":38,"featured_media":0,"parent":0,"menu_order":0,"comment_status":"closed","ping_status":"closed","template":"elementor_header_footer","meta":{"footnotes":""},"class_list":["post-9800","page","type-page","status-publish","hentry"],"yoast_head":"<!-- This site is optimized with the Yoast SEO plugin v27.3 - https:\/\/yoast.com\/product\/yoast-seo-wordpress\/ -->\n<title>G\u00fclman Group | Gizlilik Politikas\u0131<\/title>\n<meta name=\"description\" content=\"G\u00fclman Group, yasal gizlilik politikas\u0131 ile verilerin g\u00fcvenli\u011fini korur. Yasal olarak haz\u0131rlanm\u0131\u015f gizlilik politikas\u0131n\u0131 okumak i\u00e7in t\u0131klay\u0131n.\" \/>\n<meta name=\"robots\" content=\"index, follow, max-snippet:-1, max-image-preview:large, max-video-preview:-1\" \/>\n<link rel=\"canonical\" href=\"https:\/\/gulmangroup.com\/en\/privacy-policy\/\" \/>\n<meta property=\"og:locale\" content=\"en_US\" \/>\n<meta property=\"og:type\" content=\"article\" \/>\n<meta property=\"og:title\" content=\"G\u00fclman Group | Gizlilik Politikas\u0131\" \/>\n<meta property=\"og:description\" content=\"G\u00fclman Group, yasal gizlilik politikas\u0131 ile verilerin g\u00fcvenli\u011fini korur. Yasal olarak haz\u0131rlanm\u0131\u015f gizlilik politikas\u0131n\u0131 okumak i\u00e7in t\u0131klay\u0131n.\" \/>\n<meta property=\"og:url\" content=\"https:\/\/gulmangroup.com\/en\/privacy-policy\/\" \/>\n<meta property=\"og:site_name\" content=\"G\u00fclman Group\" \/>\n<meta property=\"article:modified_time\" content=\"2026-01-08T14:14:51+00:00\" \/>\n<meta name=\"twitter:card\" content=\"summary_large_image\" \/>\n<meta name=\"twitter:label1\" content=\"Est. reading time\" \/>\n\t<meta name=\"twitter:data1\" content=\"6 minutes\" \/>\n<script type=\"application\/ld+json\" class=\"yoast-schema-graph\">{\"@context\":\"https:\\\/\\\/schema.org\",\"@graph\":[{\"@type\":\"WebPage\",\"@id\":\"https:\\\/\\\/gulmangroup.com\\\/gizlilik-politikasi\\\/\",\"url\":\"https:\\\/\\\/gulmangroup.com\\\/gizlilik-politikasi\\\/\",\"name\":\"G\u00fclman Group | Gizlilik Politikas\u0131\",\"isPartOf\":{\"@id\":\"https:\\\/\\\/gulmangroup.com\\\/#website\"},\"datePublished\":\"2022-02-21T12:14:19+00:00\",\"dateModified\":\"2026-01-08T14:14:51+00:00\",\"description\":\"G\u00fclman Group, yasal gizlilik politikas\u0131 ile verilerin g\u00fcvenli\u011fini korur. Yasal olarak haz\u0131rlanm\u0131\u015f gizlilik politikas\u0131n\u0131 okumak i\u00e7in t\u0131klay\u0131n.\",\"breadcrumb\":{\"@id\":\"https:\\\/\\\/gulmangroup.com\\\/gizlilik-politikasi\\\/#breadcrumb\"},\"inLanguage\":\"en-US\",\"potentialAction\":[{\"@type\":\"ReadAction\",\"target\":[\"https:\\\/\\\/gulmangroup.com\\\/gizlilik-politikasi\\\/\"]}]},{\"@type\":\"BreadcrumbList\",\"@id\":\"https:\\\/\\\/gulmangroup.com\\\/gizlilik-politikasi\\\/#breadcrumb\",\"itemListElement\":[{\"@type\":\"ListItem\",\"position\":1,\"name\":\"Ana sayfa\",\"item\":\"https:\\\/\\\/gulmangroup.com\\\/\"},{\"@type\":\"ListItem\",\"position\":2,\"name\":\"Gizlilik Politikas\u0131\"}]},{\"@type\":\"WebSite\",\"@id\":\"https:\\\/\\\/gulmangroup.com\\\/#website\",\"url\":\"https:\\\/\\\/gulmangroup.com\\\/\",\"name\":\"G\u00fclman Group\",\"description\":\"Yar\u0131n i\u00e7in bug\u00fcnden\",\"publisher\":{\"@id\":\"https:\\\/\\\/gulmangroup.com\\\/#organization\"},\"potentialAction\":[{\"@type\":\"SearchAction\",\"target\":{\"@type\":\"EntryPoint\",\"urlTemplate\":\"https:\\\/\\\/gulmangroup.com\\\/?s={search_term_string}\"},\"query-input\":{\"@type\":\"PropertyValueSpecification\",\"valueRequired\":true,\"valueName\":\"search_term_string\"}}],\"inLanguage\":\"en-US\"},{\"@type\":\"Organization\",\"@id\":\"https:\\\/\\\/gulmangroup.com\\\/#organization\",\"name\":\"G\u00fclman Group\",\"url\":\"https:\\\/\\\/gulmangroup.com\\\/\",\"logo\":{\"@type\":\"ImageObject\",\"inLanguage\":\"en-US\",\"@id\":\"https:\\\/\\\/gulmangroup.com\\\/#\\\/schema\\\/logo\\\/image\\\/\",\"url\":\"https:\\\/\\\/gulmangroup.com\\\/wp-content\\\/uploads\\\/2022\\\/01\\\/gulmangroup-logo-70.yil_.svg\",\"contentUrl\":\"https:\\\/\\\/gulmangroup.com\\\/wp-content\\\/uploads\\\/2022\\\/01\\\/gulmangroup-logo-70.yil_.svg\",\"width\":259,\"height\":67,\"caption\":\"G\u00fclman Group\"},\"image\":{\"@id\":\"https:\\\/\\\/gulmangroup.com\\\/#\\\/schema\\\/logo\\\/image\\\/\"}}]}<\/script>\n<!-- \/ Yoast SEO plugin. -->","yoast_head_json":{"title":"Gulman Group | Privacy Policy","description":"G\u00fclman Group, yasal gizlilik politikas\u0131 ile verilerin g\u00fcvenli\u011fini korur. Yasal olarak haz\u0131rlanm\u0131\u015f gizlilik politikas\u0131n\u0131 okumak i\u00e7in t\u0131klay\u0131n.","robots":{"index":"index","follow":"follow","max-snippet":"max-snippet:-1","max-image-preview":"max-image-preview:large","max-video-preview":"max-video-preview:-1"},"canonical":"https:\/\/gulmangroup.com\/en\/privacy-policy\/","og_locale":"en_US","og_type":"article","og_title":"G\u00fclman Group | Gizlilik Politikas\u0131","og_description":"G\u00fclman Group, yasal gizlilik politikas\u0131 ile verilerin g\u00fcvenli\u011fini korur. Yasal olarak haz\u0131rlanm\u0131\u015f gizlilik politikas\u0131n\u0131 okumak i\u00e7in t\u0131klay\u0131n.","og_url":"https:\/\/gulmangroup.com\/en\/privacy-policy\/","og_site_name":"G\u00fclman Group","article_modified_time":"2026-01-08T14:14:51+00:00","twitter_card":"summary_large_image","twitter_misc":{"Est. reading time":"6 minutes"},"schema":{"@context":"https:\/\/schema.org","@graph":[{"@type":"WebPage","@id":"https:\/\/gulmangroup.com\/gizlilik-politikasi\/","url":"https:\/\/gulmangroup.com\/gizlilik-politikasi\/","name":"Gulman Group | Privacy Policy","isPartOf":{"@id":"https:\/\/gulmangroup.com\/#website"},"datePublished":"2022-02-21T12:14:19+00:00","dateModified":"2026-01-08T14:14:51+00:00","description":"G\u00fclman Group, yasal gizlilik politikas\u0131 ile verilerin g\u00fcvenli\u011fini korur. Yasal olarak haz\u0131rlanm\u0131\u015f gizlilik politikas\u0131n\u0131 okumak i\u00e7in t\u0131klay\u0131n.","breadcrumb":{"@id":"https:\/\/gulmangroup.com\/gizlilik-politikasi\/#breadcrumb"},"inLanguage":"en-US","potentialAction":[{"@type":"ReadAction","target":["https:\/\/gulmangroup.com\/gizlilik-politikasi\/"]}]},{"@type":"BreadcrumbList","@id":"https:\/\/gulmangroup.com\/gizlilik-politikasi\/#breadcrumb","itemListElement":[{"@type":"ListItem","position":1,"name":"Ana sayfa","item":"https:\/\/gulmangroup.com\/"},{"@type":"ListItem","position":2,"name":"Gizlilik Politikas\u0131"}]},{"@type":"WebSite","@id":"https:\/\/gulmangroup.com\/#website","url":"https:\/\/gulmangroup.com\/","name":"Gulman Group","description":"Yar\u0131n i\u00e7in bug\u00fcnden","publisher":{"@id":"https:\/\/gulmangroup.com\/#organization"},"potentialAction":[{"@type":"SearchAction","target":{"@type":"EntryPoint","urlTemplate":"https:\/\/gulmangroup.com\/?s={search_term_string}"},"query-input":{"@type":"PropertyValueSpecification","valueRequired":true,"valueName":"search_term_string"}}],"inLanguage":"en-US"},{"@type":"Organization","@id":"https:\/\/gulmangroup.com\/#organization","name":"Gulman Group","url":"https:\/\/gulmangroup.com\/","logo":{"@type":"ImageObject","inLanguage":"en-US","@id":"https:\/\/gulmangroup.com\/#\/schema\/logo\/image\/","url":"https:\/\/gulmangroup.com\/wp-content\/uploads\/2022\/01\/gulmangroup-logo-70.yil_.svg","contentUrl":"https:\/\/gulmangroup.com\/wp-content\/uploads\/2022\/01\/gulmangroup-logo-70.yil_.svg","width":259,"height":67,"caption":"G\u00fclman Group"},"image":{"@id":"https:\/\/gulmangroup.com\/#\/schema\/logo\/image\/"}}]}},"_links":{"self":[{"href":"https:\/\/gulmangroup.com\/en\/wp-json\/wp\/v2\/pages\/9800","targetHints":{"allow":["GET"]}}],"collection":[{"href":"https:\/\/gulmangroup.com\/en\/wp-json\/wp\/v2\/pages"}],"about":[{"href":"https:\/\/gulmangroup.com\/en\/wp-json\/wp\/v2\/types\/page"}],"author":[{"embeddable":true,"href":"https:\/\/gulmangroup.com\/en\/wp-json\/wp\/v2\/users\/38"}],"replies":[{"embeddable":true,"href":"https:\/\/gulmangroup.com\/en\/wp-json\/wp\/v2\/comments?post=9800"}],"version-history":[{"count":4,"href":"https:\/\/gulmangroup.com\/en\/wp-json\/wp\/v2\/pages\/9800\/revisions"}],"predecessor-version":[{"id":20371,"href":"https:\/\/gulmangroup.com\/en\/wp-json\/wp\/v2\/pages\/9800\/revisions\/20371"}],"wp:attachment":[{"href":"https:\/\/gulmangroup.com\/en\/wp-json\/wp\/v2\/media?parent=9800"}],"curies":[{"name":"wp","href":"https:\/\/api.w.org\/{rel}","templated":true}]}}