{"id":18998,"date":"2023-11-06T15:50:58","date_gmt":"2023-11-06T12:50:58","guid":{"rendered":"https:\/\/gulmangroup.com\/?page_id=18998"},"modified":"2026-01-08T16:32:24","modified_gmt":"2026-01-08T13:32:24","slug":"corporate-documents","status":"publish","type":"page","link":"https:\/\/gulmangroup.com\/en\/corporate-documents\/","title":{"rendered":"Kurumsal D\u00f6k\u00fcmanlar"},"content":{"rendered":"<div data-elementor-type=\"wp-page\" data-elementor-id=\"18998\" class=\"elementor elementor-18998\" data-elementor-post-type=\"page\">\n\t\t\t\t\t\t<section class=\"elementor-section elementor-top-section elementor-element elementor-element-eeeb1d3 elementor-hidden-mobile elementor-section-boxed elementor-section-height-default elementor-section-height-default\" data-id=\"eeeb1d3\" data-element_type=\"section\" data-e-type=\"section\" data-settings=\"{&quot;background_background&quot;:&quot;classic&quot;}\">\n\t\t\t\t\t\t<div class=\"elementor-container elementor-column-gap-default\">\n\t\t\t\t\t<div class=\"elementor-column elementor-col-100 elementor-top-column elementor-element elementor-element-85e9f50\" data-id=\"85e9f50\" data-element_type=\"column\" data-e-type=\"column\">\n\t\t\t<div class=\"elementor-widget-wrap elementor-element-populated\">\n\t\t\t\t\t\t<section class=\"elementor-section elementor-inner-section elementor-element elementor-element-779b243 elementor-section-boxed elementor-section-height-default elementor-section-height-default\" data-id=\"779b243\" data-element_type=\"section\" data-e-type=\"section\">\n\t\t\t\t\t\t<div class=\"elementor-container elementor-column-gap-narrow\">\n\t\t\t\t\t<div class=\"elementor-column elementor-col-25 elementor-inner-column elementor-element elementor-element-3214e18\" data-id=\"3214e18\" data-element_type=\"column\" data-e-type=\"column\">\n\t\t\t<div class=\"elementor-widget-wrap elementor-element-populated\">\n\t\t\t\t\t\t<div class=\"elementor-element elementor-element-a95957d elementor-align-left elementor-widget elementor-widget-button\" data-id=\"a95957d\" data-element_type=\"widget\" data-e-type=\"widget\" data-widget_type=\"button.default\">\n\t\t\t\t<div class=\"elementor-widget-container\">\n\t\t\t\t\t\t\t\t\t<div class=\"elementor-button-wrapper\">\n\t\t\t\t\t<a class=\"elementor-button elementor-button-link elementor-size-xs elementor-animation-shrink\" href=\"https:\/\/gulmangroup.com\/en\/gulman-press-room\/\">\n\t\t\t\t\t\t<span class=\"elementor-button-content-wrapper\">\n\t\t\t\t\t\t\t\t\t<span class=\"elementor-button-text\">News<\/span>\n\t\t\t\t\t<\/span>\n\t\t\t\t\t<\/a>\n\t\t\t\t<\/div>\n\t\t\t\t\t\t\t\t<\/div>\n\t\t\t\t<\/div>\n\t\t\t\t\t<\/div>\n\t\t<\/div>\n\t\t\t\t<div class=\"elementor-column elementor-col-25 elementor-inner-column elementor-element elementor-element-29829d6\" data-id=\"29829d6\" data-element_type=\"column\" data-e-type=\"column\">\n\t\t\t<div class=\"elementor-widget-wrap elementor-element-populated\">\n\t\t\t\t\t\t<div class=\"elementor-element elementor-element-443db98 elementor-align-left elementor-widget__width-initial elementor-widget elementor-widget-button\" data-id=\"443db98\" data-element_type=\"widget\" data-e-type=\"widget\" data-widget_type=\"button.default\">\n\t\t\t\t<div class=\"elementor-widget-container\">\n\t\t\t\t\t\t\t\t\t<div class=\"elementor-button-wrapper\">\n\t\t\t\t\t<a class=\"elementor-button elementor-button-link elementor-size-sm elementor-animation-shrink\" href=\"https:\/\/gulmangroup.com\/en\/promotional-videos\/\">\n\t\t\t\t\t\t<span class=\"elementor-button-content-wrapper\">\n\t\t\t\t\t\t\t\t\t<span class=\"elementor-button-text\">Videos<\/span>\n\t\t\t\t\t<\/span>\n\t\t\t\t\t<\/a>\n\t\t\t\t<\/div>\n\t\t\t\t\t\t\t\t<\/div>\n\t\t\t\t<\/div>\n\t\t\t\t\t<\/div>\n\t\t<\/div>\n\t\t\t\t<div class=\"elementor-column elementor-col-25 elementor-inner-column elementor-element elementor-element-4fd4784\" data-id=\"4fd4784\" data-element_type=\"column\" data-e-type=\"column\">\n\t\t\t<div class=\"elementor-widget-wrap elementor-element-populated\">\n\t\t\t\t\t\t<div class=\"elementor-element elementor-element-4139589 elementor-align-left elementor-widget__width-initial elementor-widget elementor-widget-button\" data-id=\"4139589\" data-element_type=\"widget\" data-e-type=\"widget\" data-widget_type=\"button.default\">\n\t\t\t\t<div class=\"elementor-widget-container\">\n\t\t\t\t\t\t\t\t\t<div class=\"elementor-button-wrapper\">\n\t\t\t\t\t<a class=\"elementor-button elementor-button-link elementor-size-sm elementor-animation-shrink\" href=\"https:\/\/gulmangroup.com\/en\/corporate-documents\/\">\n\t\t\t\t\t\t<span class=\"elementor-button-content-wrapper\">\n\t\t\t\t\t\t\t\t\t<span class=\"elementor-button-text\">Media Contact<\/span>\n\t\t\t\t\t<\/span>\n\t\t\t\t\t<\/a>\n\t\t\t\t<\/div>\n\t\t\t\t\t\t\t\t<\/div>\n\t\t\t\t<\/div>\n\t\t\t\t\t<\/div>\n\t\t<\/div>\n\t\t\t\t<div class=\"elementor-column elementor-col-25 elementor-inner-column elementor-element elementor-element-c5f9579\" data-id=\"c5f9579\" data-element_type=\"column\" data-e-type=\"column\">\n\t\t\t<div class=\"elementor-widget-wrap\">\n\t\t\t\t\t\t\t<\/div>\n\t\t<\/div>\n\t\t\t\t\t<\/div>\n\t\t<\/section>\n\t\t\t\t\t<\/div>\n\t\t<\/div>\n\t\t\t\t\t<\/div>\n\t\t<\/section>\n\t\t\t\t<section class=\"elementor-section elementor-top-section elementor-element elementor-element-6b3757c elementor-hidden-desktop elementor-hidden-tablet elementor-section-boxed elementor-section-height-default elementor-section-height-default\" data-id=\"6b3757c\" data-element_type=\"section\" data-e-type=\"section\" data-settings=\"{&quot;background_background&quot;:&quot;classic&quot;}\">\n\t\t\t\t\t\t<div class=\"elementor-container elementor-column-gap-default\">\n\t\t\t\t\t<div class=\"elementor-column elementor-col-100 elementor-top-column elementor-element elementor-element-725843d\" data-id=\"725843d\" data-element_type=\"column\" data-e-type=\"column\">\n\t\t\t<div class=\"elementor-widget-wrap elementor-element-populated\">\n\t\t\t\t\t\t<section class=\"elementor-section elementor-inner-section elementor-element elementor-element-d0e5959 elementor-section-boxed elementor-section-height-default elementor-section-height-default\" data-id=\"d0e5959\" data-element_type=\"section\" data-e-type=\"section\">\n\t\t\t\t\t\t<div class=\"elementor-container elementor-column-gap-narrow\">\n\t\t\t\t\t<div class=\"elementor-column elementor-col-25 elementor-inner-column elementor-element elementor-element-78eed7b\" data-id=\"78eed7b\" data-element_type=\"column\" data-e-type=\"column\">\n\t\t\t<div class=\"elementor-widget-wrap elementor-element-populated\">\n\t\t\t\t\t\t<div class=\"elementor-element elementor-element-97319e7 elementor-align-left elementor-widget elementor-widget-button\" data-id=\"97319e7\" data-element_type=\"widget\" data-e-type=\"widget\" data-widget_type=\"button.default\">\n\t\t\t\t<div class=\"elementor-widget-container\">\n\t\t\t\t\t\t\t\t\t<div class=\"elementor-button-wrapper\">\n\t\t\t\t\t<a class=\"elementor-button elementor-button-link elementor-size-xs elementor-animation-shrink\" href=\"https:\/\/gulmangroup.com\/en\/gulman-press-room\/\">\n\t\t\t\t\t\t<span class=\"elementor-button-content-wrapper\">\n\t\t\t\t\t\t\t\t\t<span class=\"elementor-button-text\">News<\/span>\n\t\t\t\t\t<\/span>\n\t\t\t\t\t<\/a>\n\t\t\t\t<\/div>\n\t\t\t\t\t\t\t\t<\/div>\n\t\t\t\t<\/div>\n\t\t\t\t\t<\/div>\n\t\t<\/div>\n\t\t\t\t<div class=\"elementor-column elementor-col-25 elementor-inner-column elementor-element elementor-element-7027553\" data-id=\"7027553\" data-element_type=\"column\" data-e-type=\"column\">\n\t\t\t<div class=\"elementor-widget-wrap elementor-element-populated\">\n\t\t\t\t\t\t<div class=\"elementor-element elementor-element-bb0d84b elementor-align-left elementor-widget__width-initial elementor-widget elementor-widget-button\" data-id=\"bb0d84b\" data-element_type=\"widget\" data-e-type=\"widget\" data-widget_type=\"button.default\">\n\t\t\t\t<div class=\"elementor-widget-container\">\n\t\t\t\t\t\t\t\t\t<div class=\"elementor-button-wrapper\">\n\t\t\t\t\t<a class=\"elementor-button elementor-button-link elementor-size-sm elementor-animation-shrink\" href=\"https:\/\/gulmangroup.com\/en\/promotional-videos\/\">\n\t\t\t\t\t\t<span class=\"elementor-button-content-wrapper\">\n\t\t\t\t\t\t\t\t\t<span class=\"elementor-button-text\">Videos<\/span>\n\t\t\t\t\t<\/span>\n\t\t\t\t\t<\/a>\n\t\t\t\t<\/div>\n\t\t\t\t\t\t\t\t<\/div>\n\t\t\t\t<\/div>\n\t\t\t\t\t<\/div>\n\t\t<\/div>\n\t\t\t\t<div class=\"elementor-column elementor-col-25 elementor-inner-column elementor-element elementor-element-6d54ff4\" data-id=\"6d54ff4\" data-element_type=\"column\" data-e-type=\"column\">\n\t\t\t<div class=\"elementor-widget-wrap elementor-element-populated\">\n\t\t\t\t\t\t<div class=\"elementor-element elementor-element-ebc8c22 elementor-align-left elementor-widget__width-initial elementor-widget elementor-widget-button\" data-id=\"ebc8c22\" data-element_type=\"widget\" data-e-type=\"widget\" data-widget_type=\"button.default\">\n\t\t\t\t<div class=\"elementor-widget-container\">\n\t\t\t\t\t\t\t\t\t<div class=\"elementor-button-wrapper\">\n\t\t\t\t\t<a class=\"elementor-button elementor-button-link elementor-size-sm elementor-animation-shrink\" href=\"https:\/\/gulmangroup.com\/en\/corporate-documents\/\">\n\t\t\t\t\t\t<span class=\"elementor-button-content-wrapper\">\n\t\t\t\t\t\t\t\t\t<span class=\"elementor-button-text\">Media Contact<\/span>\n\t\t\t\t\t<\/span>\n\t\t\t\t\t<\/a>\n\t\t\t\t<\/div>\n\t\t\t\t\t\t\t\t<\/div>\n\t\t\t\t<\/div>\n\t\t\t\t\t<\/div>\n\t\t<\/div>\n\t\t\t\t<div class=\"elementor-column elementor-col-25 elementor-inner-column elementor-element elementor-element-9cb3af8\" data-id=\"9cb3af8\" data-element_type=\"column\" data-e-type=\"column\">\n\t\t\t<div class=\"elementor-widget-wrap\">\n\t\t\t\t\t\t\t<\/div>\n\t\t<\/div>\n\t\t\t\t\t<\/div>\n\t\t<\/section>\n\t\t\t\t\t<\/div>\n\t\t<\/div>\n\t\t\t\t\t<\/div>\n\t\t<\/section>\n\t\t\t\t<section class=\"elementor-section elementor-top-section elementor-element elementor-element-386bd58 elementor-section-boxed elementor-section-height-default elementor-section-height-default\" data-id=\"386bd58\" data-element_type=\"section\" data-e-type=\"section\">\n\t\t\t\t\t\t<div class=\"elementor-container elementor-column-gap-default\">\n\t\t\t\t\t<div class=\"elementor-column elementor-col-100 elementor-top-column elementor-element elementor-element-512b63b\" data-id=\"512b63b\" data-element_type=\"column\" data-e-type=\"column\">\n\t\t\t<div class=\"elementor-widget-wrap elementor-element-populated\">\n\t\t\t\t\t\t<div class=\"elementor-element elementor-element-e4e95b1 elementor-widget elementor-widget-heading\" data-id=\"e4e95b1\" data-element_type=\"widget\" data-e-type=\"widget\" data-widget_type=\"heading.default\">\n\t\t\t\t<div class=\"elementor-widget-container\">\n\t\t\t\t\t<h1 class=\"elementor-heading-title elementor-size-default\">CORPORATE DOCUMENTS<\/h1>\t\t\t\t<\/div>\n\t\t\t\t<\/div>\n\t\t\t\t<div class=\"elementor-element elementor-element-4a2f27f elementor-widget-divider--view-line elementor-widget elementor-widget-divider\" data-id=\"4a2f27f\" data-element_type=\"widget\" data-e-type=\"widget\" data-widget_type=\"divider.default\">\n\t\t\t\t<div class=\"elementor-widget-container\">\n\t\t\t\t\t\t\t<div class=\"elementor-divider\">\n\t\t\t<span class=\"elementor-divider-separator\">\n\t\t\t\t\t\t<\/span>\n\t\t<\/div>\n\t\t\t\t\t\t<\/div>\n\t\t\t\t<\/div>\n\t\t\t\t\t<\/div>\n\t\t<\/div>\n\t\t\t\t\t<\/div>\n\t\t<\/section>\n\t\t\t\t<section class=\"elementor-section elementor-top-section elementor-element elementor-element-ce287ba elementor-section-boxed elementor-section-height-default elementor-section-height-default\" data-id=\"ce287ba\" data-element_type=\"section\" data-e-type=\"section\" data-settings=\"{&quot;background_background&quot;:&quot;classic&quot;}\">\n\t\t\t\t\t\t<div class=\"elementor-container elementor-column-gap-default\">\n\t\t\t\t\t<div class=\"elementor-column elementor-col-100 elementor-top-column elementor-element elementor-element-0049549\" data-id=\"0049549\" data-element_type=\"column\" data-e-type=\"column\">\n\t\t\t<div class=\"elementor-widget-wrap elementor-element-populated\">\n\t\t\t\t\t\t<section class=\"elementor-section elementor-inner-section elementor-element elementor-element-8e53f68 elementor-section-boxed elementor-section-height-default elementor-section-height-default\" data-id=\"8e53f68\" data-element_type=\"section\" data-e-type=\"section\">\n\t\t\t\t\t\t<div class=\"elementor-container elementor-column-gap-narrow\">\n\t\t\t\t\t<div class=\"elementor-column elementor-col-33 elementor-inner-column elementor-element elementor-element-a1268c5\" data-id=\"a1268c5\" data-element_type=\"column\" data-e-type=\"column\">\n\t\t\t<div class=\"elementor-widget-wrap\">\n\t\t\t\t\t\t\t<\/div>\n\t\t<\/div>\n\t\t\t\t<div class=\"elementor-column elementor-col-33 elementor-inner-column elementor-element elementor-element-adcaa66\" data-id=\"adcaa66\" data-element_type=\"column\" data-e-type=\"column\">\n\t\t\t<div class=\"elementor-widget-wrap elementor-element-populated\">\n\t\t\t\t\t\t<div class=\"elementor-element elementor-element-608a090 elementor-align-center elementor-widget elementor-widget-button\" data-id=\"608a090\" data-element_type=\"widget\" data-e-type=\"widget\" data-widget_type=\"button.default\">\n\t\t\t\t<div class=\"elementor-widget-container\">\n\t\t\t\t\t\t\t\t\t<div class=\"elementor-button-wrapper\">\n\t\t\t\t\t<a class=\"elementor-button elementor-button-link elementor-size-xs elementor-animation-shrink\" href=\"https:\/\/gulmangroup.com\/wp-content\/uploads\/2023\/11\/logolar.zip\">\n\t\t\t\t\t\t<span class=\"elementor-button-content-wrapper\">\n\t\t\t\t\t\t\t\t\t<span class=\"elementor-button-text\">Logos<\/span>\n\t\t\t\t\t<\/span>\n\t\t\t\t\t<\/a>\n\t\t\t\t<\/div>\n\t\t\t\t\t\t\t\t<\/div>\n\t\t\t\t<\/div>\n\t\t\t\t\t<\/div>\n\t\t<\/div>\n\t\t\t\t<div class=\"elementor-column elementor-col-33 elementor-inner-column elementor-element elementor-element-51a2ea4\" data-id=\"51a2ea4\" data-element_type=\"column\" data-e-type=\"column\">\n\t\t\t<div class=\"elementor-widget-wrap\">\n\t\t\t\t\t\t\t<\/div>\n\t\t<\/div>\n\t\t\t\t\t<\/div>\n\t\t<\/section>\n\t\t\t\t\t<\/div>\n\t\t<\/div>\n\t\t\t\t\t<\/div>\n\t\t<\/section>\n\t\t\t\t<section class=\"elementor-section elementor-top-section elementor-element elementor-element-99a1bc2 elementor-section-boxed elementor-section-height-default elementor-section-height-default\" data-id=\"99a1bc2\" data-element_type=\"section\" data-e-type=\"section\">\n\t\t\t\t\t\t<div class=\"elementor-container elementor-column-gap-default\">\n\t\t\t\t\t<div class=\"elementor-column elementor-col-100 elementor-top-column elementor-element elementor-element-d786005\" data-id=\"d786005\" data-element_type=\"column\" data-e-type=\"column\">\n\t\t\t<div class=\"elementor-widget-wrap elementor-element-populated\">\n\t\t\t\t\t\t<div class=\"elementor-element elementor-element-6800099 elementor-widget elementor-widget-heading\" data-id=\"6800099\" data-element_type=\"widget\" data-e-type=\"widget\" data-widget_type=\"heading.default\">\n\t\t\t\t<div class=\"elementor-widget-container\">\n\t\t\t\t\t<h2 class=\"elementor-heading-title elementor-size-default\">contact<\/h2>\t\t\t\t<\/div>\n\t\t\t\t<\/div>\n\t\t\t\t<div class=\"elementor-element elementor-element-b053485 elementor-widget-divider--view-line elementor-widget elementor-widget-divider\" data-id=\"b053485\" data-element_type=\"widget\" data-e-type=\"widget\" data-widget_type=\"divider.default\">\n\t\t\t\t<div class=\"elementor-widget-container\">\n\t\t\t\t\t\t\t<div class=\"elementor-divider\">\n\t\t\t<span class=\"elementor-divider-separator\">\n\t\t\t\t\t\t<\/span>\n\t\t<\/div>\n\t\t\t\t\t\t<\/div>\n\t\t\t\t<\/div>\n\t\t\t\t\t<\/div>\n\t\t<\/div>\n\t\t\t\t\t<\/div>\n\t\t<\/section>\n\t\t\t\t<section class=\"elementor-section elementor-top-section elementor-element elementor-element-b648f4d elementor-section-boxed elementor-section-height-default elementor-section-height-default\" data-id=\"b648f4d\" data-element_type=\"section\" data-e-type=\"section\">\n\t\t\t\t\t\t<div class=\"elementor-container elementor-column-gap-default\">\n\t\t\t\t\t<div class=\"elementor-column elementor-col-100 elementor-top-column elementor-element elementor-element-6f27f9f\" data-id=\"6f27f9f\" data-element_type=\"column\" data-e-type=\"column\">\n\t\t\t<div class=\"elementor-widget-wrap elementor-element-populated\">\n\t\t\t\t\t\t<div class=\"elementor-element elementor-element-e7912d9 elementor-widget elementor-widget-text-editor\" data-id=\"e7912d9\" data-element_type=\"widget\" data-e-type=\"widget\" data-widget_type=\"text-editor.default\">\n\t\t\t\t<div class=\"elementor-widget-container\">\n\t\t\t\t\t\t\t\t\t<p style=\"text-align: center;\">Contact Us<\/p><div class=\"TypographyPresentation TypographyPresentation--m RichText3-paragraph--withVSpacingNormal RichText3-paragraph\" style=\"text-align: center;\">0212 231 00 43<\/div><div>\u00a0<\/div><div class=\"TypographyPresentation TypographyPresentation--m RichText3-paragraph--withVSpacingNormal RichText3-paragraph\" style=\"text-align: center;\">Ayten Karka &#8211; <a class=\"PrimaryLink BaseLink\" href=\"mailto:ayten.karka@gtc.com.tr\" target=\"_blank\" rel=\"noreferrer noopener\">ayten.karka@gtc.com.tr<\/a><\/div><div class=\"TypographyPresentation TypographyPresentation--m RichText3-paragraph--withVSpacingNormal RichText3-paragraph\" style=\"text-align: center;\">Cumhur Elmas &#8211; <a class=\"PrimaryLink BaseLink\" href=\"mailto:cumhur.elmas@gtc.com.tr\" target=\"_blank\" rel=\"noreferrer noopener\">cumhur.elmas@gtc.com.tr<\/a><\/div>\t\t\t\t\t\t\t\t<\/div>\n\t\t\t\t<\/div>\n\t\t\t\t\t<\/div>\n\t\t<\/div>\n\t\t\t\t\t<\/div>\n\t\t<\/section>\n\t\t\t\t<\/div>","protected":false},"excerpt":{"rendered":"<p>Haberler Videolar Medya \u0130leti\u015fim Haberler Videolar Medya \u0130leti\u015fim KURUMSAL DOK\u00dcMANLAR Logolar ileti\u015fim Bizimle \u0130leti\u015fime Ge\u00e7in 0212 231 00 43\u00a0Ayten Karka &#8211; ayten.karka@gtc.com.trCumhur Elmas &#8211; cumhur.elmas@gtc.com.tr<\/p>","protected":false},"author":28,"featured_media":0,"parent":0,"menu_order":0,"comment_status":"closed","ping_status":"closed","template":"","meta":{"footnotes":""},"class_list":["post-18998","page","type-page","status-publish","hentry"],"yoast_head":"<!-- This site is optimized with the Yoast SEO plugin v27.3 - https:\/\/yoast.com\/product\/yoast-seo-wordpress\/ -->\n<title>G\u00fclman Group | Kurumsal D\u00f6k\u00fcmanlar<\/title>\n<meta name=\"description\" content=\"G\u00fclman Group\u2019a ait kurumsal dok\u00fcmanlar, logo setleri ve g\u00fcncel ileti\u015fim bilgilerine bu sayfa \u00fczerinden kolayca eri\u015febilirsiniz.\" \/>\n<meta name=\"robots\" content=\"index, follow, max-snippet:-1, max-image-preview:large, max-video-preview:-1\" \/>\n<link rel=\"canonical\" href=\"https:\/\/gulmangroup.com\/en\/corporate-documents\/\" \/>\n<meta property=\"og:locale\" content=\"en_US\" \/>\n<meta property=\"og:type\" content=\"article\" \/>\n<meta property=\"og:title\" content=\"G\u00fclman Group | Kurumsal D\u00f6k\u00fcmanlar\" \/>\n<meta property=\"og:description\" content=\"G\u00fclman Group\u2019a ait kurumsal dok\u00fcmanlar, logo setleri ve g\u00fcncel ileti\u015fim bilgilerine bu sayfa \u00fczerinden kolayca eri\u015febilirsiniz.\" \/>\n<meta property=\"og:url\" content=\"https:\/\/gulmangroup.com\/en\/corporate-documents\/\" \/>\n<meta property=\"og:site_name\" content=\"G\u00fclman Group\" \/>\n<meta property=\"article:modified_time\" content=\"2026-01-08T13:32:24+00:00\" \/>\n<meta name=\"twitter:card\" content=\"summary_large_image\" \/>\n<meta name=\"twitter:label1\" content=\"Est. reading time\" \/>\n\t<meta name=\"twitter:data1\" content=\"1 minute\" \/>\n<script type=\"application\/ld+json\" class=\"yoast-schema-graph\">{\"@context\":\"https:\\\/\\\/schema.org\",\"@graph\":[{\"@type\":\"WebPage\",\"@id\":\"https:\\\/\\\/gulmangroup.com\\\/kurumsal-dokumanlar\\\/\",\"url\":\"https:\\\/\\\/gulmangroup.com\\\/kurumsal-dokumanlar\\\/\",\"name\":\"G\u00fclman Group | Kurumsal D\u00f6k\u00fcmanlar\",\"isPartOf\":{\"@id\":\"https:\\\/\\\/gulmangroup.com\\\/#website\"},\"datePublished\":\"2023-11-06T12:50:58+00:00\",\"dateModified\":\"2026-01-08T13:32:24+00:00\",\"description\":\"G\u00fclman Group\u2019a ait kurumsal dok\u00fcmanlar, logo setleri ve g\u00fcncel ileti\u015fim bilgilerine bu sayfa \u00fczerinden kolayca eri\u015febilirsiniz.\",\"breadcrumb\":{\"@id\":\"https:\\\/\\\/gulmangroup.com\\\/kurumsal-dokumanlar\\\/#breadcrumb\"},\"inLanguage\":\"en-US\",\"potentialAction\":[{\"@type\":\"ReadAction\",\"target\":[\"https:\\\/\\\/gulmangroup.com\\\/kurumsal-dokumanlar\\\/\"]}]},{\"@type\":\"BreadcrumbList\",\"@id\":\"https:\\\/\\\/gulmangroup.com\\\/kurumsal-dokumanlar\\\/#breadcrumb\",\"itemListElement\":[{\"@type\":\"ListItem\",\"position\":1,\"name\":\"Ana sayfa\",\"item\":\"https:\\\/\\\/gulmangroup.com\\\/\"},{\"@type\":\"ListItem\",\"position\":2,\"name\":\"Kurumsal D\u00f6k\u00fcmanlar\"}]},{\"@type\":\"WebSite\",\"@id\":\"https:\\\/\\\/gulmangroup.com\\\/#website\",\"url\":\"https:\\\/\\\/gulmangroup.com\\\/\",\"name\":\"G\u00fclman Group\",\"description\":\"Yar\u0131n i\u00e7in bug\u00fcnden\",\"publisher\":{\"@id\":\"https:\\\/\\\/gulmangroup.com\\\/#organization\"},\"potentialAction\":[{\"@type\":\"SearchAction\",\"target\":{\"@type\":\"EntryPoint\",\"urlTemplate\":\"https:\\\/\\\/gulmangroup.com\\\/?s={search_term_string}\"},\"query-input\":{\"@type\":\"PropertyValueSpecification\",\"valueRequired\":true,\"valueName\":\"search_term_string\"}}],\"inLanguage\":\"en-US\"},{\"@type\":\"Organization\",\"@id\":\"https:\\\/\\\/gulmangroup.com\\\/#organization\",\"name\":\"G\u00fclman Group\",\"url\":\"https:\\\/\\\/gulmangroup.com\\\/\",\"logo\":{\"@type\":\"ImageObject\",\"inLanguage\":\"en-US\",\"@id\":\"https:\\\/\\\/gulmangroup.com\\\/#\\\/schema\\\/logo\\\/image\\\/\",\"url\":\"https:\\\/\\\/gulmangroup.com\\\/wp-content\\\/uploads\\\/2022\\\/01\\\/gulmangroup-logo-70.yil_.svg\",\"contentUrl\":\"https:\\\/\\\/gulmangroup.com\\\/wp-content\\\/uploads\\\/2022\\\/01\\\/gulmangroup-logo-70.yil_.svg\",\"width\":259,\"height\":67,\"caption\":\"G\u00fclman Group\"},\"image\":{\"@id\":\"https:\\\/\\\/gulmangroup.com\\\/#\\\/schema\\\/logo\\\/image\\\/\"}}]}<\/script>\n<!-- \/ Yoast SEO plugin. -->","yoast_head_json":{"title":"Gulman Group | Corporate Documents","description":"You can easily access G\u00fclman Group's corporate documents, logo sets, and current contact information through this page.","robots":{"index":"index","follow":"follow","max-snippet":"max-snippet:-1","max-image-preview":"max-image-preview:large","max-video-preview":"max-video-preview:-1"},"canonical":"https:\/\/gulmangroup.com\/en\/corporate-documents\/","og_locale":"en_US","og_type":"article","og_title":"G\u00fclman Group | Kurumsal D\u00f6k\u00fcmanlar","og_description":"G\u00fclman Group\u2019a ait kurumsal dok\u00fcmanlar, logo setleri ve g\u00fcncel ileti\u015fim bilgilerine bu sayfa \u00fczerinden kolayca eri\u015febilirsiniz.","og_url":"https:\/\/gulmangroup.com\/en\/corporate-documents\/","og_site_name":"G\u00fclman Group","article_modified_time":"2026-01-08T13:32:24+00:00","twitter_card":"summary_large_image","twitter_misc":{"Est. reading time":"1 minute"},"schema":{"@context":"https:\/\/schema.org","@graph":[{"@type":"WebPage","@id":"https:\/\/gulmangroup.com\/kurumsal-dokumanlar\/","url":"https:\/\/gulmangroup.com\/kurumsal-dokumanlar\/","name":"Gulman Group | Corporate Documents","isPartOf":{"@id":"https:\/\/gulmangroup.com\/#website"},"datePublished":"2023-11-06T12:50:58+00:00","dateModified":"2026-01-08T13:32:24+00:00","description":"You can easily access G\u00fclman Group's corporate documents, logo sets, and current contact information through this page.","breadcrumb":{"@id":"https:\/\/gulmangroup.com\/kurumsal-dokumanlar\/#breadcrumb"},"inLanguage":"en-US","potentialAction":[{"@type":"ReadAction","target":["https:\/\/gulmangroup.com\/kurumsal-dokumanlar\/"]}]},{"@type":"BreadcrumbList","@id":"https:\/\/gulmangroup.com\/kurumsal-dokumanlar\/#breadcrumb","itemListElement":[{"@type":"ListItem","position":1,"name":"Ana sayfa","item":"https:\/\/gulmangroup.com\/"},{"@type":"ListItem","position":2,"name":"Kurumsal D\u00f6k\u00fcmanlar"}]},{"@type":"WebSite","@id":"https:\/\/gulmangroup.com\/#website","url":"https:\/\/gulmangroup.com\/","name":"Gulman Group","description":"Yar\u0131n i\u00e7in bug\u00fcnden","publisher":{"@id":"https:\/\/gulmangroup.com\/#organization"},"potentialAction":[{"@type":"SearchAction","target":{"@type":"EntryPoint","urlTemplate":"https:\/\/gulmangroup.com\/?s={search_term_string}"},"query-input":{"@type":"PropertyValueSpecification","valueRequired":true,"valueName":"search_term_string"}}],"inLanguage":"en-US"},{"@type":"Organization","@id":"https:\/\/gulmangroup.com\/#organization","name":"Gulman Group","url":"https:\/\/gulmangroup.com\/","logo":{"@type":"ImageObject","inLanguage":"en-US","@id":"https:\/\/gulmangroup.com\/#\/schema\/logo\/image\/","url":"https:\/\/gulmangroup.com\/wp-content\/uploads\/2022\/01\/gulmangroup-logo-70.yil_.svg","contentUrl":"https:\/\/gulmangroup.com\/wp-content\/uploads\/2022\/01\/gulmangroup-logo-70.yil_.svg","width":259,"height":67,"caption":"G\u00fclman Group"},"image":{"@id":"https:\/\/gulmangroup.com\/#\/schema\/logo\/image\/"}}]}},"_links":{"self":[{"href":"https:\/\/gulmangroup.com\/en\/wp-json\/wp\/v2\/pages\/18998","targetHints":{"allow":["GET"]}}],"collection":[{"href":"https:\/\/gulmangroup.com\/en\/wp-json\/wp\/v2\/pages"}],"about":[{"href":"https:\/\/gulmangroup.com\/en\/wp-json\/wp\/v2\/types\/page"}],"author":[{"embeddable":true,"href":"https:\/\/gulmangroup.com\/en\/wp-json\/wp\/v2\/users\/28"}],"replies":[{"embeddable":true,"href":"https:\/\/gulmangroup.com\/en\/wp-json\/wp\/v2\/comments?post=18998"}],"version-history":[{"count":21,"href":"https:\/\/gulmangroup.com\/en\/wp-json\/wp\/v2\/pages\/18998\/revisions"}],"predecessor-version":[{"id":19656,"href":"https:\/\/gulmangroup.com\/en\/wp-json\/wp\/v2\/pages\/18998\/revisions\/19656"}],"wp:attachment":[{"href":"https:\/\/gulmangroup.com\/en\/wp-json\/wp\/v2\/media?parent=18998"}],"curies":[{"name":"wp","href":"https:\/\/api.w.org\/{rel}","templated":true}]}}