{"id":16580,"date":"2023-08-30T04:15:25","date_gmt":"2023-08-30T01:15:25","guid":{"rendered":"https:\/\/gulmangroup.com\/?page_id=16580"},"modified":"2026-01-08T17:30:57","modified_gmt":"2026-01-08T14:30:57","slug":"belgesel","status":"publish","type":"page","link":"https:\/\/gulmangroup.com\/en\/belgesel\/","title":{"rendered":"Belgesel"},"content":{"rendered":"<div data-elementor-type=\"wp-page\" data-elementor-id=\"16580\" class=\"elementor elementor-16580\" data-elementor-post-type=\"page\">\n\t\t\t\t\t\t<section class=\"elementor-section elementor-top-section elementor-element elementor-element-974840e elementor-section-boxed elementor-section-height-default elementor-section-height-default\" data-id=\"974840e\" data-element_type=\"section\" data-e-type=\"section\">\n\t\t\t\t\t\t<div class=\"elementor-container elementor-column-gap-default\">\n\t\t\t\t\t<div class=\"elementor-column elementor-col-100 elementor-top-column elementor-element elementor-element-991e2f9\" data-id=\"991e2f9\" data-element_type=\"column\" data-e-type=\"column\">\n\t\t\t<div class=\"elementor-widget-wrap elementor-element-populated\">\n\t\t\t\t\t\t<div class=\"elementor-element elementor-element-794981b elementor-widget elementor-widget-heading\" data-id=\"794981b\" data-element_type=\"widget\" data-e-type=\"widget\" data-widget_type=\"heading.default\">\n\t\t\t\t<div class=\"elementor-widget-container\">\n\t\t\t\t\t<h2 class=\"elementor-heading-title elementor-size-default\">Belgesel<\/h2>\t\t\t\t<\/div>\n\t\t\t\t<\/div>\n\t\t\t\t<div class=\"elementor-element elementor-element-0897595 elementor-widget-divider--view-line elementor-widget elementor-widget-divider\" data-id=\"0897595\" data-element_type=\"widget\" data-e-type=\"widget\" data-widget_type=\"divider.default\">\n\t\t\t\t<div class=\"elementor-widget-container\">\n\t\t\t\t\t\t\t<div class=\"elementor-divider\">\n\t\t\t<span class=\"elementor-divider-separator\">\n\t\t\t\t\t\t<\/span>\n\t\t<\/div>\n\t\t\t\t\t\t<\/div>\n\t\t\t\t<\/div>\n\t\t\t\t\t<\/div>\n\t\t<\/div>\n\t\t\t\t\t<\/div>\n\t\t<\/section>\n\t\t\t\t<section class=\"elementor-section elementor-top-section elementor-element elementor-element-39630c5 elementor-section-boxed elementor-section-height-default elementor-section-height-default\" data-id=\"39630c5\" data-element_type=\"section\" data-e-type=\"section\">\n\t\t\t\t\t\t<div class=\"elementor-container elementor-column-gap-default\">\n\t\t\t\t\t<div class=\"elementor-column elementor-col-33 elementor-top-column elementor-element elementor-element-e2b128a\" data-id=\"e2b128a\" data-element_type=\"column\" data-e-type=\"column\">\n\t\t\t<div class=\"elementor-widget-wrap\">\n\t\t\t\t\t\t\t<\/div>\n\t\t<\/div>\n\t\t\t\t<div class=\"elementor-column elementor-col-33 elementor-top-column elementor-element elementor-element-1185440\" data-id=\"1185440\" data-element_type=\"column\" data-e-type=\"column\">\n\t\t\t<div class=\"elementor-widget-wrap\">\n\t\t\t\t\t\t\t<\/div>\n\t\t<\/div>\n\t\t\t\t<div class=\"elementor-column elementor-col-33 elementor-top-column elementor-element elementor-element-26f74eb\" data-id=\"26f74eb\" data-element_type=\"column\" data-e-type=\"column\">\n\t\t\t<div class=\"elementor-widget-wrap\">\n\t\t\t\t\t\t\t<\/div>\n\t\t<\/div>\n\t\t\t\t\t<\/div>\n\t\t<\/section>\n\t\t\t\t<\/div>","protected":false},"excerpt":{"rendered":"<p>Belgesel Onursal Ba\u015fkan\u0131m\u0131z ve Kurucumuz Kemal G\u00fclman&#8217;\u0131n Hayat\u0131<\/p>","protected":false},"author":38,"featured_media":0,"parent":0,"menu_order":0,"comment_status":"closed","ping_status":"closed","template":"","meta":{"footnotes":""},"class_list":["post-16580","page","type-page","status-publish","hentry"],"yoast_head":"<!-- This site is optimized with the Yoast SEO plugin v27.4 - https:\/\/yoast.com\/product\/yoast-seo-wordpress\/ -->\n<title>G\u00fclman Group | Kemal G\u00fclman Belgesel<\/title>\n<meta name=\"description\" content=\"Onursal ba\u015fkan\u0131m\u0131z ve kurucumuz Kemal G\u00fclman&#039;\u0131n hayat\u0131n\u0131 anlatan video belgeseli bu sayfadan izleyebilirsiniz.\" \/>\n<meta name=\"robots\" content=\"index, follow, max-snippet:-1, max-image-preview:large, max-video-preview:-1\" \/>\n<link rel=\"canonical\" href=\"https:\/\/gulmangroup.com\/en\/belgesel\/\" \/>\n<meta property=\"og:locale\" content=\"en_US\" \/>\n<meta property=\"og:type\" content=\"article\" \/>\n<meta property=\"og:title\" content=\"G\u00fclman Group | Kemal G\u00fclman Belgesel\" \/>\n<meta property=\"og:description\" content=\"Onursal ba\u015fkan\u0131m\u0131z ve kurucumuz Kemal G\u00fclman&#039;\u0131n hayat\u0131n\u0131 anlatan video belgeseli bu sayfadan izleyebilirsiniz.\" \/>\n<meta property=\"og:url\" content=\"https:\/\/gulmangroup.com\/en\/belgesel\/\" \/>\n<meta property=\"og:site_name\" content=\"G\u00fclman Group\" \/>\n<meta property=\"article:modified_time\" content=\"2026-01-08T14:30:57+00:00\" \/>\n<meta property=\"og:image\" content=\"https:\/\/gulmangroup.com\/wp-content\/uploads\/2023\/08\/kronoloji-copy.jpg\" \/>\n<meta name=\"twitter:card\" content=\"summary_large_image\" \/>\n<meta name=\"twitter:label1\" content=\"Est. reading time\" \/>\n\t<meta name=\"twitter:data1\" content=\"1 minute\" \/>\n<script type=\"application\/ld+json\" class=\"yoast-schema-graph\">{\"@context\":\"https:\\\/\\\/schema.org\",\"@graph\":[{\"@type\":\"WebPage\",\"@id\":\"https:\\\/\\\/gulmangroup.com\\\/belgesel\\\/\",\"url\":\"https:\\\/\\\/gulmangroup.com\\\/belgesel\\\/\",\"name\":\"G\u00fclman Group | Kemal G\u00fclman Belgesel\",\"isPartOf\":{\"@id\":\"https:\\\/\\\/gulmangroup.com\\\/#website\"},\"primaryImageOfPage\":{\"@id\":\"https:\\\/\\\/gulmangroup.com\\\/belgesel\\\/#primaryimage\"},\"image\":{\"@id\":\"https:\\\/\\\/gulmangroup.com\\\/belgesel\\\/#primaryimage\"},\"thumbnailUrl\":\"https:\\\/\\\/gulmangroup.com\\\/wp-content\\\/uploads\\\/2023\\\/08\\\/kronoloji-copy.jpg\",\"datePublished\":\"2023-08-30T01:15:25+00:00\",\"dateModified\":\"2026-01-08T14:30:57+00:00\",\"description\":\"Onursal ba\u015fkan\u0131m\u0131z ve kurucumuz Kemal G\u00fclman'\u0131n hayat\u0131n\u0131 anlatan video belgeseli bu sayfadan izleyebilirsiniz.\",\"breadcrumb\":{\"@id\":\"https:\\\/\\\/gulmangroup.com\\\/belgesel\\\/#breadcrumb\"},\"inLanguage\":\"en-US\",\"potentialAction\":[{\"@type\":\"ReadAction\",\"target\":[\"https:\\\/\\\/gulmangroup.com\\\/belgesel\\\/\"]}]},{\"@type\":\"ImageObject\",\"inLanguage\":\"en-US\",\"@id\":\"https:\\\/\\\/gulmangroup.com\\\/belgesel\\\/#primaryimage\",\"url\":\"https:\\\/\\\/gulmangroup.com\\\/wp-content\\\/uploads\\\/2023\\\/08\\\/kronoloji-copy.jpg\",\"contentUrl\":\"https:\\\/\\\/gulmangroup.com\\\/wp-content\\\/uploads\\\/2023\\\/08\\\/kronoloji-copy.jpg\"},{\"@type\":\"BreadcrumbList\",\"@id\":\"https:\\\/\\\/gulmangroup.com\\\/belgesel\\\/#breadcrumb\",\"itemListElement\":[{\"@type\":\"ListItem\",\"position\":1,\"name\":\"Ana sayfa\",\"item\":\"https:\\\/\\\/gulmangroup.com\\\/\"},{\"@type\":\"ListItem\",\"position\":2,\"name\":\"Belgesel\"}]},{\"@type\":\"WebSite\",\"@id\":\"https:\\\/\\\/gulmangroup.com\\\/#website\",\"url\":\"https:\\\/\\\/gulmangroup.com\\\/\",\"name\":\"G\u00fclman Group\",\"description\":\"Yar\u0131n i\u00e7in bug\u00fcnden\",\"publisher\":{\"@id\":\"https:\\\/\\\/gulmangroup.com\\\/#organization\"},\"potentialAction\":[{\"@type\":\"SearchAction\",\"target\":{\"@type\":\"EntryPoint\",\"urlTemplate\":\"https:\\\/\\\/gulmangroup.com\\\/?s={search_term_string}\"},\"query-input\":{\"@type\":\"PropertyValueSpecification\",\"valueRequired\":true,\"valueName\":\"search_term_string\"}}],\"inLanguage\":\"en-US\"},{\"@type\":\"Organization\",\"@id\":\"https:\\\/\\\/gulmangroup.com\\\/#organization\",\"name\":\"G\u00fclman Group\",\"url\":\"https:\\\/\\\/gulmangroup.com\\\/\",\"logo\":{\"@type\":\"ImageObject\",\"inLanguage\":\"en-US\",\"@id\":\"https:\\\/\\\/gulmangroup.com\\\/#\\\/schema\\\/logo\\\/image\\\/\",\"url\":\"https:\\\/\\\/gulmangroup.com\\\/wp-content\\\/uploads\\\/2022\\\/01\\\/gulmangroup-logo-70.yil_.svg\",\"contentUrl\":\"https:\\\/\\\/gulmangroup.com\\\/wp-content\\\/uploads\\\/2022\\\/01\\\/gulmangroup-logo-70.yil_.svg\",\"width\":259,\"height\":67,\"caption\":\"G\u00fclman Group\"},\"image\":{\"@id\":\"https:\\\/\\\/gulmangroup.com\\\/#\\\/schema\\\/logo\\\/image\\\/\"}}]}<\/script>\n<!-- \/ Yoast SEO plugin. -->","yoast_head_json":{"title":"G\u00fclman Group | Kemal G\u00fclman Belgesel","description":"Onursal ba\u015fkan\u0131m\u0131z ve kurucumuz Kemal G\u00fclman'\u0131n hayat\u0131n\u0131 anlatan video belgeseli bu sayfadan izleyebilirsiniz.","robots":{"index":"index","follow":"follow","max-snippet":"max-snippet:-1","max-image-preview":"max-image-preview:large","max-video-preview":"max-video-preview:-1"},"canonical":"https:\/\/gulmangroup.com\/en\/belgesel\/","og_locale":"en_US","og_type":"article","og_title":"G\u00fclman Group | Kemal G\u00fclman Belgesel","og_description":"Onursal ba\u015fkan\u0131m\u0131z ve kurucumuz Kemal G\u00fclman'\u0131n hayat\u0131n\u0131 anlatan video belgeseli bu sayfadan izleyebilirsiniz.","og_url":"https:\/\/gulmangroup.com\/en\/belgesel\/","og_site_name":"G\u00fclman Group","article_modified_time":"2026-01-08T14:30:57+00:00","og_image":[{"url":"https:\/\/gulmangroup.com\/wp-content\/uploads\/2023\/08\/kronoloji-copy.jpg","type":"","width":"","height":""}],"twitter_card":"summary_large_image","twitter_misc":{"Est. reading time":"1 minute"},"schema":{"@context":"https:\/\/schema.org","@graph":[{"@type":"WebPage","@id":"https:\/\/gulmangroup.com\/belgesel\/","url":"https:\/\/gulmangroup.com\/belgesel\/","name":"G\u00fclman Group | Kemal G\u00fclman Belgesel","isPartOf":{"@id":"https:\/\/gulmangroup.com\/#website"},"primaryImageOfPage":{"@id":"https:\/\/gulmangroup.com\/belgesel\/#primaryimage"},"image":{"@id":"https:\/\/gulmangroup.com\/belgesel\/#primaryimage"},"thumbnailUrl":"https:\/\/gulmangroup.com\/wp-content\/uploads\/2023\/08\/kronoloji-copy.jpg","datePublished":"2023-08-30T01:15:25+00:00","dateModified":"2026-01-08T14:30:57+00:00","description":"Onursal ba\u015fkan\u0131m\u0131z ve kurucumuz Kemal G\u00fclman'\u0131n hayat\u0131n\u0131 anlatan video belgeseli bu sayfadan izleyebilirsiniz.","breadcrumb":{"@id":"https:\/\/gulmangroup.com\/belgesel\/#breadcrumb"},"inLanguage":"en-US","potentialAction":[{"@type":"ReadAction","target":["https:\/\/gulmangroup.com\/belgesel\/"]}]},{"@type":"ImageObject","inLanguage":"en-US","@id":"https:\/\/gulmangroup.com\/belgesel\/#primaryimage","url":"https:\/\/gulmangroup.com\/wp-content\/uploads\/2023\/08\/kronoloji-copy.jpg","contentUrl":"https:\/\/gulmangroup.com\/wp-content\/uploads\/2023\/08\/kronoloji-copy.jpg"},{"@type":"BreadcrumbList","@id":"https:\/\/gulmangroup.com\/belgesel\/#breadcrumb","itemListElement":[{"@type":"ListItem","position":1,"name":"Ana sayfa","item":"https:\/\/gulmangroup.com\/"},{"@type":"ListItem","position":2,"name":"Belgesel"}]},{"@type":"WebSite","@id":"https:\/\/gulmangroup.com\/#website","url":"https:\/\/gulmangroup.com\/","name":"Gulman Group","description":"Yar\u0131n i\u00e7in bug\u00fcnden","publisher":{"@id":"https:\/\/gulmangroup.com\/#organization"},"potentialAction":[{"@type":"SearchAction","target":{"@type":"EntryPoint","urlTemplate":"https:\/\/gulmangroup.com\/?s={search_term_string}"},"query-input":{"@type":"PropertyValueSpecification","valueRequired":true,"valueName":"search_term_string"}}],"inLanguage":"en-US"},{"@type":"Organization","@id":"https:\/\/gulmangroup.com\/#organization","name":"Gulman Group","url":"https:\/\/gulmangroup.com\/","logo":{"@type":"ImageObject","inLanguage":"en-US","@id":"https:\/\/gulmangroup.com\/#\/schema\/logo\/image\/","url":"https:\/\/gulmangroup.com\/wp-content\/uploads\/2022\/01\/gulmangroup-logo-70.yil_.svg","contentUrl":"https:\/\/gulmangroup.com\/wp-content\/uploads\/2022\/01\/gulmangroup-logo-70.yil_.svg","width":259,"height":67,"caption":"G\u00fclman Group"},"image":{"@id":"https:\/\/gulmangroup.com\/#\/schema\/logo\/image\/"}}]}},"_links":{"self":[{"href":"https:\/\/gulmangroup.com\/en\/wp-json\/wp\/v2\/pages\/16580","targetHints":{"allow":["GET"]}}],"collection":[{"href":"https:\/\/gulmangroup.com\/en\/wp-json\/wp\/v2\/pages"}],"about":[{"href":"https:\/\/gulmangroup.com\/en\/wp-json\/wp\/v2\/types\/page"}],"author":[{"embeddable":true,"href":"https:\/\/gulmangroup.com\/en\/wp-json\/wp\/v2\/users\/38"}],"replies":[{"embeddable":true,"href":"https:\/\/gulmangroup.com\/en\/wp-json\/wp\/v2\/comments?post=16580"}],"version-history":[{"count":1,"href":"https:\/\/gulmangroup.com\/en\/wp-json\/wp\/v2\/pages\/16580\/revisions"}],"predecessor-version":[{"id":19562,"href":"https:\/\/gulmangroup.com\/en\/wp-json\/wp\/v2\/pages\/16580\/revisions\/19562"}],"wp:attachment":[{"href":"https:\/\/gulmangroup.com\/en\/wp-json\/wp\/v2\/media?parent=16580"}],"curies":[{"name":"wp","href":"https:\/\/api.w.org\/{rel}","templated":true}]}}