{"id":16572,"date":"2023-08-30T04:06:58","date_gmt":"2023-08-30T01:06:58","guid":{"rendered":"https:\/\/gulmangroup.com\/?page_id=16572"},"modified":"2026-01-08T17:13:20","modified_gmt":"2026-01-08T14:13:20","slug":"gorsel-basin","status":"publish","type":"page","link":"https:\/\/gulmangroup.com\/en\/gorsel-basin\/","title":{"rendered":"G\u00f6rsel Bas\u0131n"},"content":{"rendered":"<div data-elementor-type=\"wp-page\" data-elementor-id=\"16572\" class=\"elementor elementor-16572\" data-elementor-post-type=\"page\">\n\t\t\t\t\t\t<section class=\"elementor-section elementor-top-section elementor-element elementor-element-841f7fe elementor-section-boxed elementor-section-height-default elementor-section-height-default\" data-id=\"841f7fe\" data-element_type=\"section\" data-e-type=\"section\">\n\t\t\t\t\t\t<div class=\"elementor-container elementor-column-gap-default\">\n\t\t\t\t\t<div class=\"elementor-column elementor-col-100 elementor-top-column elementor-element elementor-element-2c27ec8\" data-id=\"2c27ec8\" data-element_type=\"column\" data-e-type=\"column\">\n\t\t\t<div class=\"elementor-widget-wrap elementor-element-populated\">\n\t\t\t\t\t\t<section class=\"elementor-section elementor-inner-section elementor-element elementor-element-7ca59fa elementor-section-boxed elementor-section-height-default elementor-section-height-default\" data-id=\"7ca59fa\" data-element_type=\"section\" data-e-type=\"section\">\n\t\t\t\t\t\t<div class=\"elementor-container elementor-column-gap-narrow\">\n\t\t\t\t\t<div class=\"elementor-column elementor-col-16 elementor-inner-column elementor-element elementor-element-d63ec90\" data-id=\"d63ec90\" data-element_type=\"column\" data-e-type=\"column\">\n\t\t\t<div class=\"elementor-widget-wrap elementor-element-populated\">\n\t\t\t\t\t\t<div class=\"elementor-element elementor-element-0ab4274 elementor-align-center elementor-widget elementor-widget-button\" data-id=\"0ab4274\" data-element_type=\"widget\" data-e-type=\"widget\" data-widget_type=\"button.default\">\n\t\t\t\t<div class=\"elementor-widget-container\">\n\t\t\t\t\t\t\t\t\t<div class=\"elementor-button-wrapper\">\n\t\t\t\t\t<a class=\"elementor-button elementor-button-link elementor-size-xs elementor-animation-shrink\" href=\"https:\/\/gulmangroup.com\/en\/gulman-press-room\/\">\n\t\t\t\t\t\t<span class=\"elementor-button-content-wrapper\">\n\t\t\t\t\t\t\t\t\t<span class=\"elementor-button-text\">Genel Bak\u0131\u015f<\/span>\n\t\t\t\t\t<\/span>\n\t\t\t\t\t<\/a>\n\t\t\t\t<\/div>\n\t\t\t\t\t\t\t\t<\/div>\n\t\t\t\t<\/div>\n\t\t\t\t\t<\/div>\n\t\t<\/div>\n\t\t\t\t<div class=\"elementor-column elementor-col-16 elementor-inner-column elementor-element elementor-element-801470b\" data-id=\"801470b\" data-element_type=\"column\" data-e-type=\"column\">\n\t\t\t<div class=\"elementor-widget-wrap elementor-element-populated\">\n\t\t\t\t\t\t<div class=\"elementor-element elementor-element-ff882ae elementor-widget elementor-widget-button\" data-id=\"ff882ae\" data-element_type=\"widget\" data-e-type=\"widget\" data-widget_type=\"button.default\">\n\t\t\t\t<div class=\"elementor-widget-container\">\n\t\t\t\t\t\t\t\t\t<div class=\"elementor-button-wrapper\">\n\t\t\t\t\t<a class=\"elementor-button elementor-button-link elementor-size-sm elementor-animation-shrink\" href=\"https:\/\/gulmangroup.com\/en\/promotional-videos\/\">\n\t\t\t\t\t\t<span class=\"elementor-button-content-wrapper\">\n\t\t\t\t\t\t\t\t\t<span class=\"elementor-button-text\">Tan\u0131t\u0131m Videolar\u0131<\/span>\n\t\t\t\t\t<\/span>\n\t\t\t\t\t<\/a>\n\t\t\t\t<\/div>\n\t\t\t\t\t\t\t\t<\/div>\n\t\t\t\t<\/div>\n\t\t\t\t\t<\/div>\n\t\t<\/div>\n\t\t\t\t<div class=\"elementor-column elementor-col-16 elementor-inner-column elementor-element elementor-element-3faa808\" data-id=\"3faa808\" data-element_type=\"column\" data-e-type=\"column\">\n\t\t\t<div class=\"elementor-widget-wrap elementor-element-populated\">\n\t\t\t\t\t\t<div class=\"elementor-element elementor-element-c4ce9a0 elementor-widget elementor-widget-button\" data-id=\"c4ce9a0\" data-element_type=\"widget\" data-e-type=\"widget\" data-widget_type=\"button.default\">\n\t\t\t\t<div class=\"elementor-widget-container\">\n\t\t\t\t\t\t\t\t\t<div class=\"elementor-button-wrapper\">\n\t\t\t\t\t<a class=\"elementor-button elementor-button-link elementor-size-sm elementor-animation-shrink\" href=\"https:\/\/gulmangroup.com\/en\/gorsel-basin\/\">\n\t\t\t\t\t\t<span class=\"elementor-button-content-wrapper\">\n\t\t\t\t\t\t\t\t\t<span class=\"elementor-button-text\">G\u00f6rsel Bas\u0131n<\/span>\n\t\t\t\t\t<\/span>\n\t\t\t\t\t<\/a>\n\t\t\t\t<\/div>\n\t\t\t\t\t\t\t\t<\/div>\n\t\t\t\t<\/div>\n\t\t\t\t\t<\/div>\n\t\t<\/div>\n\t\t\t\t<div class=\"elementor-column elementor-col-16 elementor-inner-column elementor-element elementor-element-27d743b\" data-id=\"27d743b\" data-element_type=\"column\" data-e-type=\"column\">\n\t\t\t<div class=\"elementor-widget-wrap elementor-element-populated\">\n\t\t\t\t\t\t<div class=\"elementor-element elementor-element-16f8f9e elementor-widget elementor-widget-button\" data-id=\"16f8f9e\" data-element_type=\"widget\" data-e-type=\"widget\" data-widget_type=\"button.default\">\n\t\t\t\t<div class=\"elementor-widget-container\">\n\t\t\t\t\t\t\t\t\t<div class=\"elementor-button-wrapper\">\n\t\t\t\t\t<a class=\"elementor-button elementor-button-link elementor-size-sm elementor-animation-shrink\" href=\"https:\/\/gulmangroup.com\/en\/yazili-basin\/\">\n\t\t\t\t\t\t<span class=\"elementor-button-content-wrapper\">\n\t\t\t\t\t\t\t\t\t<span class=\"elementor-button-text\">Yaz\u0131l\u0131 Bas\u0131n<\/span>\n\t\t\t\t\t<\/span>\n\t\t\t\t\t<\/a>\n\t\t\t\t<\/div>\n\t\t\t\t\t\t\t\t<\/div>\n\t\t\t\t<\/div>\n\t\t\t\t\t<\/div>\n\t\t<\/div>\n\t\t\t\t<div class=\"elementor-column elementor-col-16 elementor-inner-column elementor-element elementor-element-6047b8a\" data-id=\"6047b8a\" data-element_type=\"column\" data-e-type=\"column\">\n\t\t\t<div class=\"elementor-widget-wrap\">\n\t\t\t\t\t\t\t<\/div>\n\t\t<\/div>\n\t\t\t\t<div class=\"elementor-column elementor-col-16 elementor-inner-column elementor-element elementor-element-f221850\" data-id=\"f221850\" data-element_type=\"column\" data-e-type=\"column\">\n\t\t\t<div class=\"elementor-widget-wrap\">\n\t\t\t\t\t\t\t<\/div>\n\t\t<\/div>\n\t\t\t\t\t<\/div>\n\t\t<\/section>\n\t\t\t\t\t<\/div>\n\t\t<\/div>\n\t\t\t\t\t<\/div>\n\t\t<\/section>\n\t\t\t\t<section class=\"elementor-section elementor-top-section elementor-element elementor-element-4a7e536 elementor-section-boxed elementor-section-height-default elementor-section-height-default\" data-id=\"4a7e536\" data-element_type=\"section\" data-e-type=\"section\">\n\t\t\t\t\t\t<div class=\"elementor-container elementor-column-gap-default\">\n\t\t\t\t\t<div class=\"elementor-column elementor-col-100 elementor-top-column elementor-element elementor-element-9fdb3d3\" data-id=\"9fdb3d3\" data-element_type=\"column\" data-e-type=\"column\">\n\t\t\t<div class=\"elementor-widget-wrap elementor-element-populated\">\n\t\t\t\t\t\t<div class=\"elementor-element elementor-element-e3d5c4d elementor-widget elementor-widget-heading\" data-id=\"e3d5c4d\" data-element_type=\"widget\" data-e-type=\"widget\" data-widget_type=\"heading.default\">\n\t\t\t\t<div class=\"elementor-widget-container\">\n\t\t\t\t\t<h2 class=\"elementor-heading-title elementor-size-default\">G\u00f6rsel bas\u0131n<\/h2>\t\t\t\t<\/div>\n\t\t\t\t<\/div>\n\t\t\t\t<div class=\"elementor-element elementor-element-e40e90d elementor-widget-divider--view-line elementor-widget elementor-widget-divider\" data-id=\"e40e90d\" data-element_type=\"widget\" data-e-type=\"widget\" data-widget_type=\"divider.default\">\n\t\t\t\t<div class=\"elementor-widget-container\">\n\t\t\t\t\t\t\t<div class=\"elementor-divider\">\n\t\t\t<span class=\"elementor-divider-separator\">\n\t\t\t\t\t\t<\/span>\n\t\t<\/div>\n\t\t\t\t\t\t<\/div>\n\t\t\t\t<\/div>\n\t\t\t\t\t<\/div>\n\t\t<\/div>\n\t\t\t\t\t<\/div>\n\t\t<\/section>\n\t\t\t\t<section class=\"elementor-section elementor-top-section elementor-element elementor-element-5c09084 elementor-section-boxed elementor-section-height-default elementor-section-height-default\" data-id=\"5c09084\" data-element_type=\"section\" data-e-type=\"section\">\n\t\t\t\t\t\t<div class=\"elementor-container elementor-column-gap-default\">\n\t\t\t\t\t<div class=\"elementor-column elementor-col-33 elementor-top-column elementor-element elementor-element-d4ff918\" data-id=\"d4ff918\" data-element_type=\"column\" data-e-type=\"column\">\n\t\t\t<div class=\"elementor-widget-wrap\">\n\t\t\t\t\t\t\t<\/div>\n\t\t<\/div>\n\t\t\t\t<div class=\"elementor-column elementor-col-33 elementor-top-column elementor-element elementor-element-fa964f4\" data-id=\"fa964f4\" data-element_type=\"column\" data-e-type=\"column\">\n\t\t\t<div class=\"elementor-widget-wrap\">\n\t\t\t\t\t\t\t<\/div>\n\t\t<\/div>\n\t\t\t\t<div class=\"elementor-column elementor-col-33 elementor-top-column elementor-element elementor-element-e9fa1f1\" data-id=\"e9fa1f1\" data-element_type=\"column\" data-e-type=\"column\">\n\t\t\t<div class=\"elementor-widget-wrap\">\n\t\t\t\t\t\t\t<\/div>\n\t\t<\/div>\n\t\t\t\t\t<\/div>\n\t\t<\/section>\n\t\t\t\t<section class=\"elementor-section elementor-top-section elementor-element elementor-element-37c3c4d elementor-section-boxed elementor-section-height-default elementor-section-height-default\" data-id=\"37c3c4d\" data-element_type=\"section\" data-e-type=\"section\">\n\t\t\t\t\t\t<div class=\"elementor-container elementor-column-gap-default\">\n\t\t\t\t\t<div class=\"elementor-column elementor-col-33 elementor-top-column elementor-element elementor-element-ed795cf\" data-id=\"ed795cf\" data-element_type=\"column\" data-e-type=\"column\">\n\t\t\t<div class=\"elementor-widget-wrap\">\n\t\t\t\t\t\t\t<\/div>\n\t\t<\/div>\n\t\t\t\t<div class=\"elementor-column elementor-col-33 elementor-top-column elementor-element elementor-element-a182d41\" data-id=\"a182d41\" data-element_type=\"column\" data-e-type=\"column\">\n\t\t\t<div class=\"elementor-widget-wrap\">\n\t\t\t\t\t\t\t<\/div>\n\t\t<\/div>\n\t\t\t\t<div class=\"elementor-column elementor-col-33 elementor-top-column elementor-element elementor-element-a39dd86\" data-id=\"a39dd86\" data-element_type=\"column\" data-e-type=\"column\">\n\t\t\t<div class=\"elementor-widget-wrap\">\n\t\t\t\t\t\t\t<\/div>\n\t\t<\/div>\n\t\t\t\t\t<\/div>\n\t\t<\/section>\n\t\t\t\t<\/div>","protected":false},"excerpt":{"rendered":"<p>Genel Bak\u0131\u015f Tan\u0131t\u0131m Videolar\u0131 G\u00f6rsel Bas\u0131n Yaz\u0131l\u0131 Bas\u0131n G\u00f6rsel bas\u0131n<\/p>","protected":false},"author":38,"featured_media":0,"parent":0,"menu_order":0,"comment_status":"closed","ping_status":"closed","template":"","meta":{"footnotes":""},"class_list":["post-16572","page","type-page","status-publish","hentry"],"yoast_head":"<!-- This site is optimized with the Yoast SEO plugin v27.4 - https:\/\/yoast.com\/product\/yoast-seo-wordpress\/ -->\n<title>G\u00fclman Group | G\u00f6rsel Bas\u0131n<\/title>\n<meta name=\"description\" content=\"G\u00fclman Group g\u00f6rsel bas\u0131n sayfas\u0131nda bas\u0131n b\u00fcltenleri ve medya kullan\u0131m\u0131na y\u00f6nelik g\u00f6rsel i\u00e7eriklere kolayca ula\u015fabilirsiniz.\" \/>\n<meta name=\"robots\" content=\"index, follow, max-snippet:-1, max-image-preview:large, max-video-preview:-1\" \/>\n<link rel=\"canonical\" href=\"https:\/\/gulmangroup.com\/en\/gorsel-basin\/\" \/>\n<meta property=\"og:locale\" content=\"en_US\" \/>\n<meta property=\"og:type\" content=\"article\" \/>\n<meta property=\"og:title\" content=\"G\u00fclman Group | G\u00f6rsel Bas\u0131n\" \/>\n<meta property=\"og:description\" content=\"G\u00fclman Group g\u00f6rsel bas\u0131n sayfas\u0131nda bas\u0131n b\u00fcltenleri ve medya kullan\u0131m\u0131na y\u00f6nelik g\u00f6rsel i\u00e7eriklere kolayca ula\u015fabilirsiniz.\" \/>\n<meta property=\"og:url\" content=\"https:\/\/gulmangroup.com\/en\/gorsel-basin\/\" \/>\n<meta property=\"og:site_name\" content=\"G\u00fclman Group\" \/>\n<meta property=\"article:modified_time\" content=\"2026-01-08T14:13:20+00:00\" \/>\n<meta property=\"og:image\" content=\"https:\/\/gulmangroup.com\/wp-content\/uploads\/2023\/08\/kronoloji-copy.jpg\" \/>\n<meta name=\"twitter:card\" content=\"summary_large_image\" \/>\n<meta name=\"twitter:label1\" content=\"Est. reading time\" \/>\n\t<meta name=\"twitter:data1\" content=\"1 minute\" \/>\n<script type=\"application\/ld+json\" class=\"yoast-schema-graph\">{\"@context\":\"https:\\\/\\\/schema.org\",\"@graph\":[{\"@type\":\"WebPage\",\"@id\":\"https:\\\/\\\/gulmangroup.com\\\/gorsel-basin\\\/\",\"url\":\"https:\\\/\\\/gulmangroup.com\\\/gorsel-basin\\\/\",\"name\":\"G\u00fclman Group | G\u00f6rsel Bas\u0131n\",\"isPartOf\":{\"@id\":\"https:\\\/\\\/gulmangroup.com\\\/#website\"},\"primaryImageOfPage\":{\"@id\":\"https:\\\/\\\/gulmangroup.com\\\/gorsel-basin\\\/#primaryimage\"},\"image\":{\"@id\":\"https:\\\/\\\/gulmangroup.com\\\/gorsel-basin\\\/#primaryimage\"},\"thumbnailUrl\":\"https:\\\/\\\/gulmangroup.com\\\/wp-content\\\/uploads\\\/2023\\\/08\\\/kronoloji-copy.jpg\",\"datePublished\":\"2023-08-30T01:06:58+00:00\",\"dateModified\":\"2026-01-08T14:13:20+00:00\",\"description\":\"G\u00fclman Group g\u00f6rsel bas\u0131n sayfas\u0131nda bas\u0131n b\u00fcltenleri ve medya kullan\u0131m\u0131na y\u00f6nelik g\u00f6rsel i\u00e7eriklere kolayca ula\u015fabilirsiniz.\",\"breadcrumb\":{\"@id\":\"https:\\\/\\\/gulmangroup.com\\\/gorsel-basin\\\/#breadcrumb\"},\"inLanguage\":\"en-US\",\"potentialAction\":[{\"@type\":\"ReadAction\",\"target\":[\"https:\\\/\\\/gulmangroup.com\\\/gorsel-basin\\\/\"]}]},{\"@type\":\"ImageObject\",\"inLanguage\":\"en-US\",\"@id\":\"https:\\\/\\\/gulmangroup.com\\\/gorsel-basin\\\/#primaryimage\",\"url\":\"https:\\\/\\\/gulmangroup.com\\\/wp-content\\\/uploads\\\/2023\\\/08\\\/kronoloji-copy.jpg\",\"contentUrl\":\"https:\\\/\\\/gulmangroup.com\\\/wp-content\\\/uploads\\\/2023\\\/08\\\/kronoloji-copy.jpg\"},{\"@type\":\"BreadcrumbList\",\"@id\":\"https:\\\/\\\/gulmangroup.com\\\/gorsel-basin\\\/#breadcrumb\",\"itemListElement\":[{\"@type\":\"ListItem\",\"position\":1,\"name\":\"Ana sayfa\",\"item\":\"https:\\\/\\\/gulmangroup.com\\\/\"},{\"@type\":\"ListItem\",\"position\":2,\"name\":\"G\u00f6rsel Bas\u0131n\"}]},{\"@type\":\"WebSite\",\"@id\":\"https:\\\/\\\/gulmangroup.com\\\/#website\",\"url\":\"https:\\\/\\\/gulmangroup.com\\\/\",\"name\":\"G\u00fclman Group\",\"description\":\"Yar\u0131n i\u00e7in bug\u00fcnden\",\"publisher\":{\"@id\":\"https:\\\/\\\/gulmangroup.com\\\/#organization\"},\"potentialAction\":[{\"@type\":\"SearchAction\",\"target\":{\"@type\":\"EntryPoint\",\"urlTemplate\":\"https:\\\/\\\/gulmangroup.com\\\/?s={search_term_string}\"},\"query-input\":{\"@type\":\"PropertyValueSpecification\",\"valueRequired\":true,\"valueName\":\"search_term_string\"}}],\"inLanguage\":\"en-US\"},{\"@type\":\"Organization\",\"@id\":\"https:\\\/\\\/gulmangroup.com\\\/#organization\",\"name\":\"G\u00fclman Group\",\"url\":\"https:\\\/\\\/gulmangroup.com\\\/\",\"logo\":{\"@type\":\"ImageObject\",\"inLanguage\":\"en-US\",\"@id\":\"https:\\\/\\\/gulmangroup.com\\\/#\\\/schema\\\/logo\\\/image\\\/\",\"url\":\"https:\\\/\\\/gulmangroup.com\\\/wp-content\\\/uploads\\\/2022\\\/01\\\/gulmangroup-logo-70.yil_.svg\",\"contentUrl\":\"https:\\\/\\\/gulmangroup.com\\\/wp-content\\\/uploads\\\/2022\\\/01\\\/gulmangroup-logo-70.yil_.svg\",\"width\":259,\"height\":67,\"caption\":\"G\u00fclman Group\"},\"image\":{\"@id\":\"https:\\\/\\\/gulmangroup.com\\\/#\\\/schema\\\/logo\\\/image\\\/\"}}]}<\/script>\n<!-- \/ Yoast SEO plugin. -->","yoast_head_json":{"title":"G\u00fclman Group | G\u00f6rsel Bas\u0131n","description":"G\u00fclman Group g\u00f6rsel bas\u0131n sayfas\u0131nda bas\u0131n b\u00fcltenleri ve medya kullan\u0131m\u0131na y\u00f6nelik g\u00f6rsel i\u00e7eriklere kolayca ula\u015fabilirsiniz.","robots":{"index":"index","follow":"follow","max-snippet":"max-snippet:-1","max-image-preview":"max-image-preview:large","max-video-preview":"max-video-preview:-1"},"canonical":"https:\/\/gulmangroup.com\/en\/gorsel-basin\/","og_locale":"en_US","og_type":"article","og_title":"G\u00fclman Group | G\u00f6rsel Bas\u0131n","og_description":"G\u00fclman Group g\u00f6rsel bas\u0131n sayfas\u0131nda bas\u0131n b\u00fcltenleri ve medya kullan\u0131m\u0131na y\u00f6nelik g\u00f6rsel i\u00e7eriklere kolayca ula\u015fabilirsiniz.","og_url":"https:\/\/gulmangroup.com\/en\/gorsel-basin\/","og_site_name":"G\u00fclman Group","article_modified_time":"2026-01-08T14:13:20+00:00","og_image":[{"url":"https:\/\/gulmangroup.com\/wp-content\/uploads\/2023\/08\/kronoloji-copy.jpg","type":"","width":"","height":""}],"twitter_card":"summary_large_image","twitter_misc":{"Est. reading time":"1 minute"},"schema":{"@context":"https:\/\/schema.org","@graph":[{"@type":"WebPage","@id":"https:\/\/gulmangroup.com\/gorsel-basin\/","url":"https:\/\/gulmangroup.com\/gorsel-basin\/","name":"G\u00fclman Group | G\u00f6rsel Bas\u0131n","isPartOf":{"@id":"https:\/\/gulmangroup.com\/#website"},"primaryImageOfPage":{"@id":"https:\/\/gulmangroup.com\/gorsel-basin\/#primaryimage"},"image":{"@id":"https:\/\/gulmangroup.com\/gorsel-basin\/#primaryimage"},"thumbnailUrl":"https:\/\/gulmangroup.com\/wp-content\/uploads\/2023\/08\/kronoloji-copy.jpg","datePublished":"2023-08-30T01:06:58+00:00","dateModified":"2026-01-08T14:13:20+00:00","description":"G\u00fclman Group g\u00f6rsel bas\u0131n sayfas\u0131nda bas\u0131n b\u00fcltenleri ve medya kullan\u0131m\u0131na y\u00f6nelik g\u00f6rsel i\u00e7eriklere kolayca ula\u015fabilirsiniz.","breadcrumb":{"@id":"https:\/\/gulmangroup.com\/gorsel-basin\/#breadcrumb"},"inLanguage":"en-US","potentialAction":[{"@type":"ReadAction","target":["https:\/\/gulmangroup.com\/gorsel-basin\/"]}]},{"@type":"ImageObject","inLanguage":"en-US","@id":"https:\/\/gulmangroup.com\/gorsel-basin\/#primaryimage","url":"https:\/\/gulmangroup.com\/wp-content\/uploads\/2023\/08\/kronoloji-copy.jpg","contentUrl":"https:\/\/gulmangroup.com\/wp-content\/uploads\/2023\/08\/kronoloji-copy.jpg"},{"@type":"BreadcrumbList","@id":"https:\/\/gulmangroup.com\/gorsel-basin\/#breadcrumb","itemListElement":[{"@type":"ListItem","position":1,"name":"Ana sayfa","item":"https:\/\/gulmangroup.com\/"},{"@type":"ListItem","position":2,"name":"G\u00f6rsel Bas\u0131n"}]},{"@type":"WebSite","@id":"https:\/\/gulmangroup.com\/#website","url":"https:\/\/gulmangroup.com\/","name":"Gulman Group","description":"Yar\u0131n i\u00e7in bug\u00fcnden","publisher":{"@id":"https:\/\/gulmangroup.com\/#organization"},"potentialAction":[{"@type":"SearchAction","target":{"@type":"EntryPoint","urlTemplate":"https:\/\/gulmangroup.com\/?s={search_term_string}"},"query-input":{"@type":"PropertyValueSpecification","valueRequired":true,"valueName":"search_term_string"}}],"inLanguage":"en-US"},{"@type":"Organization","@id":"https:\/\/gulmangroup.com\/#organization","name":"Gulman Group","url":"https:\/\/gulmangroup.com\/","logo":{"@type":"ImageObject","inLanguage":"en-US","@id":"https:\/\/gulmangroup.com\/#\/schema\/logo\/image\/","url":"https:\/\/gulmangroup.com\/wp-content\/uploads\/2022\/01\/gulmangroup-logo-70.yil_.svg","contentUrl":"https:\/\/gulmangroup.com\/wp-content\/uploads\/2022\/01\/gulmangroup-logo-70.yil_.svg","width":259,"height":67,"caption":"G\u00fclman Group"},"image":{"@id":"https:\/\/gulmangroup.com\/#\/schema\/logo\/image\/"}}]}},"_links":{"self":[{"href":"https:\/\/gulmangroup.com\/en\/wp-json\/wp\/v2\/pages\/16572","targetHints":{"allow":["GET"]}}],"collection":[{"href":"https:\/\/gulmangroup.com\/en\/wp-json\/wp\/v2\/pages"}],"about":[{"href":"https:\/\/gulmangroup.com\/en\/wp-json\/wp\/v2\/types\/page"}],"author":[{"embeddable":true,"href":"https:\/\/gulmangroup.com\/en\/wp-json\/wp\/v2\/users\/38"}],"replies":[{"embeddable":true,"href":"https:\/\/gulmangroup.com\/en\/wp-json\/wp\/v2\/comments?post=16572"}],"version-history":[{"count":1,"href":"https:\/\/gulmangroup.com\/en\/wp-json\/wp\/v2\/pages\/16572\/revisions"}],"predecessor-version":[{"id":19566,"href":"https:\/\/gulmangroup.com\/en\/wp-json\/wp\/v2\/pages\/16572\/revisions\/19566"}],"wp:attachment":[{"href":"https:\/\/gulmangroup.com\/en\/wp-json\/wp\/v2\/media?parent=16572"}],"curies":[{"name":"wp","href":"https:\/\/api.w.org\/{rel}","templated":true}]}}