{"id":16158,"date":"2023-08-21T20:18:18","date_gmt":"2023-08-21T17:18:18","guid":{"rendered":"https:\/\/gulmangroup.com\/?page_id=16158"},"modified":"2026-01-08T17:27:03","modified_gmt":"2026-01-08T14:27:03","slug":"energy","status":"publish","type":"page","link":"https:\/\/gulmangroup.com\/en\/energy\/","title":{"rendered":"Energy"},"content":{"rendered":"<div data-elementor-type=\"wp-page\" data-elementor-id=\"16158\" class=\"elementor elementor-16158\" data-elementor-post-type=\"page\">\n\t\t\t\t\t\t<section class=\"elementor-section elementor-top-section elementor-element elementor-element-54e8ed9 elementor-section-boxed elementor-section-height-default elementor-section-height-default\" data-id=\"54e8ed9\" data-element_type=\"section\" data-e-type=\"section\">\n\t\t\t\t\t\t<div class=\"elementor-container elementor-column-gap-default\">\n\t\t\t\t\t<div class=\"elementor-column elementor-col-100 elementor-top-column elementor-element elementor-element-b5a3159\" data-id=\"b5a3159\" data-element_type=\"column\" data-e-type=\"column\">\n\t\t\t<div class=\"elementor-widget-wrap elementor-element-populated\">\n\t\t\t\t\t\t<div class=\"elementor-element elementor-element-298356c elementor-widget elementor-widget-heading\" data-id=\"298356c\" data-element_type=\"widget\" data-e-type=\"widget\" data-widget_type=\"heading.default\">\n\t\t\t\t<div class=\"elementor-widget-container\">\n\t\t\t\t\t<h2 class=\"elementor-heading-title elementor-size-default\">Renewable Energy<\/h2>\t\t\t\t<\/div>\n\t\t\t\t<\/div>\n\t\t\t\t<div class=\"elementor-element elementor-element-2a91bcc elementor-widget-divider--view-line elementor-widget elementor-widget-divider\" data-id=\"2a91bcc\" data-element_type=\"widget\" data-e-type=\"widget\" data-widget_type=\"divider.default\">\n\t\t\t\t<div class=\"elementor-widget-container\">\n\t\t\t\t\t\t\t<div class=\"elementor-divider\">\n\t\t\t<span class=\"elementor-divider-separator\">\n\t\t\t\t\t\t<\/span>\n\t\t<\/div>\n\t\t\t\t\t\t<\/div>\n\t\t\t\t<\/div>\n\t\t\t\t\t<\/div>\n\t\t<\/div>\n\t\t\t\t\t<\/div>\n\t\t<\/section>\n\t\t\t\t<section class=\"elementor-section elementor-top-section elementor-element elementor-element-b5ad820 elementor-reverse-tablet elementor-reverse-mobile elementor-section-boxed elementor-section-height-default elementor-section-height-default\" data-id=\"b5ad820\" data-element_type=\"section\" data-e-type=\"section\">\n\t\t\t\t\t\t<div class=\"elementor-container elementor-column-gap-default\">\n\t\t\t\t\t<div class=\"elementor-column elementor-col-50 elementor-top-column elementor-element elementor-element-13d3eb3\" data-id=\"13d3eb3\" data-element_type=\"column\" data-e-type=\"column\">\n\t\t\t<div class=\"elementor-widget-wrap elementor-element-populated\">\n\t\t\t\t\t\t<div class=\"elementor-element elementor-element-71dc68d elementor-arrows-position-inside elementor-pagination-position-outside elementor-widget elementor-widget-image-carousel\" data-id=\"71dc68d\" data-element_type=\"widget\" data-e-type=\"widget\" data-settings=\"{&quot;slides_to_show&quot;:&quot;1&quot;,&quot;navigation&quot;:&quot;both&quot;,&quot;autoplay&quot;:&quot;yes&quot;,&quot;pause_on_hover&quot;:&quot;yes&quot;,&quot;pause_on_interaction&quot;:&quot;yes&quot;,&quot;autoplay_speed&quot;:5000,&quot;infinite&quot;:&quot;yes&quot;,&quot;effect&quot;:&quot;slide&quot;,&quot;speed&quot;:500}\" data-widget_type=\"image-carousel.default\">\n\t\t\t\t<div class=\"elementor-widget-container\">\n\t\t\t\t\t\t\t<div class=\"elementor-image-carousel-wrapper swiper\" role=\"region\" aria-roledescription=\"carousel\" aria-label=\"Image Carousel\" dir=\"ltr\">\n\t\t\t<div class=\"elementor-image-carousel swiper-wrapper\" aria-live=\"off\">\n\t\t\t\t\t\t\t\t<div class=\"swiper-slide\" role=\"group\" aria-roledescription=\"slide\" aria-label=\"1 of 3\" data-no-translation-aria-label=\"\"><figure class=\"swiper-slide-inner\"><img decoding=\"async\" class=\"swiper-slide-image\" src=\"https:\/\/gulmangroup.com\/wp-content\/uploads\/2023\/09\/enerji-3.jpg\" alt=\"G\u00fclman Group, T\u00fcrkiye\u2019nin artan enerji ihtiyac\u0131n\u0131 dikkate alarak enerjiyi stratejik bir b\u00fcy\u00fcme alan\u0131 olarak konumland\u0131rmakta ve s\u00fcrd\u00fcr\u00fclebilir yat\u0131r\u0131mlar ger\u00e7ekle\u015ftirmektedir.\" \/><\/figure><\/div><div class=\"swiper-slide\" role=\"group\" aria-roledescription=\"slide\" aria-label=\"2 of 3\" data-no-translation-aria-label=\"\"><figure class=\"swiper-slide-inner\"><img decoding=\"async\" class=\"swiper-slide-image\" src=\"https:\/\/gulmangroup.com\/wp-content\/uploads\/2023\/09\/enerji-2.jpg\" alt=\"Mu\u011fla Milas Kayalar GES, Antalya Finike Nur GES, Isparta Kule\u00f6n\u00fc G\u00fclkent GES ve Ankara Kahramankazan Kazan GES, G\u00fclman Group\u2019un aktif g\u00fcne\u015f enerjisi yat\u0131r\u0131mlar\u0131 aras\u0131nda yer almaktad\u0131r.\" \/><\/figure><\/div><div class=\"swiper-slide\" role=\"group\" aria-roledescription=\"slide\" aria-label=\"3 of 3\" data-no-translation-aria-label=\"\"><figure class=\"swiper-slide-inner\"><img decoding=\"async\" class=\"swiper-slide-image\" src=\"https:\/\/gulmangroup.com\/wp-content\/uploads\/2023\/09\/enerji-1.jpg\" alt=\"G\u00fclman Group, g\u00fcne\u015f enerjisi yat\u0131r\u0131mlar\u0131yla T\u00fcrkiye\u2019nin yenilenebilir enerji d\u00f6n\u00fc\u015f\u00fcm\u00fcne katk\u0131 sa\u011flarken uzun vadeli enerji arz\u0131n\u0131 desteklemektedir.\" \/><\/figure><\/div>\t\t\t<\/div>\n\t\t\t\t\t\t\t\t\t\t\t\t<div class=\"elementor-swiper-button elementor-swiper-button-prev\" role=\"button\" tabindex=\"0\">\n\t\t\t\t\t\t<i aria-hidden=\"true\" class=\"eicon-chevron-left\"><\/i>\t\t\t\t\t<\/div>\n\t\t\t\t\t<div class=\"elementor-swiper-button elementor-swiper-button-next\" role=\"button\" tabindex=\"0\">\n\t\t\t\t\t\t<i aria-hidden=\"true\" class=\"eicon-chevron-right\"><\/i>\t\t\t\t\t<\/div>\n\t\t\t\t\n\t\t\t\t\t\t\t\t\t<div class=\"swiper-pagination\"><\/div>\n\t\t\t\t\t\t\t\t\t<\/div>\n\t\t\t\t\t\t<\/div>\n\t\t\t\t<\/div>\n\t\t\t\t\t<\/div>\n\t\t<\/div>\n\t\t\t\t<div class=\"elementor-column elementor-col-50 elementor-top-column elementor-element elementor-element-e53581f\" data-id=\"e53581f\" data-element_type=\"column\" data-e-type=\"column\">\n\t\t\t<div class=\"elementor-widget-wrap elementor-element-populated\">\n\t\t\t\t\t\t<div class=\"elementor-element elementor-element-f1af293 elementor-widget elementor-widget-text-editor\" data-id=\"f1af293\" data-element_type=\"widget\" data-e-type=\"widget\" data-widget_type=\"text-editor.default\">\n\t\t\t\t<div class=\"elementor-widget-container\">\n\t\t\t\t\t\t\t\t\t<div class=\"col-lg-6 col-md-6 col-sm-12 col-xs-12\"><div class=\"col-lg-6 col-md-6 col-sm-12 col-xs-12\"><p>G\u00fclman Group<\/p><ul><li><p>Takes into account the increasing needs of a developing and growing T\u00fcrkiye, and sees energy as an important area with potential growth.<\/p><\/li><li><p>With an investment experience of 70 years, it invests in solar power plants for a more sustainable energy supply and a livable future.<\/p><\/li><li><p>G\u00fclman Group still runs Kayalar Solar Power Plant in Milas, Mu\u011fla; Nur Solar Power Plant in Finike, Antalya; G\u00fclkent Solar Power Plant in Kule\u00f6n\u00fc, Isparta; and Kazan Solar Power Plant operating in Kahramankazan, Ankara.<\/p><\/li><\/ul><p><b>\u00a0<\/b><\/p><\/div><\/div>\t\t\t\t\t\t\t\t<\/div>\n\t\t\t\t<\/div>\n\t\t\t\t\t<\/div>\n\t\t<\/div>\n\t\t\t\t\t<\/div>\n\t\t<\/section>\n\t\t\t\t<section class=\"elementor-section elementor-top-section elementor-element elementor-element-d74b0be elementor-section-boxed elementor-section-height-default elementor-section-height-default\" data-id=\"d74b0be\" data-element_type=\"section\" data-e-type=\"section\">\n\t\t\t\t\t\t<div class=\"elementor-container elementor-column-gap-default\">\n\t\t\t\t\t<div class=\"elementor-column elementor-col-100 elementor-top-column elementor-element elementor-element-ecdfc20\" data-id=\"ecdfc20\" data-element_type=\"column\" data-e-type=\"column\">\n\t\t\t<div class=\"elementor-widget-wrap elementor-element-populated\">\n\t\t\t\t\t\t\t<\/div>\n\t\t<\/div>\n\t\t\t\t\t<\/div>\n\t\t<\/section>\n\t\t\t\t<section class=\"elementor-section elementor-top-section elementor-element elementor-element-0df1553 elementor-hidden-mobile elementor-section-boxed elementor-section-height-default elementor-section-height-default\" data-id=\"0df1553\" data-element_type=\"section\" data-e-type=\"section\">\n\t\t\t\t\t\t<div class=\"elementor-container elementor-column-gap-default\">\n\t\t\t\t\t<div class=\"elementor-column elementor-col-100 elementor-top-column elementor-element elementor-element-a8c2a70\" data-id=\"a8c2a70\" data-element_type=\"column\" data-e-type=\"column\">\n\t\t\t<div class=\"elementor-widget-wrap\">\n\t\t\t\t\t\t\t<\/div>\n\t\t<\/div>\n\t\t\t\t\t<\/div>\n\t\t<\/section>\n\t\t\t\t<section class=\"elementor-section elementor-top-section elementor-element elementor-element-9fcf9e6 elementor-hidden-desktop elementor-hidden-tablet elementor-section-boxed elementor-section-height-default elementor-section-height-default\" data-id=\"9fcf9e6\" data-element_type=\"section\" data-e-type=\"section\">\n\t\t\t\t\t\t<div class=\"elementor-container elementor-column-gap-default\">\n\t\t\t\t\t<div class=\"elementor-column elementor-col-100 elementor-top-column elementor-element elementor-element-7f9f5b0\" data-id=\"7f9f5b0\" data-element_type=\"column\" data-e-type=\"column\">\n\t\t\t<div class=\"elementor-widget-wrap\">\n\t\t\t\t\t\t\t<\/div>\n\t\t<\/div>\n\t\t\t\t\t<\/div>\n\t\t<\/section>\n\t\t\t\t<\/div>","protected":false},"excerpt":{"rendered":"<p>Yenilenebilir Enerji G\u00fclman Group, Geli\u015fen ve b\u00fcy\u00fcyen T\u00fcrkiye\u2019nin artan ihtiyac\u0131n\u0131 dikkate alarak, enerjiyi \u00f6nemli bir potansiyel b\u00fcy\u00fcme alan\u0131 olarak g\u00f6rmektedir. 70 y\u0131ll\u0131k yat\u0131r\u0131mc\u0131 kimli\u011fiyle daha s\u00fcrd\u00fcr\u00fclebilir bir enerji arz\u0131 ve ya\u015fanabilir bir gelecek i\u00e7in g\u00fcne\u015f enerjisi santrallerine yat\u0131r\u0131m yapmaktad\u0131r. G\u00fclman Group b\u00fcnyesinde halen Mu\u011fla Milas&#8217;ta Kayalar GES, Antalya Finike&#8217;de Nur GES, Isparta Kule\u00f6n\u00fc&#8217;nde G\u00fclkent GES [&hellip;]<\/p>\n","protected":false},"author":38,"featured_media":0,"parent":0,"menu_order":0,"comment_status":"closed","ping_status":"closed","template":"","meta":{"footnotes":""},"class_list":["post-16158","page","type-page","status-publish","hentry"],"yoast_head":"<!-- This site is optimized with the Yoast SEO plugin v27.3 - https:\/\/yoast.com\/product\/yoast-seo-wordpress\/ -->\n<title>G\u00fclman Group | Enerji<\/title>\n<meta name=\"description\" content=\"G\u00fclman Group, enerji alan\u0131nda g\u00fcne\u015f enerjisi santrallerine odaklanan yat\u0131r\u0131mlar\u0131yla s\u00fcrd\u00fcr\u00fclebilir bir gelecek i\u00e7in de\u011fer \u00fcretmektedir.\" \/>\n<meta name=\"robots\" content=\"index, follow, max-snippet:-1, max-image-preview:large, max-video-preview:-1\" \/>\n<link rel=\"canonical\" href=\"https:\/\/gulmangroup.com\/en\/energy\/\" \/>\n<meta property=\"og:locale\" content=\"en_US\" \/>\n<meta property=\"og:type\" content=\"article\" \/>\n<meta property=\"og:title\" content=\"G\u00fclman Group | Enerji\" \/>\n<meta property=\"og:description\" content=\"G\u00fclman Group, enerji alan\u0131nda g\u00fcne\u015f enerjisi santrallerine odaklanan yat\u0131r\u0131mlar\u0131yla s\u00fcrd\u00fcr\u00fclebilir bir gelecek i\u00e7in de\u011fer \u00fcretmektedir.\" \/>\n<meta property=\"og:url\" content=\"https:\/\/gulmangroup.com\/en\/energy\/\" \/>\n<meta property=\"og:site_name\" content=\"G\u00fclman Group\" \/>\n<meta property=\"article:modified_time\" content=\"2026-01-08T14:27:03+00:00\" \/>\n<meta property=\"og:image\" content=\"https:\/\/gulmangroup.com\/wp-content\/uploads\/2023\/09\/enerji-3.jpg\" \/>\n<meta name=\"twitter:card\" content=\"summary_large_image\" \/>\n<meta name=\"twitter:label1\" content=\"Est. reading time\" \/>\n\t<meta name=\"twitter:data1\" content=\"4 minutes\" \/>\n<script type=\"application\/ld+json\" class=\"yoast-schema-graph\">{\"@context\":\"https:\\\/\\\/schema.org\",\"@graph\":[{\"@type\":\"WebPage\",\"@id\":\"https:\\\/\\\/gulmangroup.com\\\/enerji\\\/\",\"url\":\"https:\\\/\\\/gulmangroup.com\\\/enerji\\\/\",\"name\":\"G\u00fclman Group | Enerji\",\"isPartOf\":{\"@id\":\"https:\\\/\\\/gulmangroup.com\\\/#website\"},\"primaryImageOfPage\":{\"@id\":\"https:\\\/\\\/gulmangroup.com\\\/enerji\\\/#primaryimage\"},\"image\":{\"@id\":\"https:\\\/\\\/gulmangroup.com\\\/enerji\\\/#primaryimage\"},\"thumbnailUrl\":\"https:\\\/\\\/gulmangroup.com\\\/wp-content\\\/uploads\\\/2023\\\/09\\\/enerji-3.jpg\",\"datePublished\":\"2023-08-21T17:18:18+00:00\",\"dateModified\":\"2026-01-08T14:27:03+00:00\",\"description\":\"G\u00fclman Group, enerji alan\u0131nda g\u00fcne\u015f enerjisi santrallerine odaklanan yat\u0131r\u0131mlar\u0131yla s\u00fcrd\u00fcr\u00fclebilir bir gelecek i\u00e7in de\u011fer \u00fcretmektedir.\",\"breadcrumb\":{\"@id\":\"https:\\\/\\\/gulmangroup.com\\\/enerji\\\/#breadcrumb\"},\"inLanguage\":\"en-US\",\"potentialAction\":[{\"@type\":\"ReadAction\",\"target\":[\"https:\\\/\\\/gulmangroup.com\\\/enerji\\\/\"]}]},{\"@type\":\"ImageObject\",\"inLanguage\":\"en-US\",\"@id\":\"https:\\\/\\\/gulmangroup.com\\\/enerji\\\/#primaryimage\",\"url\":\"https:\\\/\\\/gulmangroup.com\\\/wp-content\\\/uploads\\\/2023\\\/09\\\/enerji-3.jpg\",\"contentUrl\":\"https:\\\/\\\/gulmangroup.com\\\/wp-content\\\/uploads\\\/2023\\\/09\\\/enerji-3.jpg\"},{\"@type\":\"BreadcrumbList\",\"@id\":\"https:\\\/\\\/gulmangroup.com\\\/enerji\\\/#breadcrumb\",\"itemListElement\":[{\"@type\":\"ListItem\",\"position\":1,\"name\":\"Ana sayfa\",\"item\":\"https:\\\/\\\/gulmangroup.com\\\/\"},{\"@type\":\"ListItem\",\"position\":2,\"name\":\"Enerji\"}]},{\"@type\":\"WebSite\",\"@id\":\"https:\\\/\\\/gulmangroup.com\\\/#website\",\"url\":\"https:\\\/\\\/gulmangroup.com\\\/\",\"name\":\"G\u00fclman Group\",\"description\":\"Yar\u0131n i\u00e7in bug\u00fcnden\",\"publisher\":{\"@id\":\"https:\\\/\\\/gulmangroup.com\\\/#organization\"},\"potentialAction\":[{\"@type\":\"SearchAction\",\"target\":{\"@type\":\"EntryPoint\",\"urlTemplate\":\"https:\\\/\\\/gulmangroup.com\\\/?s={search_term_string}\"},\"query-input\":{\"@type\":\"PropertyValueSpecification\",\"valueRequired\":true,\"valueName\":\"search_term_string\"}}],\"inLanguage\":\"en-US\"},{\"@type\":\"Organization\",\"@id\":\"https:\\\/\\\/gulmangroup.com\\\/#organization\",\"name\":\"G\u00fclman Group\",\"url\":\"https:\\\/\\\/gulmangroup.com\\\/\",\"logo\":{\"@type\":\"ImageObject\",\"inLanguage\":\"en-US\",\"@id\":\"https:\\\/\\\/gulmangroup.com\\\/#\\\/schema\\\/logo\\\/image\\\/\",\"url\":\"https:\\\/\\\/gulmangroup.com\\\/wp-content\\\/uploads\\\/2022\\\/01\\\/gulmangroup-logo-70.yil_.svg\",\"contentUrl\":\"https:\\\/\\\/gulmangroup.com\\\/wp-content\\\/uploads\\\/2022\\\/01\\\/gulmangroup-logo-70.yil_.svg\",\"width\":259,\"height\":67,\"caption\":\"G\u00fclman Group\"},\"image\":{\"@id\":\"https:\\\/\\\/gulmangroup.com\\\/#\\\/schema\\\/logo\\\/image\\\/\"}}]}<\/script>\n<!-- \/ Yoast SEO plugin. -->","yoast_head_json":{"title":"Gulman Group | Energy","description":"G\u00fclman Group creates value for a sustainable future through its investments in the energy sector, focusing on solar power plants.","robots":{"index":"index","follow":"follow","max-snippet":"max-snippet:-1","max-image-preview":"max-image-preview:large","max-video-preview":"max-video-preview:-1"},"canonical":"https:\/\/gulmangroup.com\/en\/energy\/","og_locale":"en_US","og_type":"article","og_title":"G\u00fclman Group | Enerji","og_description":"G\u00fclman Group, enerji alan\u0131nda g\u00fcne\u015f enerjisi santrallerine odaklanan yat\u0131r\u0131mlar\u0131yla s\u00fcrd\u00fcr\u00fclebilir bir gelecek i\u00e7in de\u011fer \u00fcretmektedir.","og_url":"https:\/\/gulmangroup.com\/en\/energy\/","og_site_name":"G\u00fclman Group","article_modified_time":"2026-01-08T14:27:03+00:00","og_image":[{"url":"https:\/\/gulmangroup.com\/wp-content\/uploads\/2023\/09\/enerji-3.jpg","type":"","width":"","height":""}],"twitter_card":"summary_large_image","twitter_misc":{"Est. reading time":"4 minutes"},"schema":{"@context":"https:\/\/schema.org","@graph":[{"@type":"WebPage","@id":"https:\/\/gulmangroup.com\/enerji\/","url":"https:\/\/gulmangroup.com\/enerji\/","name":"Gulman Group | Energy","isPartOf":{"@id":"https:\/\/gulmangroup.com\/#website"},"primaryImageOfPage":{"@id":"https:\/\/gulmangroup.com\/enerji\/#primaryimage"},"image":{"@id":"https:\/\/gulmangroup.com\/enerji\/#primaryimage"},"thumbnailUrl":"https:\/\/gulmangroup.com\/wp-content\/uploads\/2023\/09\/enerji-3.jpg","datePublished":"2023-08-21T17:18:18+00:00","dateModified":"2026-01-08T14:27:03+00:00","description":"G\u00fclman Group creates value for a sustainable future through its investments in the energy sector, focusing on solar power plants.","breadcrumb":{"@id":"https:\/\/gulmangroup.com\/enerji\/#breadcrumb"},"inLanguage":"en-US","potentialAction":[{"@type":"ReadAction","target":["https:\/\/gulmangroup.com\/enerji\/"]}]},{"@type":"ImageObject","inLanguage":"en-US","@id":"https:\/\/gulmangroup.com\/enerji\/#primaryimage","url":"https:\/\/gulmangroup.com\/wp-content\/uploads\/2023\/09\/enerji-3.jpg","contentUrl":"https:\/\/gulmangroup.com\/wp-content\/uploads\/2023\/09\/enerji-3.jpg"},{"@type":"BreadcrumbList","@id":"https:\/\/gulmangroup.com\/enerji\/#breadcrumb","itemListElement":[{"@type":"ListItem","position":1,"name":"Ana sayfa","item":"https:\/\/gulmangroup.com\/"},{"@type":"ListItem","position":2,"name":"Enerji"}]},{"@type":"WebSite","@id":"https:\/\/gulmangroup.com\/#website","url":"https:\/\/gulmangroup.com\/","name":"Gulman Group","description":"Yar\u0131n i\u00e7in bug\u00fcnden","publisher":{"@id":"https:\/\/gulmangroup.com\/#organization"},"potentialAction":[{"@type":"SearchAction","target":{"@type":"EntryPoint","urlTemplate":"https:\/\/gulmangroup.com\/?s={search_term_string}"},"query-input":{"@type":"PropertyValueSpecification","valueRequired":true,"valueName":"search_term_string"}}],"inLanguage":"en-US"},{"@type":"Organization","@id":"https:\/\/gulmangroup.com\/#organization","name":"Gulman Group","url":"https:\/\/gulmangroup.com\/","logo":{"@type":"ImageObject","inLanguage":"en-US","@id":"https:\/\/gulmangroup.com\/#\/schema\/logo\/image\/","url":"https:\/\/gulmangroup.com\/wp-content\/uploads\/2022\/01\/gulmangroup-logo-70.yil_.svg","contentUrl":"https:\/\/gulmangroup.com\/wp-content\/uploads\/2022\/01\/gulmangroup-logo-70.yil_.svg","width":259,"height":67,"caption":"G\u00fclman Group"},"image":{"@id":"https:\/\/gulmangroup.com\/#\/schema\/logo\/image\/"}}]}},"_links":{"self":[{"href":"https:\/\/gulmangroup.com\/en\/wp-json\/wp\/v2\/pages\/16158","targetHints":{"allow":["GET"]}}],"collection":[{"href":"https:\/\/gulmangroup.com\/en\/wp-json\/wp\/v2\/pages"}],"about":[{"href":"https:\/\/gulmangroup.com\/en\/wp-json\/wp\/v2\/types\/page"}],"author":[{"embeddable":true,"href":"https:\/\/gulmangroup.com\/en\/wp-json\/wp\/v2\/users\/38"}],"replies":[{"embeddable":true,"href":"https:\/\/gulmangroup.com\/en\/wp-json\/wp\/v2\/comments?post=16158"}],"version-history":[{"count":10,"href":"https:\/\/gulmangroup.com\/en\/wp-json\/wp\/v2\/pages\/16158\/revisions"}],"predecessor-version":[{"id":19556,"href":"https:\/\/gulmangroup.com\/en\/wp-json\/wp\/v2\/pages\/16158\/revisions\/19556"}],"wp:attachment":[{"href":"https:\/\/gulmangroup.com\/en\/wp-json\/wp\/v2\/media?parent=16158"}],"curies":[{"name":"wp","href":"https:\/\/api.w.org\/{rel}","templated":true}]}}