{"id":16133,"date":"2023-08-21T20:09:21","date_gmt":"2023-08-21T17:09:21","guid":{"rendered":"https:\/\/gulmangroup.com\/?page_id=16133"},"modified":"2026-01-08T17:34:19","modified_gmt":"2026-01-08T14:34:19","slug":"presidents-message","status":"publish","type":"page","link":"https:\/\/gulmangroup.com\/en\/presidents-message\/","title":{"rendered":"Message From The President"},"content":{"rendered":"<div data-elementor-type=\"wp-page\" data-elementor-id=\"16133\" class=\"elementor elementor-16133\" data-elementor-post-type=\"page\">\n\t\t\t\t\t\t<section class=\"elementor-section elementor-top-section elementor-element elementor-element-5d66084 elementor-section-boxed elementor-section-height-default elementor-section-height-default\" data-id=\"5d66084\" data-element_type=\"section\" data-e-type=\"section\">\n\t\t\t\t\t\t<div class=\"elementor-container elementor-column-gap-default\">\n\t\t\t\t\t<div class=\"elementor-column elementor-col-100 elementor-top-column elementor-element elementor-element-d4b3c5f\" data-id=\"d4b3c5f\" data-element_type=\"column\" data-e-type=\"column\">\n\t\t\t<div class=\"elementor-widget-wrap elementor-element-populated\">\n\t\t\t\t\t\t<div class=\"elementor-element elementor-element-15a5a27 elementor-widget elementor-widget-heading\" data-id=\"15a5a27\" data-element_type=\"widget\" data-e-type=\"widget\" data-widget_type=\"heading.default\">\n\t\t\t\t<div class=\"elementor-widget-container\">\n\t\t\t\t\t<h1 class=\"elementor-heading-title elementor-size-default\">Message From The President<\/h1>\t\t\t\t<\/div>\n\t\t\t\t<\/div>\n\t\t\t\t<div class=\"elementor-element elementor-element-34ce014 elementor-widget-divider--view-line elementor-widget elementor-widget-divider\" data-id=\"34ce014\" data-element_type=\"widget\" data-e-type=\"widget\" data-widget_type=\"divider.default\">\n\t\t\t\t<div class=\"elementor-widget-container\">\n\t\t\t\t\t\t\t<div class=\"elementor-divider\">\n\t\t\t<span class=\"elementor-divider-separator\">\n\t\t\t\t\t\t<\/span>\n\t\t<\/div>\n\t\t\t\t\t\t<\/div>\n\t\t\t\t<\/div>\n\t\t\t\t\t<\/div>\n\t\t<\/div>\n\t\t\t\t\t<\/div>\n\t\t<\/section>\n\t\t\t\t<section class=\"elementor-section elementor-top-section elementor-element elementor-element-be398a4 elementor-hidden-mobile elementor-section-boxed elementor-section-height-default elementor-section-height-default\" data-id=\"be398a4\" data-element_type=\"section\" data-e-type=\"section\">\n\t\t\t\t\t\t<div class=\"elementor-container elementor-column-gap-default\">\n\t\t\t\t\t<div class=\"elementor-column elementor-col-50 elementor-top-column elementor-element elementor-element-d0ccf14\" data-id=\"d0ccf14\" data-element_type=\"column\" data-e-type=\"column\">\n\t\t\t<div class=\"elementor-widget-wrap elementor-element-populated\">\n\t\t\t\t\t\t<div class=\"elementor-element elementor-element-2f37884 e-transform elementor-widget elementor-widget-image\" data-id=\"2f37884\" data-element_type=\"widget\" data-e-type=\"widget\" data-settings=\"{&quot;_transform_scale_effect_hover&quot;:{&quot;unit&quot;:&quot;px&quot;,&quot;size&quot;:1.04,&quot;sizes&quot;:[]},&quot;_transform_scale_effect_hover_tablet&quot;:{&quot;unit&quot;:&quot;px&quot;,&quot;size&quot;:&quot;&quot;,&quot;sizes&quot;:[]},&quot;_transform_scale_effect_hover_mobile&quot;:{&quot;unit&quot;:&quot;px&quot;,&quot;size&quot;:&quot;&quot;,&quot;sizes&quot;:[]}}\" data-widget_type=\"image.default\">\n\t\t\t\t<div class=\"elementor-widget-container\">\n\t\t\t\t\t\t\t\t\t\t\t\t\t\t\t<img fetchpriority=\"high\" decoding=\"async\" width=\"738\" height=\"1000\" src=\"https:\/\/gulmangroup.com\/wp-content\/uploads\/2023\/11\/polat-gulman-photo-2023.jpg\" class=\"attachment-full size-full wp-image-19123\" alt=\"Y\u00f6netim Kurulu Ba\u015fkan\u0131 Polat G\u00fclman \u00f6nderli\u011finde, G\u00fclman Group yenilenebilir enerji ve gayrimenkul alanlar\u0131nda de\u011fer yaratmay\u0131 \u00f6nceliklendiriyor.\" srcset=\"https:\/\/gulmangroup.com\/wp-content\/uploads\/2023\/11\/polat-gulman-photo-2023.jpg 738w, https:\/\/gulmangroup.com\/wp-content\/uploads\/2023\/11\/polat-gulman-photo-2023-221x300.jpg 221w\" sizes=\"(max-width: 738px) 100vw, 738px\" \/>\t\t\t\t\t\t\t\t\t\t\t\t\t\t\t<\/div>\n\t\t\t\t<\/div>\n\t\t\t\t\t<\/div>\n\t\t<\/div>\n\t\t\t\t<div class=\"elementor-column elementor-col-50 elementor-top-column elementor-element elementor-element-b8a1a40\" data-id=\"b8a1a40\" data-element_type=\"column\" data-e-type=\"column\">\n\t\t\t<div class=\"elementor-widget-wrap elementor-element-populated\">\n\t\t\t\t\t\t<div class=\"elementor-element elementor-element-e45b792 elementor-widget elementor-widget-heading\" data-id=\"e45b792\" data-element_type=\"widget\" data-e-type=\"widget\" data-widget_type=\"heading.default\">\n\t\t\t\t<div class=\"elementor-widget-container\">\n\t\t\t\t\t<h2 class=\"elementor-heading-title elementor-size-default translation-block\">Polat G\u00fclman<br>\nCEO &amp; Chairperson of the Board<\/h2>\t\t\t\t<\/div>\n\t\t\t\t<\/div>\n\t\t\t\t<div class=\"elementor-element elementor-element-7617190 elementor-widget elementor-widget-text-editor\" data-id=\"7617190\" data-element_type=\"widget\" data-e-type=\"widget\" data-widget_type=\"text-editor.default\">\n\t\t\t\t<div class=\"elementor-widget-container\">\n\t\t\t\t\t\t\t\t\t<div class=\"col-lg-6 col-md-6 col-sm-12 col-xs-12\"><p>As G\u00fclman Group, we continue to contribute to our country's economy with the pioneering vision, business savviness and productive and principled leadership of our founder, my father, Kemal G\u00fclman. With the strength we derive from our 70 years of experience and achievements, we are taking confident steps towards the future and working hard for G\u00fclman Group's new projects.\u00a0<\/p><p>Taking into account the changing world dynamics and the new conditions of the global economy, we consider it our most important responsibility to keep and increase our gains, as well as to create profits for all our stakeholders.<\/p><p>We consider contributing to a more livable world as a priority in all strategies and planning that will carry G\u00fclman Group into the future. Our goal is not just to do business, but to create a more sustainable world through our work and investments. We see this as a responsibility. While diversifying our investment areas, we take this principle as basis and try to fulfill entailing requirements. As a matter of fact, we have expanded in recent years our areas of activity with our renewable energy investments. While we develop new projects in line with our 70 years of experience in real estate development and commercial real estate investment, which are our main fields of activity, we will also move forward with the goal of growth in the field of renewable energy by seeking for the opportunities in the coming years.<\/p><p>As the second generation in the management of G\u00fclman Group, we will continue to take determined steps towards the future, drawing strength from our past, with the principles that we firmly embrace, our solid capital structure, and our trust based approach.<\/p><p>Kind regards<\/p><\/div>\t\t\t\t\t\t\t\t<\/div>\n\t\t\t\t<\/div>\n\t\t\t\t\t<\/div>\n\t\t<\/div>\n\t\t\t\t\t<\/div>\n\t\t<\/section>\n\t\t\t\t<section class=\"elementor-section elementor-top-section elementor-element elementor-element-1bfea23 elementor-hidden-desktop elementor-hidden-tablet elementor-section-boxed elementor-section-height-default elementor-section-height-default\" data-id=\"1bfea23\" data-element_type=\"section\" data-e-type=\"section\">\n\t\t\t\t\t\t<div class=\"elementor-container elementor-column-gap-default\">\n\t\t\t\t\t<div class=\"elementor-column elementor-col-50 elementor-top-column elementor-element elementor-element-2790d5d\" data-id=\"2790d5d\" data-element_type=\"column\" data-e-type=\"column\">\n\t\t\t<div class=\"elementor-widget-wrap elementor-element-populated\">\n\t\t\t\t\t\t<div class=\"elementor-element elementor-element-927d9f5 e-transform elementor-widget elementor-widget-image\" data-id=\"927d9f5\" data-element_type=\"widget\" data-e-type=\"widget\" data-settings=\"{&quot;_transform_scale_effect_hover&quot;:{&quot;unit&quot;:&quot;px&quot;,&quot;size&quot;:1.04,&quot;sizes&quot;:[]},&quot;_transform_scale_effect_hover_tablet&quot;:{&quot;unit&quot;:&quot;px&quot;,&quot;size&quot;:&quot;&quot;,&quot;sizes&quot;:[]},&quot;_transform_scale_effect_hover_mobile&quot;:{&quot;unit&quot;:&quot;px&quot;,&quot;size&quot;:&quot;&quot;,&quot;sizes&quot;:[]}}\" data-widget_type=\"image.default\">\n\t\t\t\t<div class=\"elementor-widget-container\">\n\t\t\t\t\t\t\t\t\t\t\t\t\t\t\t<img fetchpriority=\"high\" decoding=\"async\" width=\"738\" height=\"1000\" src=\"https:\/\/gulmangroup.com\/wp-content\/uploads\/2023\/11\/polat-gulman-photo-2023.jpg\" class=\"attachment-full size-full wp-image-19123\" alt=\"Y\u00f6netim Kurulu Ba\u015fkan\u0131 Polat G\u00fclman \u00f6nderli\u011finde, G\u00fclman Group yenilenebilir enerji ve gayrimenkul alanlar\u0131nda de\u011fer yaratmay\u0131 \u00f6nceliklendiriyor.\" srcset=\"https:\/\/gulmangroup.com\/wp-content\/uploads\/2023\/11\/polat-gulman-photo-2023.jpg 738w, https:\/\/gulmangroup.com\/wp-content\/uploads\/2023\/11\/polat-gulman-photo-2023-221x300.jpg 221w\" sizes=\"(max-width: 738px) 100vw, 738px\" \/>\t\t\t\t\t\t\t\t\t\t\t\t\t\t\t<\/div>\n\t\t\t\t<\/div>\n\t\t\t\t\t<\/div>\n\t\t<\/div>\n\t\t\t\t<div class=\"elementor-column elementor-col-50 elementor-top-column elementor-element elementor-element-cc1b80f\" data-id=\"cc1b80f\" data-element_type=\"column\" data-e-type=\"column\">\n\t\t\t<div class=\"elementor-widget-wrap elementor-element-populated\">\n\t\t\t\t\t\t<div class=\"elementor-element elementor-element-5c727a9 elementor-widget elementor-widget-text-editor\" data-id=\"5c727a9\" data-element_type=\"widget\" data-e-type=\"widget\" data-widget_type=\"text-editor.default\">\n\t\t\t\t<div class=\"elementor-widget-container\">\n\t\t\t\t\t\t\t\t\t<h3 style=\"text-align: center;\" class=\"translation-block\">Polat G\u00fclman<br>\nCEO &amp; Chairperson of the Board<\/h3>\t\t\t\t\t\t\t\t<\/div>\n\t\t\t\t<\/div>\n\t\t\t\t<div class=\"elementor-element elementor-element-5fea86f elementor-widget elementor-widget-text-editor\" data-id=\"5fea86f\" data-element_type=\"widget\" data-e-type=\"widget\" data-widget_type=\"text-editor.default\">\n\t\t\t\t<div class=\"elementor-widget-container\">\n\t\t\t\t\t\t\t\t\t<div class=\"col-lg-6 col-md-6 col-sm-12 col-xs-12\"><p>As G\u00fclman Group, we continue to contribute to our country's economy with the pioneering vision, business savviness and productive and principled leadership of our founder, my father, Kemal G\u00fclman. With the strength we derive from our 70 years of experience and achievements, we are taking confident steps towards the future and working hard for G\u00fclman Group's new projects.\u00a0<\/p><p>Taking into account the changing world dynamics and the new conditions of the global economy, we consider it our most important responsibility to keep and increase our gains, as well as to create profits for all our stakeholders.<\/p><p>We consider contributing to a more livable world as a priority in all strategies and planning that will carry G\u00fclman Group into the future. Our goal is not just to do business, but to create a more sustainable world through our work and investments. We see this as a responsibility. While diversifying our investment areas, we take this principle as basis and try to fulfill entailing requirements. As a matter of fact, we have expanded in recent years our areas of activity with our renewable energy investments. While we develop new projects in line with our 70 years of experience in real estate development and commercial real estate investment, which are our main fields of activity, we will also move forward with the goal of growth in the field of renewable energy by seeking for the opportunities in the coming years.<\/p><p>As the second generation in the management of G\u00fclman Group, we will continue to take determined steps towards the future, drawing strength from our past, with the principles that we firmly embrace, our solid capital structure, and our trust based approach.<\/p><p>Kind regards<\/p><\/div>\t\t\t\t\t\t\t\t<\/div>\n\t\t\t\t<\/div>\n\t\t\t\t\t<\/div>\n\t\t<\/div>\n\t\t\t\t\t<\/div>\n\t\t<\/section>\n\t\t\t\t<\/div>","protected":false},"excerpt":{"rendered":"<p>Ba\u015fkan\u0131n Mesaj\u0131 Polat G\u00fclman Y\u00f6netim Kurulu Ba\u015fkan\u0131 ve CEO G\u00fclman Group olarak kurucumuz, babam Kemal G\u00fclman\u2019\u0131n \u00f6nc\u00fc vizyonu, ticari zekas\u0131 ve de\u011fer yaratmay\u0131 esas alan liderli\u011fiyle T\u00fcrkiye ekonomisine hizmet vermeye devam ediyoruz. 70 y\u0131ll\u0131k bir tecr\u00fcbe ve kazan\u0131mlar\u0131m\u0131zdan ald\u0131\u011f\u0131m\u0131z g\u00fc\u00e7le, gelece\u011fe g\u00fcvenli ad\u0131mlarla ilerliyor ve G\u00fclman Group\u2019un yeni projeleri i\u00e7in canla ba\u015fla \u00e7al\u0131\u015f\u0131yoruz.\u00a0 De\u011fi\u015fen d\u00fcnya [&hellip;]<\/p>\n","protected":false},"author":38,"featured_media":0,"parent":0,"menu_order":0,"comment_status":"closed","ping_status":"closed","template":"","meta":{"footnotes":""},"class_list":["post-16133","page","type-page","status-publish","hentry"],"yoast_head":"<!-- This site is optimized with the Yoast SEO plugin v27.3 - https:\/\/yoast.com\/product\/yoast-seo-wordpress\/ -->\n<title>Polat G\u00fclman | Y\u00f6netim Kurulu Ba\u015fkan\u0131 ve CEO<\/title>\n<meta name=\"description\" content=\"G\u00fclman Group Y\u00f6netim Kurulu Ba\u015fkan\u0131 Polat G\u00fclman, s\u00fcrd\u00fcr\u00fclebilirlik oda\u011f\u0131 ve gelece\u011fe de\u011fer katan yat\u0131r\u0131m vizyonunu payla\u015f\u0131yor.\" \/>\n<meta name=\"robots\" content=\"index, follow, max-snippet:-1, max-image-preview:large, max-video-preview:-1\" \/>\n<link rel=\"canonical\" href=\"https:\/\/gulmangroup.com\/en\/presidents-message\/\" \/>\n<meta property=\"og:locale\" content=\"en_US\" \/>\n<meta property=\"og:type\" content=\"article\" \/>\n<meta property=\"og:title\" content=\"Polat G\u00fclman | Y\u00f6netim Kurulu Ba\u015fkan\u0131 ve CEO\" \/>\n<meta property=\"og:description\" content=\"G\u00fclman Group Y\u00f6netim Kurulu Ba\u015fkan\u0131 Polat G\u00fclman, s\u00fcrd\u00fcr\u00fclebilirlik oda\u011f\u0131 ve gelece\u011fe de\u011fer katan yat\u0131r\u0131m vizyonunu payla\u015f\u0131yor.\" \/>\n<meta property=\"og:url\" content=\"https:\/\/gulmangroup.com\/en\/presidents-message\/\" \/>\n<meta property=\"og:site_name\" content=\"G\u00fclman Group\" \/>\n<meta property=\"article:modified_time\" content=\"2026-01-08T14:34:19+00:00\" \/>\n<meta property=\"og:image\" content=\"https:\/\/gulmangroup.com\/wp-content\/uploads\/2023\/11\/polat-gulman-photo-2023.jpg\" \/>\n<meta name=\"twitter:card\" content=\"summary_large_image\" \/>\n<meta name=\"twitter:label1\" content=\"Est. reading time\" \/>\n\t<meta name=\"twitter:data1\" content=\"3 minutes\" \/>\n<script type=\"application\/ld+json\" class=\"yoast-schema-graph\">{\"@context\":\"https:\\\/\\\/schema.org\",\"@graph\":[{\"@type\":\"WebPage\",\"@id\":\"https:\\\/\\\/gulmangroup.com\\\/baskanin-mesaji\\\/\",\"url\":\"https:\\\/\\\/gulmangroup.com\\\/baskanin-mesaji\\\/\",\"name\":\"Polat G\u00fclman | Y\u00f6netim Kurulu Ba\u015fkan\u0131 ve CEO\",\"isPartOf\":{\"@id\":\"https:\\\/\\\/gulmangroup.com\\\/#website\"},\"primaryImageOfPage\":{\"@id\":\"https:\\\/\\\/gulmangroup.com\\\/baskanin-mesaji\\\/#primaryimage\"},\"image\":{\"@id\":\"https:\\\/\\\/gulmangroup.com\\\/baskanin-mesaji\\\/#primaryimage\"},\"thumbnailUrl\":\"https:\\\/\\\/gulmangroup.com\\\/wp-content\\\/uploads\\\/2023\\\/11\\\/polat-gulman-photo-2023.jpg\",\"datePublished\":\"2023-08-21T17:09:21+00:00\",\"dateModified\":\"2026-01-08T14:34:19+00:00\",\"description\":\"G\u00fclman Group Y\u00f6netim Kurulu Ba\u015fkan\u0131 Polat G\u00fclman, s\u00fcrd\u00fcr\u00fclebilirlik oda\u011f\u0131 ve gelece\u011fe de\u011fer katan yat\u0131r\u0131m vizyonunu payla\u015f\u0131yor.\",\"breadcrumb\":{\"@id\":\"https:\\\/\\\/gulmangroup.com\\\/baskanin-mesaji\\\/#breadcrumb\"},\"inLanguage\":\"en-US\",\"potentialAction\":[{\"@type\":\"ReadAction\",\"target\":[\"https:\\\/\\\/gulmangroup.com\\\/baskanin-mesaji\\\/\"]}]},{\"@type\":\"ImageObject\",\"inLanguage\":\"en-US\",\"@id\":\"https:\\\/\\\/gulmangroup.com\\\/baskanin-mesaji\\\/#primaryimage\",\"url\":\"https:\\\/\\\/gulmangroup.com\\\/wp-content\\\/uploads\\\/2023\\\/11\\\/polat-gulman-photo-2023.jpg\",\"contentUrl\":\"https:\\\/\\\/gulmangroup.com\\\/wp-content\\\/uploads\\\/2023\\\/11\\\/polat-gulman-photo-2023.jpg\"},{\"@type\":\"BreadcrumbList\",\"@id\":\"https:\\\/\\\/gulmangroup.com\\\/baskanin-mesaji\\\/#breadcrumb\",\"itemListElement\":[{\"@type\":\"ListItem\",\"position\":1,\"name\":\"Ana sayfa\",\"item\":\"https:\\\/\\\/gulmangroup.com\\\/\"},{\"@type\":\"ListItem\",\"position\":2,\"name\":\"Ba\u015fkan\u0131n Mesaj\u0131\"}]},{\"@type\":\"WebSite\",\"@id\":\"https:\\\/\\\/gulmangroup.com\\\/#website\",\"url\":\"https:\\\/\\\/gulmangroup.com\\\/\",\"name\":\"G\u00fclman Group\",\"description\":\"Yar\u0131n i\u00e7in bug\u00fcnden\",\"publisher\":{\"@id\":\"https:\\\/\\\/gulmangroup.com\\\/#organization\"},\"potentialAction\":[{\"@type\":\"SearchAction\",\"target\":{\"@type\":\"EntryPoint\",\"urlTemplate\":\"https:\\\/\\\/gulmangroup.com\\\/?s={search_term_string}\"},\"query-input\":{\"@type\":\"PropertyValueSpecification\",\"valueRequired\":true,\"valueName\":\"search_term_string\"}}],\"inLanguage\":\"en-US\"},{\"@type\":\"Organization\",\"@id\":\"https:\\\/\\\/gulmangroup.com\\\/#organization\",\"name\":\"G\u00fclman Group\",\"url\":\"https:\\\/\\\/gulmangroup.com\\\/\",\"logo\":{\"@type\":\"ImageObject\",\"inLanguage\":\"en-US\",\"@id\":\"https:\\\/\\\/gulmangroup.com\\\/#\\\/schema\\\/logo\\\/image\\\/\",\"url\":\"https:\\\/\\\/gulmangroup.com\\\/wp-content\\\/uploads\\\/2022\\\/01\\\/gulmangroup-logo-70.yil_.svg\",\"contentUrl\":\"https:\\\/\\\/gulmangroup.com\\\/wp-content\\\/uploads\\\/2022\\\/01\\\/gulmangroup-logo-70.yil_.svg\",\"width\":259,\"height\":67,\"caption\":\"G\u00fclman Group\"},\"image\":{\"@id\":\"https:\\\/\\\/gulmangroup.com\\\/#\\\/schema\\\/logo\\\/image\\\/\"}}]}<\/script>\n<!-- \/ Yoast SEO plugin. -->","yoast_head_json":{"title":"Polat G\u00fclman | Chairman of the Board and CEO","description":"Polat G\u00fclman, Chairman of the Board of G\u00fclman Group, shares the company's focus on sustainability and its vision of investing in ways that add value to the future.","robots":{"index":"index","follow":"follow","max-snippet":"max-snippet:-1","max-image-preview":"max-image-preview:large","max-video-preview":"max-video-preview:-1"},"canonical":"https:\/\/gulmangroup.com\/en\/presidents-message\/","og_locale":"en_US","og_type":"article","og_title":"Polat G\u00fclman | Y\u00f6netim Kurulu Ba\u015fkan\u0131 ve CEO","og_description":"G\u00fclman Group Y\u00f6netim Kurulu Ba\u015fkan\u0131 Polat G\u00fclman, s\u00fcrd\u00fcr\u00fclebilirlik oda\u011f\u0131 ve gelece\u011fe de\u011fer katan yat\u0131r\u0131m vizyonunu payla\u015f\u0131yor.","og_url":"https:\/\/gulmangroup.com\/en\/presidents-message\/","og_site_name":"G\u00fclman Group","article_modified_time":"2026-01-08T14:34:19+00:00","og_image":[{"url":"https:\/\/gulmangroup.com\/wp-content\/uploads\/2023\/11\/polat-gulman-photo-2023.jpg","type":"","width":"","height":""}],"twitter_card":"summary_large_image","twitter_misc":{"Est. reading time":"3 minutes"},"schema":{"@context":"https:\/\/schema.org","@graph":[{"@type":"WebPage","@id":"https:\/\/gulmangroup.com\/baskanin-mesaji\/","url":"https:\/\/gulmangroup.com\/baskanin-mesaji\/","name":"Polat G\u00fclman | Chairman of the Board and CEO","isPartOf":{"@id":"https:\/\/gulmangroup.com\/#website"},"primaryImageOfPage":{"@id":"https:\/\/gulmangroup.com\/baskanin-mesaji\/#primaryimage"},"image":{"@id":"https:\/\/gulmangroup.com\/baskanin-mesaji\/#primaryimage"},"thumbnailUrl":"https:\/\/gulmangroup.com\/wp-content\/uploads\/2023\/11\/polat-gulman-photo-2023.jpg","datePublished":"2023-08-21T17:09:21+00:00","dateModified":"2026-01-08T14:34:19+00:00","description":"Polat G\u00fclman, Chairman of the Board of G\u00fclman Group, shares the company's focus on sustainability and its vision of investing in ways that add value to the future.","breadcrumb":{"@id":"https:\/\/gulmangroup.com\/baskanin-mesaji\/#breadcrumb"},"inLanguage":"en-US","potentialAction":[{"@type":"ReadAction","target":["https:\/\/gulmangroup.com\/baskanin-mesaji\/"]}]},{"@type":"ImageObject","inLanguage":"en-US","@id":"https:\/\/gulmangroup.com\/baskanin-mesaji\/#primaryimage","url":"https:\/\/gulmangroup.com\/wp-content\/uploads\/2023\/11\/polat-gulman-photo-2023.jpg","contentUrl":"https:\/\/gulmangroup.com\/wp-content\/uploads\/2023\/11\/polat-gulman-photo-2023.jpg"},{"@type":"BreadcrumbList","@id":"https:\/\/gulmangroup.com\/baskanin-mesaji\/#breadcrumb","itemListElement":[{"@type":"ListItem","position":1,"name":"Ana sayfa","item":"https:\/\/gulmangroup.com\/"},{"@type":"ListItem","position":2,"name":"Ba\u015fkan\u0131n Mesaj\u0131"}]},{"@type":"WebSite","@id":"https:\/\/gulmangroup.com\/#website","url":"https:\/\/gulmangroup.com\/","name":"Gulman Group","description":"Yar\u0131n i\u00e7in bug\u00fcnden","publisher":{"@id":"https:\/\/gulmangroup.com\/#organization"},"potentialAction":[{"@type":"SearchAction","target":{"@type":"EntryPoint","urlTemplate":"https:\/\/gulmangroup.com\/?s={search_term_string}"},"query-input":{"@type":"PropertyValueSpecification","valueRequired":true,"valueName":"search_term_string"}}],"inLanguage":"en-US"},{"@type":"Organization","@id":"https:\/\/gulmangroup.com\/#organization","name":"Gulman Group","url":"https:\/\/gulmangroup.com\/","logo":{"@type":"ImageObject","inLanguage":"en-US","@id":"https:\/\/gulmangroup.com\/#\/schema\/logo\/image\/","url":"https:\/\/gulmangroup.com\/wp-content\/uploads\/2022\/01\/gulmangroup-logo-70.yil_.svg","contentUrl":"https:\/\/gulmangroup.com\/wp-content\/uploads\/2022\/01\/gulmangroup-logo-70.yil_.svg","width":259,"height":67,"caption":"G\u00fclman Group"},"image":{"@id":"https:\/\/gulmangroup.com\/#\/schema\/logo\/image\/"}}]}},"_links":{"self":[{"href":"https:\/\/gulmangroup.com\/en\/wp-json\/wp\/v2\/pages\/16133","targetHints":{"allow":["GET"]}}],"collection":[{"href":"https:\/\/gulmangroup.com\/en\/wp-json\/wp\/v2\/pages"}],"about":[{"href":"https:\/\/gulmangroup.com\/en\/wp-json\/wp\/v2\/types\/page"}],"author":[{"embeddable":true,"href":"https:\/\/gulmangroup.com\/en\/wp-json\/wp\/v2\/users\/38"}],"replies":[{"embeddable":true,"href":"https:\/\/gulmangroup.com\/en\/wp-json\/wp\/v2\/comments?post=16133"}],"version-history":[{"count":73,"href":"https:\/\/gulmangroup.com\/en\/wp-json\/wp\/v2\/pages\/16133\/revisions"}],"predecessor-version":[{"id":20075,"href":"https:\/\/gulmangroup.com\/en\/wp-json\/wp\/v2\/pages\/16133\/revisions\/20075"}],"wp:attachment":[{"href":"https:\/\/gulmangroup.com\/en\/wp-json\/wp\/v2\/media?parent=16133"}],"curies":[{"name":"wp","href":"https:\/\/api.w.org\/{rel}","templated":true}]}}