{"id":16096,"date":"2023-08-21T16:17:33","date_gmt":"2023-08-21T13:17:33","guid":{"rendered":"https:\/\/gulmangroup.com\/?page_id=16096"},"modified":"2026-01-08T16:45:38","modified_gmt":"2026-01-08T13:45:38","slug":"aboutus","status":"publish","type":"page","link":"https:\/\/gulmangroup.com\/en\/aboutus\/","title":{"rendered":"About us"},"content":{"rendered":"<div data-elementor-type=\"wp-page\" data-elementor-id=\"16096\" class=\"elementor elementor-16096\" data-elementor-post-type=\"page\">\n\t\t\t\t\t\t<section class=\"elementor-section elementor-top-section elementor-element elementor-element-1dd9c83 elementor-section-boxed elementor-section-height-default elementor-section-height-default\" data-id=\"1dd9c83\" data-element_type=\"section\" data-e-type=\"section\">\n\t\t\t\t\t\t<div class=\"elementor-container elementor-column-gap-default\">\n\t\t\t\t\t<div class=\"elementor-column elementor-col-100 elementor-top-column elementor-element elementor-element-99d22c1\" data-id=\"99d22c1\" data-element_type=\"column\" data-e-type=\"column\">\n\t\t\t<div class=\"elementor-widget-wrap elementor-element-populated\">\n\t\t\t\t\t\t<div class=\"elementor-element elementor-element-fd025f8 elementor-widget elementor-widget-heading\" data-id=\"fd025f8\" data-element_type=\"widget\" data-e-type=\"widget\" data-widget_type=\"heading.default\">\n\t\t\t\t<div class=\"elementor-widget-container\">\n\t\t\t\t\t<h1 class=\"elementor-heading-title elementor-size-default\">ABOUT US<\/h1>\t\t\t\t<\/div>\n\t\t\t\t<\/div>\n\t\t\t\t<div class=\"elementor-element elementor-element-4449e1d6 elementor-widget-divider--view-line_text elementor-widget-divider--element-align-left elementor-widget elementor-widget-divider\" data-id=\"4449e1d6\" data-element_type=\"widget\" data-e-type=\"widget\" data-widget_type=\"divider.default\">\n\t\t\t\t<div class=\"elementor-widget-container\">\n\t\t\t\t\t\t\t<div class=\"elementor-divider\">\n\t\t\t<span class=\"elementor-divider-separator\">\n\t\t\t\t\t\t<\/span>\n\t\t<\/div>\n\t\t\t\t\t\t<\/div>\n\t\t\t\t<\/div>\n\t\t\t\t\t<\/div>\n\t\t<\/div>\n\t\t\t\t\t<\/div>\n\t\t<\/section>\n\t\t\t\t<section class=\"elementor-section elementor-top-section elementor-element elementor-element-155765da elementor-hidden-mobile elementor-section-boxed elementor-section-height-default elementor-section-height-default\" data-id=\"155765da\" data-element_type=\"section\" data-e-type=\"section\" data-settings=\"{&quot;background_background&quot;:&quot;gradient&quot;}\">\n\t\t\t\t\t\t\t<div class=\"elementor-background-overlay\"><\/div>\n\t\t\t\t\t\t\t<div class=\"elementor-container elementor-column-gap-narrow\">\n\t\t\t\t\t<div class=\"elementor-column elementor-col-50 elementor-top-column elementor-element elementor-element-5cd2a77\" data-id=\"5cd2a77\" data-element_type=\"column\" data-e-type=\"column\" data-settings=\"{&quot;background_background&quot;:&quot;classic&quot;}\">\n\t\t\t<div class=\"elementor-widget-wrap elementor-element-populated\">\n\t\t\t\t\t\t<div class=\"elementor-element elementor-element-25a8c9a7 elementor-widget elementor-widget-image\" data-id=\"25a8c9a7\" data-element_type=\"widget\" data-e-type=\"widget\" data-widget_type=\"image.default\">\n\t\t\t\t<div class=\"elementor-widget-container\">\n\t\t\t\t\t\t\t\t\t\t\t\t\t\t\t<img fetchpriority=\"high\" decoding=\"async\" width=\"800\" height=\"937\" src=\"https:\/\/gulmangroup.com\/wp-content\/uploads\/2023\/09\/gulman-parkplaza.jpg\" class=\"attachment-large size-large wp-image-16764\" alt=\"G\u00fclman Group, 1952\u2019de uluslararas\u0131 ticaretle ba\u015flad\u0131\u011f\u0131 yolculu\u011funu gayrimenkul, lojistik ve yenilenebilir enerji alanlar\u0131ndaki yat\u0131r\u0131mlar\u0131yla s\u00fcrd\u00fcr\u00fcyor.\" srcset=\"https:\/\/gulmangroup.com\/wp-content\/uploads\/2023\/09\/gulman-parkplaza.jpg 854w, https:\/\/gulmangroup.com\/wp-content\/uploads\/2023\/09\/gulman-parkplaza-256x300.jpg 256w, https:\/\/gulmangroup.com\/wp-content\/uploads\/2023\/09\/gulman-parkplaza-768x899.jpg 768w\" sizes=\"(max-width: 800px) 100vw, 800px\" \/>\t\t\t\t\t\t\t\t\t\t\t\t\t\t\t<\/div>\n\t\t\t\t<\/div>\n\t\t\t\t\t<\/div>\n\t\t<\/div>\n\t\t\t\t<div class=\"elementor-column elementor-col-50 elementor-top-column elementor-element elementor-element-49459493\" data-id=\"49459493\" data-element_type=\"column\" data-e-type=\"column\">\n\t\t\t<div class=\"elementor-widget-wrap elementor-element-populated\">\n\t\t\t\t\t\t<div class=\"elementor-element elementor-element-38b659c elementor-widget__width-initial elementor-widget elementor-widget-text-editor\" data-id=\"38b659c\" data-element_type=\"widget\" data-e-type=\"widget\" data-widget_type=\"text-editor.default\">\n\t\t\t\t<div class=\"elementor-widget-container\">\n\t\t\t\t\t\t\t\t\t<p style=\"text-align: left;\"><span style=\"color: #000000;\">G\u00fclman Group, founded in 1952 to operate in the field of international trade,  has diversified its field of activity over the years and has focused on the real estate sector since 1977. Since this date, it has undertaken pioneering projects in the sector by investing in housing, offices and warehouses in the field of real estate investment.<\/span><\/p><p style=\"text-align: left;\"><span style=\"color: #000000;\"><strong>We draw strength from our past and walk towards the future with excitement!<\/strong><\/span><\/p><p style=\"text-align: left;\"><span style=\"color: #000000;\">Among the real estate projects implemented by G\u00fclman Group to date includes Maslak Park Plaza, Ulus Tepe Mansions, Nest Ortak\u00f6y Residences, \u00dcsk\u00fcdar University Campus, Tuzla Warehouse, \u00c7ay\u0131rova Logistics Facility, Gebze Yonca Site, Sunset in Bodrum, Do\u011falkaya and Fiera Vista Houses. In addition to these lists is the Hipodrom Shopping Center project in Bodrum.<\/span><\/p><p style=\"text-align: left;\"><span style=\"color: #000000;\">G\u00fclman Group has focused on logistics and storage projects since 2015, and added the renewable energy sector to its investment areas in 2020.<\/span><\/p><p style=\"text-align: left;\"><span style=\"color: #000000;\">G\u00fclman Group, which invests in solar power plants for a more sustainable energy supply and a more livable future, currently includes Kayalar SPP in Mu\u011fla Milas, Yaz\u0131r SPP in Antalya Finike, G\u00fclkent SPP in Isparta Kule\u00f6n\u00fc and Kazan SPP operating in Ankara Kahramankazan in its portfolio.<\/span><\/p><p style=\"text-align: left;\"><span style=\"color: #000000;\">The group's investment firm, G\u00fclman Ventures, also invests in the future through venture capital funds.<\/span><\/p>\t\t\t\t\t\t\t\t<\/div>\n\t\t\t\t<\/div>\n\t\t\t\t\t<\/div>\n\t\t<\/div>\n\t\t\t\t\t<\/div>\n\t\t<\/section>\n\t\t\t\t<section class=\"elementor-section elementor-top-section elementor-element elementor-element-61e7283 elementor-hidden-desktop elementor-hidden-tablet elementor-section-boxed elementor-section-height-default elementor-section-height-default\" data-id=\"61e7283\" data-element_type=\"section\" data-e-type=\"section\" data-settings=\"{&quot;background_background&quot;:&quot;gradient&quot;}\">\n\t\t\t\t\t\t\t<div class=\"elementor-background-overlay\"><\/div>\n\t\t\t\t\t\t\t<div class=\"elementor-container elementor-column-gap-narrow\">\n\t\t\t\t\t<div class=\"elementor-column elementor-col-50 elementor-top-column elementor-element elementor-element-be55ef2\" data-id=\"be55ef2\" data-element_type=\"column\" data-e-type=\"column\" data-settings=\"{&quot;background_background&quot;:&quot;classic&quot;}\">\n\t\t\t<div class=\"elementor-widget-wrap elementor-element-populated\">\n\t\t\t\t\t\t<div class=\"elementor-element elementor-element-2e0cd7e elementor-widget elementor-widget-image\" data-id=\"2e0cd7e\" data-element_type=\"widget\" data-e-type=\"widget\" data-widget_type=\"image.default\">\n\t\t\t\t<div class=\"elementor-widget-container\">\n\t\t\t\t\t\t\t\t\t\t\t\t\t\t\t<img decoding=\"async\" width=\"854\" height=\"1000\" src=\"https:\/\/gulmangroup.com\/wp-content\/uploads\/2023\/09\/gulman-parkplaza.jpg\" class=\"attachment-full size-full wp-image-16764\" alt=\"G\u00fclman Group, 1952\u2019de uluslararas\u0131 ticaretle ba\u015flad\u0131\u011f\u0131 yolculu\u011funu gayrimenkul, lojistik ve yenilenebilir enerji alanlar\u0131ndaki yat\u0131r\u0131mlar\u0131yla s\u00fcrd\u00fcr\u00fcyor.\" srcset=\"https:\/\/gulmangroup.com\/wp-content\/uploads\/2023\/09\/gulman-parkplaza.jpg 854w, https:\/\/gulmangroup.com\/wp-content\/uploads\/2023\/09\/gulman-parkplaza-256x300.jpg 256w, https:\/\/gulmangroup.com\/wp-content\/uploads\/2023\/09\/gulman-parkplaza-768x899.jpg 768w\" sizes=\"(max-width: 854px) 100vw, 854px\" \/>\t\t\t\t\t\t\t\t\t\t\t\t\t\t\t<\/div>\n\t\t\t\t<\/div>\n\t\t\t\t\t<\/div>\n\t\t<\/div>\n\t\t\t\t<div class=\"elementor-column elementor-col-50 elementor-top-column elementor-element elementor-element-ee378ef\" data-id=\"ee378ef\" data-element_type=\"column\" data-e-type=\"column\">\n\t\t\t<div class=\"elementor-widget-wrap elementor-element-populated\">\n\t\t\t\t\t\t<div class=\"elementor-element elementor-element-0aafc79 elementor-widget elementor-widget-text-editor\" data-id=\"0aafc79\" data-element_type=\"widget\" data-e-type=\"widget\" data-widget_type=\"text-editor.default\">\n\t\t\t\t<div class=\"elementor-widget-container\">\n\t\t\t\t\t\t\t\t\t<p><span style=\"color: #000000;\">G\u00fclman Group, founded in 1952 to operate in the field of international trade,  has diversified its field of activity over the years and has focused on the real estate sector since 1977. Since this date, it has undertaken pioneering projects in the sector by investing in housing, offices and warehouses in the field of real estate investment.<\/span><\/p><p><strong><span style=\"color: #000000;\">We draw strength from our past and walk towards the future with excitement!<\/span><\/strong><\/p><p><span style=\"color: #000000;\">Among the real estate projects implemented by G\u00fclman Group to date includes Maslak Park Plaza, Ulus Tepe Mansions, Nest Ortak\u00f6y Residences, \u00dcsk\u00fcdar University Campus, Tuzla Warehouse, \u00c7ay\u0131rova Logistics Facility, Gebze Yonca Site, Sunset in Bodrum, Do\u011falkaya and Fiera Vista Houses. In addition to these lists is the Hipodrom Shopping Center project in Bodrum.<\/span><\/p><p><span style=\"color: #000000;\">G\u00fclman Group has focused on logistics and storage projects since 2015, and added the renewable energy sector to its investment areas in 2020.<\/span><\/p><p><span style=\"color: #000000;\">G\u00fclman Group, which invests in solar power plants for a more sustainable energy supply and a more livable future, currently includes Kayalar SPP in Mu\u011fla Milas, Yaz\u0131r SPP in Antalya Finike, G\u00fclkent SPP in Isparta Kule\u00f6n\u00fc and Kazan SPP operating in Ankara Kahramankazan in its portfolio.<\/span><\/p><p><span style=\"color: #000000;\">The group's investment firm, G\u00fclman Ventures, also invests in the future through venture capital funds.<\/span><\/p>\t\t\t\t\t\t\t\t<\/div>\n\t\t\t\t<\/div>\n\t\t\t\t\t<\/div>\n\t\t<\/div>\n\t\t\t\t\t<\/div>\n\t\t<\/section>\n\t\t\t\t<\/div>","protected":false},"excerpt":{"rendered":"<p>HAKKIMIZDA Uluslararas\u0131 ticaret alan\u0131nda faaliyet g\u00f6stermek \u00fczere 1952 y\u0131l\u0131nda kurulan G\u00fclman Group y\u0131llar i\u00e7inde faaliyet alan\u0131n\u0131 \u00e7e\u015fitlendirmi\u015f ve 1977 y\u0131l\u0131ndan itibaren gayrimenkul sekt\u00f6r\u00fcne odaklanm\u0131\u015ft\u0131r. Bu tarihten itibaren de gayrimenkul yat\u0131r\u0131mc\u0131l\u0131\u011f\u0131 alan\u0131nda konut, ofis ve depo yat\u0131r\u0131mlar\u0131 ger\u00e7ekle\u015ftirerek sekt\u00f6rde \u00f6nc\u00fc projelere imza atm\u0131\u015ft\u0131r. Ge\u00e7mi\u015fimizden g\u00fc\u00e7 al\u0131yor, gelece\u011fe heyecanla y\u00fcr\u00fcyoruz! G\u00fclman Group\u2019un bug\u00fcne kadar hayata ge\u00e7irdi\u011fi gayrimenkul [&hellip;]<\/p>\n","protected":false},"author":38,"featured_media":0,"parent":0,"menu_order":0,"comment_status":"closed","ping_status":"closed","template":"","meta":{"footnotes":""},"class_list":["post-16096","page","type-page","status-publish","hentry"],"yoast_head":"<!-- This site is optimized with the Yoast SEO plugin v27.3 - https:\/\/yoast.com\/product\/yoast-seo-wordpress\/ -->\n<title>G\u00fclman Group | Hakk\u0131m\u0131zda<\/title>\n<meta name=\"description\" content=\"K\u00f6kl\u00fc ge\u00e7mi\u015fi ve g\u00fc\u00e7l\u00fc vizyonuyla gayrimenkul, lojistik ve yenilenebilir enerji alanlar\u0131nda de\u011fer yaratan G\u00fclman Group ile tan\u0131\u015f\u0131n.\" \/>\n<meta name=\"robots\" content=\"index, follow, max-snippet:-1, max-image-preview:large, max-video-preview:-1\" \/>\n<link rel=\"canonical\" href=\"https:\/\/gulmangroup.com\/en\/aboutus\/\" \/>\n<meta property=\"og:locale\" content=\"en_US\" \/>\n<meta property=\"og:type\" content=\"article\" \/>\n<meta property=\"og:title\" content=\"G\u00fclman Group | Hakk\u0131m\u0131zda\" \/>\n<meta property=\"og:description\" content=\"K\u00f6kl\u00fc ge\u00e7mi\u015fi ve g\u00fc\u00e7l\u00fc vizyonuyla gayrimenkul, lojistik ve yenilenebilir enerji alanlar\u0131nda de\u011fer yaratan G\u00fclman Group ile tan\u0131\u015f\u0131n.\" \/>\n<meta property=\"og:url\" content=\"https:\/\/gulmangroup.com\/en\/aboutus\/\" \/>\n<meta property=\"og:site_name\" content=\"G\u00fclman Group\" \/>\n<meta property=\"article:modified_time\" content=\"2026-01-08T13:45:38+00:00\" \/>\n<meta property=\"og:image\" content=\"https:\/\/gulmangroup.com\/wp-content\/uploads\/2023\/09\/gulman-parkplaza.jpg\" \/>\n<meta name=\"twitter:card\" content=\"summary_large_image\" \/>\n<meta name=\"twitter:label1\" content=\"Est. reading time\" \/>\n\t<meta name=\"twitter:data1\" content=\"3 minutes\" \/>\n<script type=\"application\/ld+json\" class=\"yoast-schema-graph\">{\"@context\":\"https:\\\/\\\/schema.org\",\"@graph\":[{\"@type\":\"WebPage\",\"@id\":\"https:\\\/\\\/gulmangroup.com\\\/hakkimizda\\\/\",\"url\":\"https:\\\/\\\/gulmangroup.com\\\/hakkimizda\\\/\",\"name\":\"G\u00fclman Group | Hakk\u0131m\u0131zda\",\"isPartOf\":{\"@id\":\"https:\\\/\\\/gulmangroup.com\\\/#website\"},\"primaryImageOfPage\":{\"@id\":\"https:\\\/\\\/gulmangroup.com\\\/hakkimizda\\\/#primaryimage\"},\"image\":{\"@id\":\"https:\\\/\\\/gulmangroup.com\\\/hakkimizda\\\/#primaryimage\"},\"thumbnailUrl\":\"https:\\\/\\\/gulmangroup.com\\\/wp-content\\\/uploads\\\/2023\\\/09\\\/gulman-parkplaza.jpg\",\"datePublished\":\"2023-08-21T13:17:33+00:00\",\"dateModified\":\"2026-01-08T13:45:38+00:00\",\"description\":\"K\u00f6kl\u00fc ge\u00e7mi\u015fi ve g\u00fc\u00e7l\u00fc vizyonuyla gayrimenkul, lojistik ve yenilenebilir enerji alanlar\u0131nda de\u011fer yaratan G\u00fclman Group ile tan\u0131\u015f\u0131n.\",\"breadcrumb\":{\"@id\":\"https:\\\/\\\/gulmangroup.com\\\/hakkimizda\\\/#breadcrumb\"},\"inLanguage\":\"en-US\",\"potentialAction\":[{\"@type\":\"ReadAction\",\"target\":[\"https:\\\/\\\/gulmangroup.com\\\/hakkimizda\\\/\"]}]},{\"@type\":\"ImageObject\",\"inLanguage\":\"en-US\",\"@id\":\"https:\\\/\\\/gulmangroup.com\\\/hakkimizda\\\/#primaryimage\",\"url\":\"https:\\\/\\\/gulmangroup.com\\\/wp-content\\\/uploads\\\/2023\\\/09\\\/gulman-parkplaza.jpg\",\"contentUrl\":\"https:\\\/\\\/gulmangroup.com\\\/wp-content\\\/uploads\\\/2023\\\/09\\\/gulman-parkplaza.jpg\"},{\"@type\":\"BreadcrumbList\",\"@id\":\"https:\\\/\\\/gulmangroup.com\\\/hakkimizda\\\/#breadcrumb\",\"itemListElement\":[{\"@type\":\"ListItem\",\"position\":1,\"name\":\"Ana sayfa\",\"item\":\"https:\\\/\\\/gulmangroup.com\\\/\"},{\"@type\":\"ListItem\",\"position\":2,\"name\":\"Hakk\u0131m\u0131zda\"}]},{\"@type\":\"WebSite\",\"@id\":\"https:\\\/\\\/gulmangroup.com\\\/#website\",\"url\":\"https:\\\/\\\/gulmangroup.com\\\/\",\"name\":\"G\u00fclman Group\",\"description\":\"Yar\u0131n i\u00e7in bug\u00fcnden\",\"publisher\":{\"@id\":\"https:\\\/\\\/gulmangroup.com\\\/#organization\"},\"potentialAction\":[{\"@type\":\"SearchAction\",\"target\":{\"@type\":\"EntryPoint\",\"urlTemplate\":\"https:\\\/\\\/gulmangroup.com\\\/?s={search_term_string}\"},\"query-input\":{\"@type\":\"PropertyValueSpecification\",\"valueRequired\":true,\"valueName\":\"search_term_string\"}}],\"inLanguage\":\"en-US\"},{\"@type\":\"Organization\",\"@id\":\"https:\\\/\\\/gulmangroup.com\\\/#organization\",\"name\":\"G\u00fclman Group\",\"url\":\"https:\\\/\\\/gulmangroup.com\\\/\",\"logo\":{\"@type\":\"ImageObject\",\"inLanguage\":\"en-US\",\"@id\":\"https:\\\/\\\/gulmangroup.com\\\/#\\\/schema\\\/logo\\\/image\\\/\",\"url\":\"https:\\\/\\\/gulmangroup.com\\\/wp-content\\\/uploads\\\/2022\\\/01\\\/gulmangroup-logo-70.yil_.svg\",\"contentUrl\":\"https:\\\/\\\/gulmangroup.com\\\/wp-content\\\/uploads\\\/2022\\\/01\\\/gulmangroup-logo-70.yil_.svg\",\"width\":259,\"height\":67,\"caption\":\"G\u00fclman Group\"},\"image\":{\"@id\":\"https:\\\/\\\/gulmangroup.com\\\/#\\\/schema\\\/logo\\\/image\\\/\"}}]}<\/script>\n<!-- \/ Yoast SEO plugin. -->","yoast_head_json":{"title":"G\u00fclman Group | About Us","description":"K\u00f6kl\u00fc ge\u00e7mi\u015fi ve g\u00fc\u00e7l\u00fc vizyonuyla gayrimenkul, lojistik ve yenilenebilir enerji alanlar\u0131nda de\u011fer yaratan G\u00fclman Group ile tan\u0131\u015f\u0131n.","robots":{"index":"index","follow":"follow","max-snippet":"max-snippet:-1","max-image-preview":"max-image-preview:large","max-video-preview":"max-video-preview:-1"},"canonical":"https:\/\/gulmangroup.com\/en\/aboutus\/","og_locale":"en_US","og_type":"article","og_title":"G\u00fclman Group | Hakk\u0131m\u0131zda","og_description":"K\u00f6kl\u00fc ge\u00e7mi\u015fi ve g\u00fc\u00e7l\u00fc vizyonuyla gayrimenkul, lojistik ve yenilenebilir enerji alanlar\u0131nda de\u011fer yaratan G\u00fclman Group ile tan\u0131\u015f\u0131n.","og_url":"https:\/\/gulmangroup.com\/en\/aboutus\/","og_site_name":"G\u00fclman Group","article_modified_time":"2026-01-08T13:45:38+00:00","og_image":[{"url":"https:\/\/gulmangroup.com\/wp-content\/uploads\/2023\/09\/gulman-parkplaza.jpg","type":"","width":"","height":""}],"twitter_card":"summary_large_image","twitter_misc":{"Est. reading time":"3 minutes"},"schema":{"@context":"https:\/\/schema.org","@graph":[{"@type":"WebPage","@id":"https:\/\/gulmangroup.com\/hakkimizda\/","url":"https:\/\/gulmangroup.com\/hakkimizda\/","name":"G\u00fclman Group | About Us","isPartOf":{"@id":"https:\/\/gulmangroup.com\/#website"},"primaryImageOfPage":{"@id":"https:\/\/gulmangroup.com\/hakkimizda\/#primaryimage"},"image":{"@id":"https:\/\/gulmangroup.com\/hakkimizda\/#primaryimage"},"thumbnailUrl":"https:\/\/gulmangroup.com\/wp-content\/uploads\/2023\/09\/gulman-parkplaza.jpg","datePublished":"2023-08-21T13:17:33+00:00","dateModified":"2026-01-08T13:45:38+00:00","description":"K\u00f6kl\u00fc ge\u00e7mi\u015fi ve g\u00fc\u00e7l\u00fc vizyonuyla gayrimenkul, lojistik ve yenilenebilir enerji alanlar\u0131nda de\u011fer yaratan G\u00fclman Group ile tan\u0131\u015f\u0131n.","breadcrumb":{"@id":"https:\/\/gulmangroup.com\/hakkimizda\/#breadcrumb"},"inLanguage":"en-US","potentialAction":[{"@type":"ReadAction","target":["https:\/\/gulmangroup.com\/hakkimizda\/"]}]},{"@type":"ImageObject","inLanguage":"en-US","@id":"https:\/\/gulmangroup.com\/hakkimizda\/#primaryimage","url":"https:\/\/gulmangroup.com\/wp-content\/uploads\/2023\/09\/gulman-parkplaza.jpg","contentUrl":"https:\/\/gulmangroup.com\/wp-content\/uploads\/2023\/09\/gulman-parkplaza.jpg"},{"@type":"BreadcrumbList","@id":"https:\/\/gulmangroup.com\/hakkimizda\/#breadcrumb","itemListElement":[{"@type":"ListItem","position":1,"name":"Ana sayfa","item":"https:\/\/gulmangroup.com\/"},{"@type":"ListItem","position":2,"name":"Hakk\u0131m\u0131zda"}]},{"@type":"WebSite","@id":"https:\/\/gulmangroup.com\/#website","url":"https:\/\/gulmangroup.com\/","name":"Gulman Group","description":"Yar\u0131n i\u00e7in bug\u00fcnden","publisher":{"@id":"https:\/\/gulmangroup.com\/#organization"},"potentialAction":[{"@type":"SearchAction","target":{"@type":"EntryPoint","urlTemplate":"https:\/\/gulmangroup.com\/?s={search_term_string}"},"query-input":{"@type":"PropertyValueSpecification","valueRequired":true,"valueName":"search_term_string"}}],"inLanguage":"en-US"},{"@type":"Organization","@id":"https:\/\/gulmangroup.com\/#organization","name":"Gulman Group","url":"https:\/\/gulmangroup.com\/","logo":{"@type":"ImageObject","inLanguage":"en-US","@id":"https:\/\/gulmangroup.com\/#\/schema\/logo\/image\/","url":"https:\/\/gulmangroup.com\/wp-content\/uploads\/2022\/01\/gulmangroup-logo-70.yil_.svg","contentUrl":"https:\/\/gulmangroup.com\/wp-content\/uploads\/2022\/01\/gulmangroup-logo-70.yil_.svg","width":259,"height":67,"caption":"G\u00fclman Group"},"image":{"@id":"https:\/\/gulmangroup.com\/#\/schema\/logo\/image\/"}}]}},"_links":{"self":[{"href":"https:\/\/gulmangroup.com\/en\/wp-json\/wp\/v2\/pages\/16096","targetHints":{"allow":["GET"]}}],"collection":[{"href":"https:\/\/gulmangroup.com\/en\/wp-json\/wp\/v2\/pages"}],"about":[{"href":"https:\/\/gulmangroup.com\/en\/wp-json\/wp\/v2\/types\/page"}],"author":[{"embeddable":true,"href":"https:\/\/gulmangroup.com\/en\/wp-json\/wp\/v2\/users\/38"}],"replies":[{"embeddable":true,"href":"https:\/\/gulmangroup.com\/en\/wp-json\/wp\/v2\/comments?post=16096"}],"version-history":[{"count":9,"href":"https:\/\/gulmangroup.com\/en\/wp-json\/wp\/v2\/pages\/16096\/revisions"}],"predecessor-version":[{"id":19708,"href":"https:\/\/gulmangroup.com\/en\/wp-json\/wp\/v2\/pages\/16096\/revisions\/19708"}],"wp:attachment":[{"href":"https:\/\/gulmangroup.com\/en\/wp-json\/wp\/v2\/media?parent=16096"}],"curies":[{"name":"wp","href":"https:\/\/api.w.org\/{rel}","templated":true}]}}